{"id":29884,"date":"2025-02-18T16:56:29","date_gmt":"2025-02-18T16:56:29","guid":{"rendered":"https:\/\/uip.pt\/?page_id=29884"},"modified":"2025-02-19T11:58:15","modified_gmt":"2025-02-19T11:58:15","slug":"programa-de-cumprimento-normativo","status":"publish","type":"page","link":"https:\/\/uip.pt\/pt-pt\/programa-de-cumprimento-normativo\/","title":{"rendered":"Programa de Cumprimento Normativo"},"content":{"rendered":"<p>[vc_section css=&#8221;.vc_custom_1568286774433{padding-top: 65px !important;padding-bottom: 60px !important;}&#8221;][vc_row css=&#8221;.vc_custom_1568131559187{background-color: #ffffff !important;}&#8221;][vc_column css=&#8221;.vc_custom_1568115859213{margin-top: 0px !important;padding-top: 0px !important;}&#8221;][vc_row_inner][vc_column_inner width=&#8221;5\/6&#8243; offset=&#8221;vc_col-lg-10 vc_col-md-10 vc_col-xs-12&#8243;][vc_custom_heading text=&#8221;Plano de Preven\u00e7\u00e3o de Riscos de Corrup\u00e7\u00e3o e Infra\u00e7\u00f5es Conexas do Grupo UIP (PPR)&#8221; font_container=&#8221;tag:h5|text_align:left|color:%23414042|line_height:26px&#8221; use_theme_fonts=&#8221;yes&#8221; css=&#8221;.vc_custom_1739966205356{margin-top: 10px !important;padding-right: 3% !important;}&#8221; link=&#8221;url:https%3A%2F%2Fuip.pt%2Fwp-content%2Fuploads%2F2025%2F02%2FPPR-Grupo-UIP.pdf|||&#8221;][vc_custom_heading text=&#8221;C\u00f3digo de Conduta Anticorrup\u00e7\u00e3o do Grupo UIP&#8221; font_container=&#8221;tag:h5|text_align:left|color:%23414042|line_height:26px&#8221; use_theme_fonts=&#8221;yes&#8221; css=&#8221;.vc_custom_1739964320366{margin-top: 10px !important;padding-right: 3% !important;}&#8221; link=&#8221;url:https%3A%2F%2Fuip.pt%2Fwp-content%2Fuploads%2F2025%2F02%2FCodigo-Conduta-Anticorrupcao-Grupo-UIP.pdf|||&#8221;][vc_custom_heading text=&#8221;Canal de Den\u00fancias do Grupo UIP&#8221; font_container=&#8221;tag:h5|text_align:left|color:%23414042|line_height:26px&#8221; use_theme_fonts=&#8221;yes&#8221; css=&#8221;.vc_custom_1739964336934{margin-top: 10px !important;padding-right: 3% !important;}&#8221; link=&#8221;url:https%3A%2F%2Fuip.pt%2Fwp-content%2Fuploads%2F2025%2F02%2FCanal-de-Denuncias-Interno-Grupo-UIP.pdf|||&#8221;][vc_single_image image=&#8221;10367&#8243; img_size=&#8221;full&#8221; css=&#8221;.vc_custom_1568233669982{margin-top: 0px !important;margin-bottom: 0px !important;padding-top: 15px !important;padding-bottom: 0px !important;}&#8221;][\/vc_column_inner][\/vc_row_inner][\/vc_column][\/vc_row][\/vc_section]<\/p>\n","protected":false},"excerpt":{"rendered":"<p>[vc_section css=&#8221;.vc_custom_1568286774433{padding-top: 65px !important;padding-bottom: 60px !important;}&#8221;][vc_row css=&#8221;.vc_custom_1568131559187{background-color: #ffffff !important;}&#8221;][vc_column css=&#8221;.vc_custom_1568115859213{margin-top: 0px !important;padding-top: 0px !important;}&#8221;][vc_row_inner][vc_column_inner width=&#8221;5\/6&#8243; offset=&#8221;vc_col-lg-10 vc_col-md-10 vc_col-xs-12&#8243;][vc_custom_heading text=&#8221;Plano de Preven\u00e7\u00e3o de Riscos de Corrup\u00e7\u00e3o e Infra\u00e7\u00f5es Conexas do Grupo UIP (PPR)&#8221; font_container=&#8221;tag:h5|text_align:left|color:%23414042|line_height:26px&#8221; use_theme_fonts=&#8221;yes&#8221; css=&#8221;.vc_custom_1739966205356{margin-top: 10px !important;padding-right: 3% !important;}&#8221; link=&#8221;url:https%3A%2F%2Fuip.pt%2Fwp-content%2Fuploads%2F2025%2F02%2FPPR-Grupo-UIP.pdf|||&#8221;][vc_custom_heading text=&#8221;C\u00f3digo de Conduta Anticorrup\u00e7\u00e3o do Grupo UIP&#8221; font_container=&#8221;tag:h5|text_align:left|color:%23414042|line_height:26px&#8221; use_theme_fonts=&#8221;yes&#8221; css=&#8221;.vc_custom_1739964320366{margin-top: 10px !important;padding-right: 3% !important;}&#8221; link=&#8221;url:https%3A%2F%2Fuip.pt%2Fwp-content%2Fuploads%2F2025%2F02%2FCodigo-Conduta-Anticorrupcao-Grupo-UIP.pdf|||&#8221;][vc_custom_heading [&hellip;]<\/p>\n","protected":false},"author":51,"featured_media":0,"parent":0,"menu_order":0,"comment_status":"closed","ping_status":"closed","template":"","meta":[],"acf":[],"yoast_head":"<!-- This site is optimized with the Yoast SEO plugin v17.8 - https:\/\/yoast.com\/wordpress\/plugins\/seo\/ -->\n<title>Programa de Cumprimento Normativo - UIP<\/title>\n<meta name=\"robots\" content=\"index, follow, max-snippet:-1, max-image-preview:large, max-video-preview:-1\" \/>\n<link rel=\"canonical\" href=\"https:\/\/uip.pt\/regulatory-compliance-programme\/\" \/>\n<meta property=\"og:locale\" content=\"pt_PT\" \/>\n<meta property=\"og:type\" content=\"article\" \/>\n<meta property=\"og:title\" content=\"Programa de Cumprimento Normativo - UIP\" \/>\n<meta property=\"og:description\" content=\"[vc_section css=&#8221;.vc_custom_1568286774433{padding-top: 65px !important;padding-bottom: 60px !important;}&#8221;][vc_row css=&#8221;.vc_custom_1568131559187{background-color: #ffffff !important;}&#8221;][vc_column css=&#8221;.vc_custom_1568115859213{margin-top: 0px !important;padding-top: 0px !important;}&#8221;][vc_row_inner][vc_column_inner width=&#8221;5\/6&#8243; offset=&#8221;vc_col-lg-10 vc_col-md-10 vc_col-xs-12&#8243;][vc_custom_heading text=&#8221;Plano de Preven\u00e7\u00e3o de Riscos de Corrup\u00e7\u00e3o e Infra\u00e7\u00f5es Conexas do Grupo UIP (PPR)&#8221; font_container=&#8221;tag:h5|text_align:left|color:%23414042|line_height:26px&#8221; use_theme_fonts=&#8221;yes&#8221; css=&#8221;.vc_custom_1739966205356{margin-top: 10px !important;padding-right: 3% !important;}&#8221; link=&#8221;url:https%3A%2F%2Fuip.pt%2Fwp-content%2Fuploads%2F2025%2F02%2FPPR-Grupo-UIP.pdf|||&#8221;][vc_custom_heading text=&#8221;C\u00f3digo de Conduta Anticorrup\u00e7\u00e3o do Grupo UIP&#8221; font_container=&#8221;tag:h5|text_align:left|color:%23414042|line_height:26px&#8221; use_theme_fonts=&#8221;yes&#8221; css=&#8221;.vc_custom_1739964320366{margin-top: 10px !important;padding-right: 3% !important;}&#8221; link=&#8221;url:https%3A%2F%2Fuip.pt%2Fwp-content%2Fuploads%2F2025%2F02%2FCodigo-Conduta-Anticorrupcao-Grupo-UIP.pdf|||&#8221;][vc_custom_heading [&hellip;]\" \/>\n<meta property=\"og:url\" content=\"https:\/\/uip.pt\/regulatory-compliance-programme\/\" \/>\n<meta property=\"og:site_name\" content=\"UIP\" \/>\n<meta property=\"article:modified_time\" content=\"2025-02-19T11:58:15+00:00\" \/>\n<meta property=\"og:image\" content=\"https:\/\/uip.pt\/wp-content\/uploads\/2020\/09\/UIP-job-offer.jpg\" \/>\n\t<meta property=\"og:image:width\" content=\"1920\" \/>\n\t<meta property=\"og:image:height\" content=\"1080\" \/>\n<meta name=\"twitter:card\" content=\"summary_large_image\" \/>\n<meta name=\"twitter:label1\" content=\"Tempo estimado de leitura\" \/>\n\t<meta name=\"twitter:data1\" content=\"1 minuto\" \/>\n<script type=\"application\/ld+json\" class=\"yoast-schema-graph\">{\"@context\":\"https:\/\/schema.org\",\"@graph\":[{\"@type\":\"WebSite\",\"@id\":\"https:\/\/uip.pt\/#website\",\"url\":\"https:\/\/uip.pt\/\",\"name\":\"UIP\",\"description\":\"\",\"potentialAction\":[{\"@type\":\"SearchAction\",\"target\":{\"@type\":\"EntryPoint\",\"urlTemplate\":\"https:\/\/uip.pt\/?s={search_term_string}\"},\"query-input\":\"required name=search_term_string\"}],\"inLanguage\":\"pt-PT\"},{\"@type\":\"WebPage\",\"@id\":\"https:\/\/uip.pt\/regulatory-compliance-programme\/#webpage\",\"url\":\"https:\/\/uip.pt\/regulatory-compliance-programme\/\",\"name\":\"Programa de Cumprimento Normativo - UIP\",\"isPartOf\":{\"@id\":\"https:\/\/uip.pt\/#website\"},\"datePublished\":\"2025-02-18T16:56:29+00:00\",\"dateModified\":\"2025-02-19T11:58:15+00:00\",\"breadcrumb\":{\"@id\":\"https:\/\/uip.pt\/regulatory-compliance-programme\/#breadcrumb\"},\"inLanguage\":\"pt-PT\",\"potentialAction\":[{\"@type\":\"ReadAction\",\"target\":[\"https:\/\/uip.pt\/regulatory-compliance-programme\/\"]}]},{\"@type\":\"BreadcrumbList\",\"@id\":\"https:\/\/uip.pt\/regulatory-compliance-programme\/#breadcrumb\",\"itemListElement\":[{\"@type\":\"ListItem\",\"position\":1,\"name\":\"Home\",\"item\":\"https:\/\/uip.pt\/pt-pt\/\"},{\"@type\":\"ListItem\",\"position\":2,\"name\":\"Programa de Cumprimento Normativo\"}]}]}<\/script>\n<!-- \/ Yoast SEO plugin. -->","yoast_head_json":{"title":"Programa de Cumprimento Normativo - UIP","robots":{"index":"index","follow":"follow","max-snippet":"max-snippet:-1","max-image-preview":"max-image-preview:large","max-video-preview":"max-video-preview:-1"},"canonical":"https:\/\/uip.pt\/regulatory-compliance-programme\/","og_locale":"pt_PT","og_type":"article","og_title":"Programa de Cumprimento Normativo - UIP","og_description":"[vc_section css=&#8221;.vc_custom_1568286774433{padding-top: 65px !important;padding-bottom: 60px !important;}&#8221;][vc_row css=&#8221;.vc_custom_1568131559187{background-color: #ffffff !important;}&#8221;][vc_column css=&#8221;.vc_custom_1568115859213{margin-top: 0px !important;padding-top: 0px !important;}&#8221;][vc_row_inner][vc_column_inner width=&#8221;5\/6&#8243; offset=&#8221;vc_col-lg-10 vc_col-md-10 vc_col-xs-12&#8243;][vc_custom_heading text=&#8221;Plano de Preven\u00e7\u00e3o de Riscos de Corrup\u00e7\u00e3o e Infra\u00e7\u00f5es Conexas do Grupo UIP (PPR)&#8221; font_container=&#8221;tag:h5|text_align:left|color:%23414042|line_height:26px&#8221; use_theme_fonts=&#8221;yes&#8221; css=&#8221;.vc_custom_1739966205356{margin-top: 10px !important;padding-right: 3% !important;}&#8221; link=&#8221;url:https%3A%2F%2Fuip.pt%2Fwp-content%2Fuploads%2F2025%2F02%2FPPR-Grupo-UIP.pdf|||&#8221;][vc_custom_heading text=&#8221;C\u00f3digo de Conduta Anticorrup\u00e7\u00e3o do Grupo UIP&#8221; font_container=&#8221;tag:h5|text_align:left|color:%23414042|line_height:26px&#8221; use_theme_fonts=&#8221;yes&#8221; css=&#8221;.vc_custom_1739964320366{margin-top: 10px !important;padding-right: 3% !important;}&#8221; link=&#8221;url:https%3A%2F%2Fuip.pt%2Fwp-content%2Fuploads%2F2025%2F02%2FCodigo-Conduta-Anticorrupcao-Grupo-UIP.pdf|||&#8221;][vc_custom_heading [&hellip;]","og_url":"https:\/\/uip.pt\/regulatory-compliance-programme\/","og_site_name":"UIP","article_modified_time":"2025-02-19T11:58:15+00:00","og_image":[{"width":1920,"height":1080,"url":"https:\/\/uip.pt\/wp-content\/uploads\/2020\/09\/UIP-job-offer.jpg","type":"image\/jpeg"}],"twitter_card":"summary_large_image","twitter_misc":{"Tempo estimado de leitura":"1 minuto"},"schema":{"@context":"https:\/\/schema.org","@graph":[{"@type":"WebSite","@id":"https:\/\/uip.pt\/#website","url":"https:\/\/uip.pt\/","name":"UIP","description":"","potentialAction":[{"@type":"SearchAction","target":{"@type":"EntryPoint","urlTemplate":"https:\/\/uip.pt\/?s={search_term_string}"},"query-input":"required name=search_term_string"}],"inLanguage":"pt-PT"},{"@type":"WebPage","@id":"https:\/\/uip.pt\/regulatory-compliance-programme\/#webpage","url":"https:\/\/uip.pt\/regulatory-compliance-programme\/","name":"Programa de Cumprimento Normativo - UIP","isPartOf":{"@id":"https:\/\/uip.pt\/#website"},"datePublished":"2025-02-18T16:56:29+00:00","dateModified":"2025-02-19T11:58:15+00:00","breadcrumb":{"@id":"https:\/\/uip.pt\/regulatory-compliance-programme\/#breadcrumb"},"inLanguage":"pt-PT","potentialAction":[{"@type":"ReadAction","target":["https:\/\/uip.pt\/regulatory-compliance-programme\/"]}]},{"@type":"BreadcrumbList","@id":"https:\/\/uip.pt\/regulatory-compliance-programme\/#breadcrumb","itemListElement":[{"@type":"ListItem","position":1,"name":"Home","item":"https:\/\/uip.pt\/pt-pt\/"},{"@type":"ListItem","position":2,"name":"Programa de Cumprimento Normativo"}]}]}},"_links":{"self":[{"href":"https:\/\/uip.pt\/pt-pt\/wp-json\/wp\/v2\/pages\/29884"}],"collection":[{"href":"https:\/\/uip.pt\/pt-pt\/wp-json\/wp\/v2\/pages"}],"about":[{"href":"https:\/\/uip.pt\/pt-pt\/wp-json\/wp\/v2\/types\/page"}],"author":[{"embeddable":true,"href":"https:\/\/uip.pt\/pt-pt\/wp-json\/wp\/v2\/users\/51"}],"replies":[{"embeddable":true,"href":"https:\/\/uip.pt\/pt-pt\/wp-json\/wp\/v2\/comments?post=29884"}],"version-history":[{"count":4,"href":"https:\/\/uip.pt\/pt-pt\/wp-json\/wp\/v2\/pages\/29884\/revisions"}],"predecessor-version":[{"id":29907,"href":"https:\/\/uip.pt\/pt-pt\/wp-json\/wp\/v2\/pages\/29884\/revisions\/29907"}],"wp:attachment":[{"href":"https:\/\/uip.pt\/pt-pt\/wp-json\/wp\/v2\/media?parent=29884"}],"curies":[{"name":"wp","href":"https:\/\/api.w.org\/{rel}","templated":true}]}}