{"id":19837,"date":"2022-01-05T13:38:05","date_gmt":"2022-01-05T13:38:05","guid":{"rendered":"https:\/\/uip.pt\/?page_id=19837"},"modified":"2023-02-28T15:35:48","modified_gmt":"2023-02-28T15:35:48","slug":"quinta-marques-gomes","status":"publish","type":"page","link":"https:\/\/uip.pt\/pt-pt\/hoteis-e-resorts\/quinta-marques-gomes\/","title":{"rendered":"Quinta Marques Gomes"},"content":{"rendered":"<p>[vc_section css=&#8221;.vc_custom_1568314160149{padding-top: 60px !important;padding-bottom: 10px !important;}&#8221;][vc_row css=&#8221;.vc_custom_1567796671489{background-color: #ffffff !important;}&#8221;][vc_column css=&#8221;.vc_custom_1519362639897{margin-top: 0px !important;padding-top: 0px !important;}&#8221;][vc_custom_heading text=&#8221;Complexo&#8221; font_container=&#8221;tag:h2|font_size:35px|text_align:center|line_height:42px&#8221; use_theme_fonts=&#8221;yes&#8221; css=&#8221;.vc_custom_1640088422352{margin-top: 10px !important;margin-bottom: 0px !important;padding-top: 0px !important;padding-bottom: 0px !important;}&#8221;][vc_single_image image=&#8221;10367&#8243; img_size=&#8221;full&#8221; alignment=&#8221;center&#8221; css=&#8221;.vc_custom_1568114726106{margin-top: 15px !important;margin-bottom: 0px !important;padding-top: 0px !important;padding-bottom: 0px !important;}&#8221;][vc_row_inner css=&#8221;.vc_custom_1568285261548{padding-top: 35px !important;}&#8221;][vc_column_inner offset=&#8221;vc_col-lg-6 vc_col-md-6 vc_col-xs-12&#8243; css=&#8221;.vc_custom_1568043535762{padding-bottom: 5% !important;}&#8221;][vc_column_text css=&#8221;.vc_custom_1640088449339{padding-right: 3% !important;}&#8221;]A Quinta Marques Gomes foi desenhada para ser o seu para\u00edso, todos os dias do ano.<\/p>\n<p>Debru\u00e7ada sobre a Foz do Rio Douro, a Quinta Marques Gomes, com 270.000m2, \u00e9 um condom\u00ednio residencial, dotado com extensas \u00e1reas verdes onde est\u00e3o assegurados os mais elevados padr\u00f5es de qualidade e sustentabilidade ambiental.<\/p>\n<p>Uma habita\u00e7\u00e3o mais confort\u00e1vel, onde se encontra um equil\u00edbrio entre o <em>design<\/em>, a funcionalidade de cada \u00e1rea e a integra\u00e7\u00e3o no espa\u00e7o, permitindo assim usufruir da m\u00e1xima qualidade de vida. Aqui ser\u00e3o postas \u00e0 sua considera\u00e7\u00e3o diversas op\u00e7\u00f5es de projetos de arquitetura, que ser\u00e3o customizados e adaptados \u00e0 medida das suas necessidades. Todas iguais no conceito, mas todas diferentes nas necessidades.[\/vc_column_text][\/vc_column_inner][vc_column_inner offset=&#8221;vc_col-lg-6 vc_col-md-6 vc_col-xs-12&#8243;]<div class=\"rt-image-slider element-one owl-carousel\"><div class=\"rt-image-slider-item\" style=\"background-image:url(https:\/\/uip.pt\/wp-content\/uploads\/2020\/04\/UIP-Quinta-Marques-Gomes-Garden-Villa.jpg)\"><div class=\"holder matchHeight\"><div class=\"data\"><h5>UIP-Quinta-Marques-Gomes-Garden-Villa<\/h5><div class=\"zoom-focus\"><a class=\"fancybox\" href=\"https:\/\/uip.pt\/wp-content\/uploads\/2020\/04\/UIP-Quinta-Marques-Gomes-Garden-Villa.jpg\"><i class=\"fa fa-camera\"><\/i><\/a><\/div><p><\/p><\/div><\/div><\/div><div class=\"rt-image-slider-item\" style=\"background-image:url(https:\/\/uip.pt\/wp-content\/uploads\/2020\/04\/UIP-Quinta-Marques-Gomes-River-Villa.jpg)\"><div class=\"holder matchHeight\"><div class=\"data\"><h5>UIP-Quinta-Marques-Gomes-River-Villa<\/h5><div class=\"zoom-focus\"><a class=\"fancybox\" href=\"https:\/\/uip.pt\/wp-content\/uploads\/2020\/04\/UIP-Quinta-Marques-Gomes-River-Villa.jpg\"><i class=\"fa fa-camera\"><\/i><\/a><\/div><p><\/p><\/div><\/div><\/div><div class=\"rt-image-slider-item\" style=\"background-image:url(https:\/\/uip.pt\/wp-content\/uploads\/2021\/12\/quinta-marques-gomes-twin-villa.jpg)\"><div class=\"holder matchHeight\"><div class=\"data\"><h5>quinta-marques-gomes-twin-villa<\/h5><div class=\"zoom-focus\"><a class=\"fancybox\" href=\"https:\/\/uip.pt\/wp-content\/uploads\/2021\/12\/quinta-marques-gomes-twin-villa.jpg\"><i class=\"fa fa-camera\"><\/i><\/a><\/div><p><\/p><\/div><\/div><\/div><div class=\"rt-image-slider-item\" style=\"background-image:url(https:\/\/uip.pt\/wp-content\/uploads\/2021\/12\/quinta-marques-gomes-residence.jpg)\"><div class=\"holder matchHeight\"><div class=\"data\"><h5>quinta-marques-gomes-residence<\/h5><div class=\"zoom-focus\"><a class=\"fancybox\" href=\"https:\/\/uip.pt\/wp-content\/uploads\/2021\/12\/quinta-marques-gomes-residence.jpg\"><i class=\"fa fa-camera\"><\/i><\/a><\/div><p><\/p><\/div><\/div><\/div><\/div>[vc_empty_space height=&#8221;70px&#8221;][\/vc_column_inner][\/vc_row_inner][\/vc_column][\/vc_row][\/vc_section][vc_section full_width=&#8221;stretch_row&#8221; css=&#8221;.vc_custom_1568314246951{padding-top: 60px !important;padding-bottom: 80px !important;background-color: #f9f9f9 !important;}&#8221;][vc_row][vc_column css=&#8221;.vc_custom_1519362639897{margin-top: 0px !important;padding-top: 0px !important;}&#8221;][vc_custom_heading text=&#8221;Real Estate&#8221; font_container=&#8221;tag:h2|font_size:35px|text_align:center|line_height:42px&#8221; use_theme_fonts=&#8221;yes&#8221; css=&#8221;.vc_custom_1568127383181{margin-top: 10px !important;margin-bottom: 0px !important;padding-top: 0px !important;padding-bottom: 0px !important;}&#8221;][vc_single_image image=&#8221;10367&#8243; img_size=&#8221;full&#8221; alignment=&#8221;center&#8221; css=&#8221;.vc_custom_1568114795776{margin-top: 15px !important;margin-bottom: 0px !important;padding-top: 0px !important;padding-bottom: 0px !important;}&#8221;][vc_row_inner][vc_column_inner offset=&#8221;vc_col-lg-offset-3 vc_col-lg-6 vc_col-md-offset-3 vc_col-md-6 vc_col-xs-12&#8243;][vc_column_text css=&#8221;.vc_custom_1640088480312{margin-bottom: 20px !important;}&#8221;]<\/p>\n<p style=\"text-align: center;\">Este empreendimento foi desenhado para proporcionar \u00e0s fam\u00edlias uma qualidade de vida incompar\u00e1vel, onde nada ficou esquecido, e onde tudo foi pensado para o seu bem-estar.<\/p>\n<p>&nbsp;<\/p>\n<p class=\"p1\" style=\"text-align: left;\"><span class=\"s1\">\u00a0<\/span><\/p>\n<p>[\/vc_column_text][\/vc_column_inner][\/vc_row_inner][\/vc_column][\/vc_row][vc_row css=&#8221;.vc_custom_1568128037618{background-position: 0 0 !important;background-repeat: no-repeat !important;}&#8221;][vc_column]<div class=\"rt-tab element-four rt-9051ff44-95d2-8 \"  style=\"width:\"><ul class=\"nav-tabs nav-justified\"><li data-tab-icon=false class=\"matchHeight\"><a class=\"text-left\" data-toggle=\"tab\" href=\"#f114b307-187b-9\">RIVER VILLAS<\/a><\/li><li data-tab-icon=false class=\"matchHeight\"><a class=\"text-left\" data-toggle=\"tab\" href=\"#9c699026-5df1-1\">TWIN VILLAS<\/a><\/li><li data-tab-icon=false class=\"matchHeight\"><a class=\"text-left\" data-toggle=\"tab\" href=\"#20affc68-9080-7\">GARDEN VILLAS<\/a><\/li><li data-tab-icon=false class=\"matchHeight\"><a class=\"text-left\" data-toggle=\"tab\" href=\"#9051ff44-95d2-8\">RESIDENCES<\/a><\/li><\/ul><div class=\"tab-content \"><div id=\"f114b307-187b-9\" class=\"tab-pane fade\"><\/p>\n<h3>RIVER VILLAS<\/h3>\n<p>&nbsp;<\/p>\n<div class=\"tab-inner-section\">\n<div class=\"row\">\n<div class=\"col-sm-12\">\n<div class=\"contect-section\">\n<p><img loading=\"lazy\" class=\"wp-image-16888 alignleft\" src=\"https:\/\/uip.pt\/wp-content\/uploads\/2021\/03\/UIP-QuintaMarquesGomes-2019-3-1024x576.jpg\" alt=\"\" width=\"444\" height=\"250\" srcset=\"https:\/\/uip.pt\/wp-content\/uploads\/2021\/03\/UIP-QuintaMarquesGomes-2019-3-1024x576.jpg 1024w, https:\/\/uip.pt\/wp-content\/uploads\/2021\/03\/UIP-QuintaMarquesGomes-2019-3-1024x576-300x169.jpg 300w, https:\/\/uip.pt\/wp-content\/uploads\/2021\/03\/UIP-QuintaMarquesGomes-2019-3-1024x576-768x432.jpg 768w\" sizes=\"(max-width: 444px) 100vw, 444px\" \/><\/p>\n<p>Abra\u00e7adas pelo cen\u00e1rio natural que as rodeia, as River Villas desfrutam de uma paisagem \u00fanica e eterna sobre a cidade do Porto, sobre a foz do Rio Douro e que se estende pelo oceano Atl\u00e2ntico, uma caracter\u00edstica que as torna naturalmente exclusivas.<br \/>\nEstas Villas, com generosas \u00e1reas de terreno e constru\u00e7\u00e3o, ser\u00e3o desenhadas \u00e0 imagem do seu gosto e necessidades.<\/p>\n<p>\u00c1reas de terreno: entre os 1100 m2 e os 3016 m2<br \/>\n\u00c1reas de habita\u00e7\u00e3o: entre 316 m2 e os 379 m2<br \/>\n\u00c1rea de estacionamento: vari\u00e1vel<\/p>\n<\/div>\n<\/div>\n<\/div>\n<\/div>\n<p><\/div><div id=\"9c699026-5df1-1\" class=\"tab-pane fade\"><\/p>\n<div class=\"tab-inner-section\">\n<div class=\"row\">\n<div class=\"col-sm-12\">\n<div class=\"contect-section\">\n<h3>TWIN VILLAS<\/h3>\n<p>&nbsp;<\/p>\n<\/div>\n<div class=\"contect-section\">\n<p class=\"p1\"><span class=\"s1\"><img loading=\"lazy\" class=\"wp-image-19673 alignright\" src=\"https:\/\/uip.pt\/wp-content\/uploads\/2021\/12\/quinta-marques-gomes-twin-villa-1-300x169.jpg\" alt=\"Twin Villa\" width=\"444\" height=\"250\" srcset=\"https:\/\/uip.pt\/wp-content\/uploads\/2021\/12\/quinta-marques-gomes-twin-villa-1-300x169.jpg 300w, https:\/\/uip.pt\/wp-content\/uploads\/2021\/12\/quinta-marques-gomes-twin-villa-1.jpg 444w\" sizes=\"(max-width: 444px) 100vw, 444px\" \/>Habita\u00e7\u00f5es de conce\u00e7\u00e3o equilibrada e funcional situadas na zona mais elevada do terreno, controlando do alto o horizonte e toda a paisagem que vai desde a Ponte da Arr\u00e1bida at\u00e9 \u00e0 linha infinita do oceano Atl\u00e2ntico.<br \/>\n<\/span><span class=\"s1\">Estas Twin Villas t\u00eam tamb\u00e9m a possibilidade de serem customizadas, permitindo-lhe escolher a solu\u00e7\u00e3o que melhor se adapta ao seu estilo de vida.<\/span><\/p>\n<p style=\"padding-bottom: 100px;\">\u00c1reas de terreno: entre os 434 m2 e os 1250 m2<br \/>\n\u00c1reas de habita\u00e7\u00e3o: entre 207 m2 e os 252 m2<br \/>\n\u00c1rea de estacionamento: vari\u00e1vel<\/p>\n<\/div>\n<\/div>\n<\/div>\n<\/div>\n<p><\/div><div id=\"20affc68-9080-7\" class=\"tab-pane fade\"><\/p>\n<div class=\"tab-inner-section\">\n<div class=\"row\">\n<div class=\"col-sm-12\">\n<div class=\"contect-section\">\n<h3>GARDEN VILLAS<\/h3>\n<p>&nbsp;<\/p>\n<\/div>\n<p><img loading=\"lazy\" class=\"alignleft wp-image-16902\" src=\"https:\/\/uip.pt\/wp-content\/uploads\/2021\/03\/Lote074_ExteriorB_FINAL-1024x576.jpg\" alt=\"\" width=\"444\" height=\"250\" srcset=\"https:\/\/uip.pt\/wp-content\/uploads\/2021\/03\/Lote074_ExteriorB_FINAL-1024x576.jpg 1024w, https:\/\/uip.pt\/wp-content\/uploads\/2021\/03\/Lote074_ExteriorB_FINAL-1024x576-300x169.jpg 300w, https:\/\/uip.pt\/wp-content\/uploads\/2021\/03\/Lote074_ExteriorB_FINAL-1024x576-768x432.jpg 768w\" sizes=\"(max-width: 444px) 100vw, 444px\" \/><\/p>\n<div class=\"contect-section\">\n<p class=\"p1\"><span class=\"s1\">Em perfeita combina\u00e7\u00e3o entre o ambiente natural e a comodidade, as Villas de quatro frentes, na sua maioria t\u00e9rreas, est\u00e3o situadas no centro do condom\u00ednio, com vistas que se prolongam pelo espa\u00e7o verde do jardim comum da Quinta Marques Gomes.<br \/>\nEstas Villas tem dispon\u00edveis v\u00e1rias op\u00e7\u00f5es de projetos que lhe permitem escolher a solu\u00e7\u00e3o que melhor se adapta ao seu estilo de vida.<\/span><\/p>\n<\/div>\n<div class=\"contect-section\">\n<p style=\"padding-bottom: 100px;\">\u00c1reas de terreno: entre os 761 m2 e os 777 m2<br \/>\n\u00c1reas de habita\u00e7\u00e3o: entre 252 m2 e os 316 m2<br \/>\n\u00c1rea de estacionamento: vari\u00e1vel<\/p>\n<\/div>\n<\/div>\n<\/div>\n<\/div>\n<p><\/div><div id=\"9051ff44-95d2-8\" class=\"tab-pane fade\"><\/p>\n<div class=\"tab-inner-section\">\n<div class=\"row\">\n<div class=\"col-sm-12\">\n<div class=\"contect-section\">\n<h3>RESIDENCES<\/h3>\n<p>&nbsp;<\/p>\n<\/div>\n<p><img loading=\"lazy\" class=\"alignleft wp-image-19641\" src=\"https:\/\/uip.pt\/wp-content\/uploads\/2019\/10\/quinta-marques-gomes-residences-300x169.jpg\" alt=\"Quinta Marques Gomes Residences\" width=\"444\" height=\"250\" srcset=\"https:\/\/uip.pt\/wp-content\/uploads\/2019\/10\/quinta-marques-gomes-residences-300x169.jpg 300w, https:\/\/uip.pt\/wp-content\/uploads\/2019\/10\/quinta-marques-gomes-residences-768x432.jpg 768w, https:\/\/uip.pt\/wp-content\/uploads\/2019\/10\/quinta-marques-gomes-residences-1024x576.jpg 1024w, https:\/\/uip.pt\/wp-content\/uploads\/2019\/10\/quinta-marques-gomes-residences.jpg 1920w\" sizes=\"(max-width: 444px) 100vw, 444px\" \/><\/p>\n<div class=\"contect-section\">\n<p class=\"p1\">Assegurando elevados padr\u00f5es de qualidade construtiva e de sustentabilidade ambiental e energ\u00e9tica, os apartamentos Quinta Marques Gomes s\u00e3o a op\u00e7\u00e3o perfeita para viver, enquanto desfruta da paisagem harmoniosa sobre o rio Douro e a cidade do Porto.<\/p>\n<\/div>\n<div class=\"contect-section\">\n<p style=\"padding-bottom: 100px;\">Cada lote \u00e9 constitu\u00eddo por 16 apartamentos que se subdividem em tipologias T2, T3 e T4.<\/p>\n<\/div>\n<\/div>\n<\/div>\n<\/div>\n<p><\/div><\/div><\/div>[\/vc_column][\/vc_row][\/vc_section][vc_section css=&#8221;.vc_custom_1568314666399{padding-top: 60px !important;background-color: #ffffff !important;}&#8221;][vc_row css=&#8221;.vc_custom_1568127418656{background-color: #ffffff !important;}&#8221;][vc_column css=&#8221;.vc_custom_1519362639897{margin-top: 0px !important;padding-top: 0px !important;}&#8221;][vc_custom_heading text=&#8221;Galeria&#8221; font_container=&#8221;tag:h2|font_size:35px|text_align:center|line_height:42px&#8221; use_theme_fonts=&#8221;yes&#8221; css=&#8221;.vc_custom_1570635262827{margin-top: 10px !important;margin-bottom: 0px !important;padding-top: 0px !important;padding-bottom: 0px !important;}&#8221;][vc_single_image image=&#8221;10367&#8243; img_size=&#8221;full&#8221; alignment=&#8221;center&#8221; css=&#8221;.vc_custom_1568114795776{margin-top: 15px !important;margin-bottom: 0px !important;padding-top: 0px !important;padding-bottom: 0px !important;}&#8221;][vc_empty_space height=&#8221;30px&#8221;][vc_raw_html]JTVCZW52aXJhLWdhbGxlcnklMjBzbHVnJTNEJTIycXVpbnRhLW1hcnF1ZXMtZ29tZXMlMjIlNUQ=[\/vc_raw_html][\/vc_column][\/vc_row][\/vc_section]<\/p>\n","protected":false},"excerpt":{"rendered":"<p>[vc_section css=&#8221;.vc_custom_1568314160149{padding-top: 60px !important;padding-bottom: 10px !important;}&#8221;][vc_row css=&#8221;.vc_custom_1567796671489{background-color: #ffffff !important;}&#8221;][vc_column css=&#8221;.vc_custom_1519362639897{margin-top: 0px !important;padding-top: 0px !important;}&#8221;][vc_custom_heading text=&#8221;Complexo&#8221; font_container=&#8221;tag:h2|font_size:35px|text_align:center|line_height:42px&#8221; use_theme_fonts=&#8221;yes&#8221; css=&#8221;.vc_custom_1640088422352{margin-top: 10px !important;margin-bottom: 0px !important;padding-top: 0px !important;padding-bottom: 0px !important;}&#8221;][vc_single_image image=&#8221;10367&#8243; img_size=&#8221;full&#8221; alignment=&#8221;center&#8221; css=&#8221;.vc_custom_1568114726106{margin-top: 15px !important;margin-bottom: 0px !important;padding-top: 0px !important;padding-bottom: 0px !important;}&#8221;][vc_row_inner css=&#8221;.vc_custom_1568285261548{padding-top: 35px !important;}&#8221;][vc_column_inner offset=&#8221;vc_col-lg-6 vc_col-md-6 vc_col-xs-12&#8243; css=&#8221;.vc_custom_1568043535762{padding-bottom: 5% !important;}&#8221;][vc_column_text css=&#8221;.vc_custom_1640088449339{padding-right: 3% !important;}&#8221;]A Quinta Marques Gomes foi desenhada [&hellip;]<\/p>\n","protected":false},"author":1,"featured_media":0,"parent":11783,"menu_order":0,"comment_status":"closed","ping_status":"closed","template":"","meta":[],"acf":[],"yoast_head":"<!-- This site is optimized with the Yoast SEO plugin v17.8 - https:\/\/yoast.com\/wordpress\/plugins\/seo\/ -->\n<title>Quinta Marques Gomes - UIP<\/title>\n<meta name=\"robots\" content=\"index, follow, max-snippet:-1, max-image-preview:large, max-video-preview:-1\" \/>\n<link rel=\"canonical\" href=\"https:\/\/uip.pt\/pt-pt\/hoteis-e-resorts\/quinta-marques-gomes\/\" \/>\n<meta property=\"og:locale\" content=\"pt_PT\" \/>\n<meta property=\"og:type\" content=\"article\" \/>\n<meta property=\"og:title\" content=\"Quinta Marques Gomes - UIP\" \/>\n<meta property=\"og:description\" content=\"[vc_section css=&#8221;.vc_custom_1568314160149{padding-top: 60px !important;padding-bottom: 10px !important;}&#8221;][vc_row css=&#8221;.vc_custom_1567796671489{background-color: #ffffff !important;}&#8221;][vc_column css=&#8221;.vc_custom_1519362639897{margin-top: 0px !important;padding-top: 0px !important;}&#8221;][vc_custom_heading text=&#8221;Complexo&#8221; font_container=&#8221;tag:h2|font_size:35px|text_align:center|line_height:42px&#8221; use_theme_fonts=&#8221;yes&#8221; css=&#8221;.vc_custom_1640088422352{margin-top: 10px !important;margin-bottom: 0px !important;padding-top: 0px !important;padding-bottom: 0px !important;}&#8221;][vc_single_image image=&#8221;10367&#8243; img_size=&#8221;full&#8221; alignment=&#8221;center&#8221; css=&#8221;.vc_custom_1568114726106{margin-top: 15px !important;margin-bottom: 0px !important;padding-top: 0px !important;padding-bottom: 0px !important;}&#8221;][vc_row_inner css=&#8221;.vc_custom_1568285261548{padding-top: 35px !important;}&#8221;][vc_column_inner offset=&#8221;vc_col-lg-6 vc_col-md-6 vc_col-xs-12&#8243; css=&#8221;.vc_custom_1568043535762{padding-bottom: 5% !important;}&#8221;][vc_column_text css=&#8221;.vc_custom_1640088449339{padding-right: 3% !important;}&#8221;]A Quinta Marques Gomes foi desenhada [&hellip;]\" \/>\n<meta property=\"og:url\" content=\"https:\/\/uip.pt\/pt-pt\/hoteis-e-resorts\/quinta-marques-gomes\/\" \/>\n<meta property=\"og:site_name\" content=\"UIP\" \/>\n<meta property=\"article:modified_time\" content=\"2023-02-28T15:35:48+00:00\" \/>\n<meta property=\"og:image\" content=\"https:\/\/uip.pt\/wp-content\/uploads\/2021\/03\/UIP-QuintaMarquesGomes-2019-3-1024x576.jpg\" \/>\n<meta name=\"twitter:card\" content=\"summary_large_image\" \/>\n<meta name=\"twitter:label1\" content=\"Tempo estimado de leitura\" \/>\n\t<meta name=\"twitter:data1\" content=\"4 minutos\" \/>\n<script type=\"application\/ld+json\" class=\"yoast-schema-graph\">{\"@context\":\"https:\/\/schema.org\",\"@graph\":[{\"@type\":\"WebSite\",\"@id\":\"https:\/\/uip.pt\/#website\",\"url\":\"https:\/\/uip.pt\/\",\"name\":\"UIP\",\"description\":\"\",\"potentialAction\":[{\"@type\":\"SearchAction\",\"target\":{\"@type\":\"EntryPoint\",\"urlTemplate\":\"https:\/\/uip.pt\/?s={search_term_string}\"},\"query-input\":\"required name=search_term_string\"}],\"inLanguage\":\"pt-PT\"},{\"@type\":\"ImageObject\",\"@id\":\"https:\/\/uip.pt\/pt-pt\/hoteis-e-resorts\/quinta-marques-gomes\/#primaryimage\",\"inLanguage\":\"pt-PT\",\"url\":\"https:\/\/uip.pt\/wp-content\/uploads\/2021\/03\/UIP-QuintaMarquesGomes-2019-3-1024x576.jpg\",\"contentUrl\":\"https:\/\/uip.pt\/wp-content\/uploads\/2021\/03\/UIP-QuintaMarquesGomes-2019-3-1024x576.jpg\"},{\"@type\":\"WebPage\",\"@id\":\"https:\/\/uip.pt\/pt-pt\/hoteis-e-resorts\/quinta-marques-gomes\/#webpage\",\"url\":\"https:\/\/uip.pt\/pt-pt\/hoteis-e-resorts\/quinta-marques-gomes\/\",\"name\":\"Quinta Marques Gomes - UIP\",\"isPartOf\":{\"@id\":\"https:\/\/uip.pt\/#website\"},\"primaryImageOfPage\":{\"@id\":\"https:\/\/uip.pt\/pt-pt\/hoteis-e-resorts\/quinta-marques-gomes\/#primaryimage\"},\"datePublished\":\"2022-01-05T13:38:05+00:00\",\"dateModified\":\"2023-02-28T15:35:48+00:00\",\"breadcrumb\":{\"@id\":\"https:\/\/uip.pt\/pt-pt\/hoteis-e-resorts\/quinta-marques-gomes\/#breadcrumb\"},\"inLanguage\":\"pt-PT\",\"potentialAction\":[{\"@type\":\"ReadAction\",\"target\":[\"https:\/\/uip.pt\/pt-pt\/hoteis-e-resorts\/quinta-marques-gomes\/\"]}]},{\"@type\":\"BreadcrumbList\",\"@id\":\"https:\/\/uip.pt\/pt-pt\/hoteis-e-resorts\/quinta-marques-gomes\/#breadcrumb\",\"itemListElement\":[{\"@type\":\"ListItem\",\"position\":1,\"name\":\"Home\",\"item\":\"https:\/\/uip.pt\/pt-pt\/\"},{\"@type\":\"ListItem\",\"position\":2,\"name\":\"Hot\\u00e9is e Resorts\",\"item\":\"https:\/\/uip.pt\/pt-pt\/hoteis-e-resorts\/\"},{\"@type\":\"ListItem\",\"position\":3,\"name\":\"Quinta Marques Gomes\"}]}]}<\/script>\n<!-- \/ Yoast SEO plugin. -->","yoast_head_json":{"title":"Quinta Marques Gomes - UIP","robots":{"index":"index","follow":"follow","max-snippet":"max-snippet:-1","max-image-preview":"max-image-preview:large","max-video-preview":"max-video-preview:-1"},"canonical":"https:\/\/uip.pt\/pt-pt\/hoteis-e-resorts\/quinta-marques-gomes\/","og_locale":"pt_PT","og_type":"article","og_title":"Quinta Marques Gomes - UIP","og_description":"[vc_section css=&#8221;.vc_custom_1568314160149{padding-top: 60px !important;padding-bottom: 10px !important;}&#8221;][vc_row css=&#8221;.vc_custom_1567796671489{background-color: #ffffff !important;}&#8221;][vc_column css=&#8221;.vc_custom_1519362639897{margin-top: 0px !important;padding-top: 0px !important;}&#8221;][vc_custom_heading text=&#8221;Complexo&#8221; font_container=&#8221;tag:h2|font_size:35px|text_align:center|line_height:42px&#8221; use_theme_fonts=&#8221;yes&#8221; css=&#8221;.vc_custom_1640088422352{margin-top: 10px !important;margin-bottom: 0px !important;padding-top: 0px !important;padding-bottom: 0px !important;}&#8221;][vc_single_image image=&#8221;10367&#8243; img_size=&#8221;full&#8221; alignment=&#8221;center&#8221; css=&#8221;.vc_custom_1568114726106{margin-top: 15px !important;margin-bottom: 0px !important;padding-top: 0px !important;padding-bottom: 0px !important;}&#8221;][vc_row_inner css=&#8221;.vc_custom_1568285261548{padding-top: 35px !important;}&#8221;][vc_column_inner offset=&#8221;vc_col-lg-6 vc_col-md-6 vc_col-xs-12&#8243; css=&#8221;.vc_custom_1568043535762{padding-bottom: 5% !important;}&#8221;][vc_column_text css=&#8221;.vc_custom_1640088449339{padding-right: 3% !important;}&#8221;]A Quinta Marques Gomes foi desenhada [&hellip;]","og_url":"https:\/\/uip.pt\/pt-pt\/hoteis-e-resorts\/quinta-marques-gomes\/","og_site_name":"UIP","article_modified_time":"2023-02-28T15:35:48+00:00","og_image":[{"url":"https:\/\/uip.pt\/wp-content\/uploads\/2021\/03\/UIP-QuintaMarquesGomes-2019-3-1024x576.jpg"}],"twitter_card":"summary_large_image","twitter_misc":{"Tempo estimado de leitura":"4 minutos"},"schema":{"@context":"https:\/\/schema.org","@graph":[{"@type":"WebSite","@id":"https:\/\/uip.pt\/#website","url":"https:\/\/uip.pt\/","name":"UIP","description":"","potentialAction":[{"@type":"SearchAction","target":{"@type":"EntryPoint","urlTemplate":"https:\/\/uip.pt\/?s={search_term_string}"},"query-input":"required name=search_term_string"}],"inLanguage":"pt-PT"},{"@type":"ImageObject","@id":"https:\/\/uip.pt\/pt-pt\/hoteis-e-resorts\/quinta-marques-gomes\/#primaryimage","inLanguage":"pt-PT","url":"https:\/\/uip.pt\/wp-content\/uploads\/2021\/03\/UIP-QuintaMarquesGomes-2019-3-1024x576.jpg","contentUrl":"https:\/\/uip.pt\/wp-content\/uploads\/2021\/03\/UIP-QuintaMarquesGomes-2019-3-1024x576.jpg"},{"@type":"WebPage","@id":"https:\/\/uip.pt\/pt-pt\/hoteis-e-resorts\/quinta-marques-gomes\/#webpage","url":"https:\/\/uip.pt\/pt-pt\/hoteis-e-resorts\/quinta-marques-gomes\/","name":"Quinta Marques Gomes - UIP","isPartOf":{"@id":"https:\/\/uip.pt\/#website"},"primaryImageOfPage":{"@id":"https:\/\/uip.pt\/pt-pt\/hoteis-e-resorts\/quinta-marques-gomes\/#primaryimage"},"datePublished":"2022-01-05T13:38:05+00:00","dateModified":"2023-02-28T15:35:48+00:00","breadcrumb":{"@id":"https:\/\/uip.pt\/pt-pt\/hoteis-e-resorts\/quinta-marques-gomes\/#breadcrumb"},"inLanguage":"pt-PT","potentialAction":[{"@type":"ReadAction","target":["https:\/\/uip.pt\/pt-pt\/hoteis-e-resorts\/quinta-marques-gomes\/"]}]},{"@type":"BreadcrumbList","@id":"https:\/\/uip.pt\/pt-pt\/hoteis-e-resorts\/quinta-marques-gomes\/#breadcrumb","itemListElement":[{"@type":"ListItem","position":1,"name":"Home","item":"https:\/\/uip.pt\/pt-pt\/"},{"@type":"ListItem","position":2,"name":"Hot\u00e9is e Resorts","item":"https:\/\/uip.pt\/pt-pt\/hoteis-e-resorts\/"},{"@type":"ListItem","position":3,"name":"Quinta Marques Gomes"}]}]}},"_links":{"self":[{"href":"https:\/\/uip.pt\/pt-pt\/wp-json\/wp\/v2\/pages\/19837"}],"collection":[{"href":"https:\/\/uip.pt\/pt-pt\/wp-json\/wp\/v2\/pages"}],"about":[{"href":"https:\/\/uip.pt\/pt-pt\/wp-json\/wp\/v2\/types\/page"}],"author":[{"embeddable":true,"href":"https:\/\/uip.pt\/pt-pt\/wp-json\/wp\/v2\/users\/1"}],"replies":[{"embeddable":true,"href":"https:\/\/uip.pt\/pt-pt\/wp-json\/wp\/v2\/comments?post=19837"}],"version-history":[{"count":4,"href":"https:\/\/uip.pt\/pt-pt\/wp-json\/wp\/v2\/pages\/19837\/revisions"}],"predecessor-version":[{"id":24793,"href":"https:\/\/uip.pt\/pt-pt\/wp-json\/wp\/v2\/pages\/19837\/revisions\/24793"}],"up":[{"embeddable":true,"href":"https:\/\/uip.pt\/pt-pt\/wp-json\/wp\/v2\/pages\/11783"}],"wp:attachment":[{"href":"https:\/\/uip.pt\/pt-pt\/wp-json\/wp\/v2\/media?parent=19837"}],"curies":[{"name":"wp","href":"https:\/\/api.w.org\/{rel}","templated":true}]}}