{"id":12400,"date":"2019-09-10T18:53:58","date_gmt":"2019-09-10T18:53:58","guid":{"rendered":"https:\/\/uip.pt\/terms-conditions\/"},"modified":"2021-12-27T16:23:42","modified_gmt":"2021-12-27T16:23:42","slug":"termos-condicoes","status":"publish","type":"page","link":"https:\/\/uip.pt\/pt-pt\/termos-condicoes\/","title":{"rendered":"Termos &#038; Condi\u00e7\u00f5es"},"content":{"rendered":"<p>[vc_section css=&#8221;.vc_custom_1568286774433{padding-top: 65px !important;padding-bottom: 60px !important;}&#8221;][vc_row css=&#8221;.vc_custom_1568131559187{background-color: #ffffff !important;}&#8221;][vc_column css=&#8221;.vc_custom_1568115859213{margin-top: 0px !important;padding-top: 0px !important;}&#8221;][vc_row_inner][vc_column_inner width=&#8221;5\/6&#8243; offset=&#8221;vc_col-lg-10 vc_col-md-10 vc_col-xs-12&#8243;][vc_custom_heading text=&#8221;ACEITA\u00c7\u00c3O DOS TERMOS&#8221; font_container=&#8221;tag:h5|text_align:left|color:%23414042|line_height:26px&#8221; use_theme_fonts=&#8221;yes&#8221; css=&#8221;.vc_custom_1568233665438{margin-top: 10px !important;padding-right: 3% !important;}&#8221;][vc_single_image image=&#8221;10367&#8243; img_size=&#8221;full&#8221; css=&#8221;.vc_custom_1568233669982{margin-top: 0px !important;margin-bottom: 0px !important;padding-top: 15px !important;padding-bottom: 0px !important;}&#8221;][vc_column_text css=&#8221;.vc_custom_1568233673482{margin-bottom: 15px !important;padding-top: 5px !important;padding-right: 3% !important;}&#8221;]<\/p>\n<p class=\"p1\"><span class=\"s1\">Os seguintes s\u00e3o os termos de um contrato estabelecido entre o Utilizador e a United Investments Portugal. Ao aceder e usar este Website o Utilizador admite ter lido e compreendido estes termos e cumprir\u00e1 com todas as leis e regras aplic\u00e1veis.<\/span><\/p>\n<p>&nbsp;<\/p>\n<p class=\"p1\"><span class=\"s1\">Se o Utilizador n\u00e3o estiver de acordo com estes termos, por favor n\u00e3o use este Website.O material apresentado neste Website est\u00e1 protegido por lei.<\/span><\/p>\n<p>[\/vc_column_text][\/vc_column_inner][\/vc_row_inner][vc_row_inner css=&#8221;.vc_custom_1568140919709{padding-top: 45px !important;}&#8221;][vc_column_inner width=&#8221;5\/6&#8243; offset=&#8221;vc_col-lg-10 vc_col-md-10 vc_col-xs-12&#8243;][vc_custom_heading text=&#8221;DIREITOS DE PROPRIEDADE INTELECTUAL&#8221; font_container=&#8221;tag:h5|text_align:left|color:%23414042|line_height:26px&#8221; use_theme_fonts=&#8221;yes&#8221; css=&#8221;.vc_custom_1568233678963{margin-top: 10px !important;padding-right: 3% !important;}&#8221;][vc_single_image image=&#8221;10367&#8243; img_size=&#8221;full&#8221; css=&#8221;.vc_custom_1568233682394{margin-top: 0px !important;margin-bottom: 0px !important;padding-top: 15px !important;padding-bottom: 0px !important;}&#8221;][vc_column_text css=&#8221;.vc_custom_1640622188266{margin-bottom: 15px !important;padding-top: 5px !important;padding-right: 3% !important;}&#8221;]<\/p>\n<p class=\"p1\">Todos os conte\u00fados presentes neste site s\u00e3o propriedade exclusiva da United Investments Portugal: textos, imagens, ou qualquer outro tipo de informa\u00e7\u00f5es que n\u00e3o provenham de terceiros. Desta forma est\u00e3o protegidos pelo C\u00f3digo do Direito de Autor. A United Investments Portugal reserva-se ao direito de, a qualquer momento, introduzir altera\u00e7\u00f5es nestes conte\u00fados, n\u00e3o tendo obriga\u00e7\u00e3o de efetuar qualquer comunica\u00e7\u00e3o pr\u00e9via aos utilizadores.<\/p>\n<p>[\/vc_column_text][\/vc_column_inner][\/vc_row_inner][vc_row_inner css=&#8221;.vc_custom_1568140919709{padding-top: 45px !important;}&#8221;][vc_column_inner width=&#8221;5\/6&#8243; offset=&#8221;vc_col-lg-10 vc_col-md-10 vc_col-xs-12&#8243;][vc_custom_heading text=&#8221;LINKS PARA SITES DE TERCEIROS&#8221; font_container=&#8221;tag:h5|text_align:left|color:%23414042|line_height:26px&#8221; use_theme_fonts=&#8221;yes&#8221; css=&#8221;.vc_custom_1568233690572{margin-top: 10px !important;padding-right: 3% !important;}&#8221;][vc_single_image image=&#8221;10367&#8243; img_size=&#8221;full&#8221; css=&#8221;.vc_custom_1568233694610{margin-top: 0px !important;margin-bottom: 0px !important;padding-top: 15px !important;padding-bottom: 0px !important;}&#8221;][vc_column_text css=&#8221;.vc_custom_1568233698843{margin-bottom: 15px !important;padding-top: 5px !important;padding-right: 3% !important;}&#8221;]<\/p>\n<p class=\"p1\"><span class=\"s1\">Este Website pode conter links para sites de terceiros (\u201csites vinculados\u201d).<br \/>\nOs sites vinculados n\u00e3o est\u00e3o sob o controle da United Investments Portugal, n\u00e3o sendo respons\u00e1vel pelo conte\u00fado de qualquer Site Vinculado.<\/span><\/p>\n<p>[\/vc_column_text][\/vc_column_inner][\/vc_row_inner][vc_row_inner css=&#8221;.vc_custom_1568140919709{padding-top: 45px !important;}&#8221;][vc_column_inner width=&#8221;5\/6&#8243; offset=&#8221;vc_col-lg-10 vc_col-md-10 vc_col-xs-12&#8243;][vc_custom_heading text=&#8221;OBRIGA\u00c7\u00d5ES E CONDUTA&#8221; font_container=&#8221;tag:h5|text_align:left|color:%23414042|line_height:26px&#8221; use_theme_fonts=&#8221;yes&#8221; css=&#8221;.vc_custom_1568233704276{margin-top: 10px !important;padding-right: 3% !important;}&#8221;][vc_single_image image=&#8221;10367&#8243; img_size=&#8221;full&#8221; css=&#8221;.vc_custom_1568233709461{margin-top: 0px !important;margin-bottom: 0px !important;padding-top: 15px !important;padding-bottom: 0px !important;}&#8221;][vc_column_text css=&#8221;.vc_custom_1640622207830{margin-bottom: 15px !important;padding-top: 5px !important;padding-right: 3% !important;}&#8221;]<\/p>\n<p class=\"p1\">Tendo em considera\u00e7\u00e3o o uso deste Website, o Utilizador concorda em: fornecer informa\u00e7\u00f5es corretas, atuais e completas aquando do registo neste Website; manter a seguran\u00e7a da sua password e identifica\u00e7\u00e3o; manter a sua informa\u00e7\u00e3o atualizada; aceitar todos os riscos de acesso n\u00e3o autorizado \u00e0 informa\u00e7\u00e3o e Registration Data. O utilizador tem a \u00fanica responsabilidade da prote\u00e7\u00e3o, backup e equipamento adequados usados na liga\u00e7\u00e3o a este Website.<\/p>\n<p>&nbsp;<\/p>\n<p class=\"p1\"><span class=\"s1\">O utilizador deste site est\u00e1 apenas autorizado a fazer uso dos conte\u00fados aqui presentes para fins estritamente pessoais. \u00c9 expressamente proibida a publica\u00e7\u00e3o, reprodu\u00e7\u00e3o, ou distribui\u00e7\u00e3o deste conte\u00fados a terceiros sem que para o mesmo exista uma autoriza\u00e7\u00e3o pr\u00e9via da United Investments Portugal.<\/span><\/p>\n<p>&nbsp;<\/p>\n<p class=\"p1\"><span class=\"s1\">A United Investments Portugal, reserva-se ao direito de proceder judicialmente contra os autores de qualquer utiliza\u00e7\u00e3o n\u00e3o autorizada do conte\u00fado deste Website.<\/span><\/p>\n<p>&nbsp;<\/p>\n<p class=\"p1\"><span class=\"s1\">Ao usar este site, o utilizador aceita expressamente as Condi\u00e7\u00f5es de Utiliza\u00e7\u00e3o acima descritas.<\/span><\/p>\n<p>[\/vc_column_text][\/vc_column_inner][\/vc_row_inner][vc_row_inner css=&#8221;.vc_custom_1568140919709{padding-top: 45px !important;}&#8221;][vc_column_inner width=&#8221;5\/6&#8243; offset=&#8221;vc_col-lg-10 vc_col-md-10 vc_col-xs-12&#8243;][vc_custom_heading text=&#8221;POLITICA DE PRIVACIDADE E SEGURAN\u00c7A&#8221; font_container=&#8221;tag:h5|text_align:left|color:%23414042|line_height:26px&#8221; use_theme_fonts=&#8221;yes&#8221; css=&#8221;.vc_custom_1568233721332{margin-top: 10px !important;padding-right: 3% !important;}&#8221;][vc_single_image image=&#8221;10367&#8243; img_size=&#8221;full&#8221; css=&#8221;.vc_custom_1568233725069{margin-top: 0px !important;margin-bottom: 0px !important;padding-top: 15px !important;padding-bottom: 0px !important;}&#8221;][vc_column_text css=&#8221;.vc_custom_1640622219405{margin-bottom: 15px !important;padding-top: 5px !important;padding-right: 3% !important;}&#8221;]<\/p>\n<p class=\"p1\">Todos os seus dados recolhidos pela United Investments Portugal t\u00eam a finalidade \u00fanica de fatura\u00e7\u00e3o. A nossa empresa assume um compromisso de privacidade de todos e quaisquer dados pessoais do cliente, bem como da sua seguran\u00e7a.<\/p>\n<p>&nbsp;<\/p>\n<p class=\"p1\"><span class=\"s1\">Todas as informa\u00e7\u00f5es que nos fornecer permitir\u00e3o apenas que o nosso servi\u00e7o seja mais adequado \u00e0s suas necessidades.<\/span><\/p>\n<p>[\/vc_column_text][\/vc_column_inner][\/vc_row_inner][\/vc_column][\/vc_row][\/vc_section]<\/p>\n","protected":false},"excerpt":{"rendered":"<p>[vc_section css=&#8221;.vc_custom_1568286774433{padding-top: 65px !important;padding-bottom: 60px !important;}&#8221;][vc_row css=&#8221;.vc_custom_1568131559187{background-color: #ffffff !important;}&#8221;][vc_column css=&#8221;.vc_custom_1568115859213{margin-top: 0px !important;padding-top: 0px !important;}&#8221;][vc_row_inner][vc_column_inner width=&#8221;5\/6&#8243; offset=&#8221;vc_col-lg-10 vc_col-md-10 vc_col-xs-12&#8243;][vc_custom_heading text=&#8221;ACEITA\u00c7\u00c3O DOS TERMOS&#8221; font_container=&#8221;tag:h5|text_align:left|color:%23414042|line_height:26px&#8221; use_theme_fonts=&#8221;yes&#8221; css=&#8221;.vc_custom_1568233665438{margin-top: 10px !important;padding-right: 3% !important;}&#8221;][vc_single_image image=&#8221;10367&#8243; img_size=&#8221;full&#8221; css=&#8221;.vc_custom_1568233669982{margin-top: 0px !important;margin-bottom: 0px !important;padding-top: 15px !important;padding-bottom: 0px !important;}&#8221;][vc_column_text css=&#8221;.vc_custom_1568233673482{margin-bottom: 15px !important;padding-top: 5px !important;padding-right: 3% !important;}&#8221;] Os seguintes s\u00e3o os termos de um contrato estabelecido [&hellip;]<\/p>\n","protected":false},"author":1,"featured_media":0,"parent":0,"menu_order":0,"comment_status":"closed","ping_status":"closed","template":"","meta":[],"acf":[],"yoast_head":"<!-- This site is optimized with the Yoast SEO plugin v17.8 - https:\/\/yoast.com\/wordpress\/plugins\/seo\/ -->\n<title>Termos &amp; Condi\u00e7\u00f5es - UIP<\/title>\n<meta name=\"robots\" content=\"index, follow, max-snippet:-1, max-image-preview:large, max-video-preview:-1\" \/>\n<link rel=\"canonical\" href=\"https:\/\/uip.pt\/pt-pt\/termos-condicoes\/\" \/>\n<meta property=\"og:locale\" content=\"pt_PT\" \/>\n<meta property=\"og:type\" content=\"article\" \/>\n<meta property=\"og:title\" content=\"Termos &amp; Condi\u00e7\u00f5es - UIP\" \/>\n<meta property=\"og:description\" content=\"[vc_section css=&#8221;.vc_custom_1568286774433{padding-top: 65px !important;padding-bottom: 60px !important;}&#8221;][vc_row css=&#8221;.vc_custom_1568131559187{background-color: #ffffff !important;}&#8221;][vc_column css=&#8221;.vc_custom_1568115859213{margin-top: 0px !important;padding-top: 0px !important;}&#8221;][vc_row_inner][vc_column_inner width=&#8221;5\/6&#8243; offset=&#8221;vc_col-lg-10 vc_col-md-10 vc_col-xs-12&#8243;][vc_custom_heading text=&#8221;ACEITA\u00c7\u00c3O DOS TERMOS&#8221; font_container=&#8221;tag:h5|text_align:left|color:%23414042|line_height:26px&#8221; use_theme_fonts=&#8221;yes&#8221; css=&#8221;.vc_custom_1568233665438{margin-top: 10px !important;padding-right: 3% !important;}&#8221;][vc_single_image image=&#8221;10367&#8243; img_size=&#8221;full&#8221; css=&#8221;.vc_custom_1568233669982{margin-top: 0px !important;margin-bottom: 0px !important;padding-top: 15px !important;padding-bottom: 0px !important;}&#8221;][vc_column_text css=&#8221;.vc_custom_1568233673482{margin-bottom: 15px !important;padding-top: 5px !important;padding-right: 3% !important;}&#8221;] Os seguintes s\u00e3o os termos de um contrato estabelecido [&hellip;]\" \/>\n<meta property=\"og:url\" content=\"https:\/\/uip.pt\/pt-pt\/termos-condicoes\/\" \/>\n<meta property=\"og:site_name\" content=\"UIP\" \/>\n<meta property=\"article:modified_time\" content=\"2021-12-27T16:23:42+00:00\" \/>\n<meta property=\"og:image\" content=\"https:\/\/uip.pt\/wp-content\/uploads\/2020\/09\/UIP-job-offer.jpg\" \/>\n\t<meta property=\"og:image:width\" content=\"1920\" \/>\n\t<meta property=\"og:image:height\" content=\"1080\" \/>\n<meta name=\"twitter:card\" content=\"summary_large_image\" \/>\n<meta name=\"twitter:label1\" content=\"Tempo estimado de leitura\" \/>\n\t<meta name=\"twitter:data1\" content=\"5 minutos\" \/>\n<script type=\"application\/ld+json\" class=\"yoast-schema-graph\">{\"@context\":\"https:\/\/schema.org\",\"@graph\":[{\"@type\":\"WebSite\",\"@id\":\"https:\/\/uip.pt\/#website\",\"url\":\"https:\/\/uip.pt\/\",\"name\":\"UIP\",\"description\":\"\",\"potentialAction\":[{\"@type\":\"SearchAction\",\"target\":{\"@type\":\"EntryPoint\",\"urlTemplate\":\"https:\/\/uip.pt\/?s={search_term_string}\"},\"query-input\":\"required name=search_term_string\"}],\"inLanguage\":\"pt-PT\"},{\"@type\":\"WebPage\",\"@id\":\"https:\/\/uip.pt\/pt-pt\/termos-condicoes\/#webpage\",\"url\":\"https:\/\/uip.pt\/pt-pt\/termos-condicoes\/\",\"name\":\"Termos & Condi\\u00e7\\u00f5es - UIP\",\"isPartOf\":{\"@id\":\"https:\/\/uip.pt\/#website\"},\"datePublished\":\"2019-09-10T18:53:58+00:00\",\"dateModified\":\"2021-12-27T16:23:42+00:00\",\"breadcrumb\":{\"@id\":\"https:\/\/uip.pt\/pt-pt\/termos-condicoes\/#breadcrumb\"},\"inLanguage\":\"pt-PT\",\"potentialAction\":[{\"@type\":\"ReadAction\",\"target\":[\"https:\/\/uip.pt\/pt-pt\/termos-condicoes\/\"]}]},{\"@type\":\"BreadcrumbList\",\"@id\":\"https:\/\/uip.pt\/pt-pt\/termos-condicoes\/#breadcrumb\",\"itemListElement\":[{\"@type\":\"ListItem\",\"position\":1,\"name\":\"Home\",\"item\":\"https:\/\/uip.pt\/pt-pt\/\"},{\"@type\":\"ListItem\",\"position\":2,\"name\":\"Termos &#038; Condi\\u00e7\\u00f5es\"}]}]}<\/script>\n<!-- \/ Yoast SEO plugin. -->","yoast_head_json":{"title":"Termos & Condi\u00e7\u00f5es - UIP","robots":{"index":"index","follow":"follow","max-snippet":"max-snippet:-1","max-image-preview":"max-image-preview:large","max-video-preview":"max-video-preview:-1"},"canonical":"https:\/\/uip.pt\/pt-pt\/termos-condicoes\/","og_locale":"pt_PT","og_type":"article","og_title":"Termos & Condi\u00e7\u00f5es - UIP","og_description":"[vc_section css=&#8221;.vc_custom_1568286774433{padding-top: 65px !important;padding-bottom: 60px !important;}&#8221;][vc_row css=&#8221;.vc_custom_1568131559187{background-color: #ffffff !important;}&#8221;][vc_column css=&#8221;.vc_custom_1568115859213{margin-top: 0px !important;padding-top: 0px !important;}&#8221;][vc_row_inner][vc_column_inner width=&#8221;5\/6&#8243; offset=&#8221;vc_col-lg-10 vc_col-md-10 vc_col-xs-12&#8243;][vc_custom_heading text=&#8221;ACEITA\u00c7\u00c3O DOS TERMOS&#8221; font_container=&#8221;tag:h5|text_align:left|color:%23414042|line_height:26px&#8221; use_theme_fonts=&#8221;yes&#8221; css=&#8221;.vc_custom_1568233665438{margin-top: 10px !important;padding-right: 3% !important;}&#8221;][vc_single_image image=&#8221;10367&#8243; img_size=&#8221;full&#8221; css=&#8221;.vc_custom_1568233669982{margin-top: 0px !important;margin-bottom: 0px !important;padding-top: 15px !important;padding-bottom: 0px !important;}&#8221;][vc_column_text css=&#8221;.vc_custom_1568233673482{margin-bottom: 15px !important;padding-top: 5px !important;padding-right: 3% !important;}&#8221;] Os seguintes s\u00e3o os termos de um contrato estabelecido [&hellip;]","og_url":"https:\/\/uip.pt\/pt-pt\/termos-condicoes\/","og_site_name":"UIP","article_modified_time":"2021-12-27T16:23:42+00:00","og_image":[{"width":1920,"height":1080,"url":"https:\/\/uip.pt\/wp-content\/uploads\/2020\/09\/UIP-job-offer.jpg","type":"image\/jpeg"}],"twitter_card":"summary_large_image","twitter_misc":{"Tempo estimado de leitura":"5 minutos"},"schema":{"@context":"https:\/\/schema.org","@graph":[{"@type":"WebSite","@id":"https:\/\/uip.pt\/#website","url":"https:\/\/uip.pt\/","name":"UIP","description":"","potentialAction":[{"@type":"SearchAction","target":{"@type":"EntryPoint","urlTemplate":"https:\/\/uip.pt\/?s={search_term_string}"},"query-input":"required name=search_term_string"}],"inLanguage":"pt-PT"},{"@type":"WebPage","@id":"https:\/\/uip.pt\/pt-pt\/termos-condicoes\/#webpage","url":"https:\/\/uip.pt\/pt-pt\/termos-condicoes\/","name":"Termos & Condi\u00e7\u00f5es - UIP","isPartOf":{"@id":"https:\/\/uip.pt\/#website"},"datePublished":"2019-09-10T18:53:58+00:00","dateModified":"2021-12-27T16:23:42+00:00","breadcrumb":{"@id":"https:\/\/uip.pt\/pt-pt\/termos-condicoes\/#breadcrumb"},"inLanguage":"pt-PT","potentialAction":[{"@type":"ReadAction","target":["https:\/\/uip.pt\/pt-pt\/termos-condicoes\/"]}]},{"@type":"BreadcrumbList","@id":"https:\/\/uip.pt\/pt-pt\/termos-condicoes\/#breadcrumb","itemListElement":[{"@type":"ListItem","position":1,"name":"Home","item":"https:\/\/uip.pt\/pt-pt\/"},{"@type":"ListItem","position":2,"name":"Termos &#038; Condi\u00e7\u00f5es"}]}]}},"_links":{"self":[{"href":"https:\/\/uip.pt\/pt-pt\/wp-json\/wp\/v2\/pages\/12400"}],"collection":[{"href":"https:\/\/uip.pt\/pt-pt\/wp-json\/wp\/v2\/pages"}],"about":[{"href":"https:\/\/uip.pt\/pt-pt\/wp-json\/wp\/v2\/types\/page"}],"author":[{"embeddable":true,"href":"https:\/\/uip.pt\/pt-pt\/wp-json\/wp\/v2\/users\/1"}],"replies":[{"embeddable":true,"href":"https:\/\/uip.pt\/pt-pt\/wp-json\/wp\/v2\/comments?post=12400"}],"version-history":[{"count":7,"href":"https:\/\/uip.pt\/pt-pt\/wp-json\/wp\/v2\/pages\/12400\/revisions"}],"predecessor-version":[{"id":19732,"href":"https:\/\/uip.pt\/pt-pt\/wp-json\/wp\/v2\/pages\/12400\/revisions\/19732"}],"wp:attachment":[{"href":"https:\/\/uip.pt\/pt-pt\/wp-json\/wp\/v2\/media?parent=12400"}],"curies":[{"name":"wp","href":"https:\/\/api.w.org\/{rel}","templated":true}]}}