{"id":11790,"date":"2019-06-12T10:59:34","date_gmt":"2019-06-12T10:59:34","guid":{"rendered":"https:\/\/uip.pt\/services\/construction-development\/"},"modified":"2021-12-27T14:51:28","modified_gmt":"2021-12-27T14:51:28","slug":"construcao-e-desenvolvimento","status":"publish","type":"page","link":"https:\/\/uip.pt\/pt-pt\/servicos\/construcao-e-desenvolvimento\/","title":{"rendered":"Constru\u00e7\u00e3o e Desenvolvimento"},"content":{"rendered":"<p>[vc_section full_width=&#8221;stretch_row&#8221; css=&#8221;.vc_custom_1568286571879{padding-top: 50px !important;}&#8221;][vc_row full_width=&#8221;stretch_row&#8221; css=&#8221;.vc_custom_1568287571205{margin-top: 0px !important;margin-bottom: 0px !important;background-color: #ffffff !important;}&#8221;][vc_column css=&#8221;.vc_custom_1523598921112{margin-top: 0px !important;margin-bottom: 0px !important;padding-top: 10px !important;padding-bottom: 0px !important;}&#8221;][vc_row_inner][vc_column_inner width=&#8221;5\/6&#8243; offset=&#8221;vc_col-lg-offset-2 vc_col-lg-8 vc_col-md-offset-2 vc_col-md-8 vc_col-sm-offset-1 vc_col-xs-12&#8243;][vc_custom_heading text=&#8221;Constru\u00e7\u00e3o e Desenvolvimento&#8221; font_container=&#8221;tag:h2|font_size:35px|text_align:center|line_height:42px&#8221; use_theme_fonts=&#8221;yes&#8221; css=&#8221;.vc_custom_1568295864692{margin-top: 10px !important;margin-bottom: 0px !important;padding-top: 0px !important;padding-bottom: 0px !important;}&#8221;][vc_single_image image=&#8221;10367&#8243; img_size=&#8221;full&#8221; alignment=&#8221;center&#8221; css=&#8221;.vc_custom_1568114525910{margin-top: 15px !important;margin-bottom: 0px !important;padding-top: 0px !important;padding-bottom: 0px !important;}&#8221;][vc_column_text css=&#8221;.vc_custom_1568289765154{padding-top: 15px !important;}&#8221;]<\/p>\n<p class=\"p1\" style=\"text-align: center;\"><span class=\"s1\">A UIP desenvolve v\u00e1rios tipos de projeto, com e sem componente residencial.<br \/>\nA equipa aporta especial valor nas \u00e1reas de <strong>Constru\u00e7\u00e3o<\/strong>, <strong>Engenharia<\/strong>, <strong>Arquitetura<\/strong> e <strong>Design de Interiores<\/strong>.<\/span><\/p>\n<p>[\/vc_column_text][\/vc_column_inner][\/vc_row_inner][vc_row_inner gap=&#8221;30&#8243; css=&#8221;.vc_custom_1568054431881{margin-top: 0px !important;margin-bottom: 0px !important;padding-top: 15px !important;padding-bottom: 0px !important;}&#8221;][vc_column_inner el_class=&#8221;box-hover-text&#8221; width=&#8221;1\/2&#8243; css=&#8221;.vc_custom_1568289931672{border-top-width: 1px !important;border-right-width: 1px !important;border-bottom-width: 1px !important;border-left-width: 1px !important;padding-top: 4px !important;padding-right: 0px !important;padding-bottom: 0px !important;padding-left: 0px !important;border-left-color: #eaeaea !important;border-left-style: solid !important;border-right-color: #eaeaea !important;border-right-style: solid !important;border-top-color: #eaeaea !important;border-top-style: solid !important;border-bottom-color: #eaeaea !important;border-bottom-style: solid !important;}&#8221; offset=&#8221;vc_col-lg-offset-0 vc_col-lg-4 vc_col-md-offset-0 vc_col-md-4 vc_col-sm-offset-3 vc_col-xs-12&#8243;]<div id=\"\" class=\"rt-popup-video element-one \" data-popup-video-align=\"center\"><div class=\"holder\"><div class=\"icon\"><a class=\"video-link\" href=\"https:\/\/www.youtube.com\/watch?v=brzoymu07TU\"><img width=\"360\" height=\"270\" src=\"https:\/\/uip.pt\/wp-content\/uploads\/2019\/08\/pine-cliffs-ocean-suites-3.jpg\" class=\"attachment-full size-full\" alt=\"Pine Cliffs Resort Ocean Suites\" loading=\"lazy\" srcset=\"https:\/\/uip.pt\/wp-content\/uploads\/2019\/08\/pine-cliffs-ocean-suites-3.jpg 360w, https:\/\/uip.pt\/wp-content\/uploads\/2019\/08\/pine-cliffs-ocean-suites-3-300x225.jpg 300w\" sizes=\"(max-width: 360px) 100vw, 360px\" \/><\/a><\/div><\/div><\/div>[vc_empty_space height=&#8221;25px&#8221;][vc_custom_heading text=&#8221;Pine Cliffs Ocean Suites&#8221; font_container=&#8221;tag:h3|font_size:18px|text_align:center|color:%23414042|line_height:23px&#8221; use_theme_fonts=&#8221;yes&#8221; css=&#8221;.vc_custom_1640616659041{margin-top: 0px !important;margin-bottom: 0px !important;padding-top: 0px !important;padding-bottom: 8px !important;}&#8221; link=&#8221;url:https%3A%2F%2Fwww.youtube.com%2Fwatch%3Fv%3Dbrzoymu07TU||target:%20_blank|&#8221;][vc_empty_space height=&#8221;25px&#8221;][\/vc_column_inner][vc_column_inner el_class=&#8221;box-hover-text&#8221; width=&#8221;1\/2&#8243; css=&#8221;.vc_custom_1568289937134{border-top-width: 1px !important;border-right-width: 1px !important;border-bottom-width: 1px !important;border-left-width: 1px !important;padding-top: 4px !important;padding-right: 0px !important;padding-bottom: 0px !important;padding-left: 0px !important;border-left-color: #eaeaea !important;border-left-style: solid !important;border-right-color: #eaeaea !important;border-right-style: solid !important;border-top-color: #eaeaea !important;border-top-style: solid !important;border-bottom-color: #eaeaea !important;border-bottom-style: solid !important;}&#8221; offset=&#8221;vc_col-lg-offset-0 vc_col-lg-4 vc_col-md-offset-0 vc_col-md-4 vc_col-sm-offset-3 vc_col-xs-12&#8243;]<div id=\"\" class=\"rt-popup-video element-one \" data-popup-video-align=\"center\"><div class=\"holder\"><div class=\"icon\"><a class=\"video-link\" href=\"https:\/\/www.youtube.com\/watch?v=5_EZqFbaWuw\"><img width=\"360\" height=\"270\" src=\"https:\/\/uip.pt\/wp-content\/uploads\/2019\/08\/pine-cliffs-gardens-4.jpg\" class=\"attachment-full size-full\" alt=\"Pine Cliffs Resort Gardens\" loading=\"lazy\" srcset=\"https:\/\/uip.pt\/wp-content\/uploads\/2019\/08\/pine-cliffs-gardens-4.jpg 360w, https:\/\/uip.pt\/wp-content\/uploads\/2019\/08\/pine-cliffs-gardens-4-300x225.jpg 300w\" sizes=\"(max-width: 360px) 100vw, 360px\" \/><\/a><\/div><\/div><\/div>[vc_empty_space height=&#8221;25px&#8221;][vc_custom_heading text=&#8221;Pine Cliffs Gardens&#8221; font_container=&#8221;tag:h3|font_size:18px|text_align:center|color:%23414042|line_height:23px&#8221; use_theme_fonts=&#8221;yes&#8221; css=&#8221;.vc_custom_1640616666241{margin-top: 0px !important;margin-bottom: 0px !important;padding-top: 0px !important;padding-bottom: 8px !important;}&#8221; link=&#8221;url:https%3A%2F%2Fwww.youtube.com%2Fwatch%3Fv%3D5_EZqFbaWuw||target:%20_blank|&#8221;][vc_empty_space height=&#8221;25px&#8221;][\/vc_column_inner][vc_column_inner width=&#8221;1\/2&#8243; offset=&#8221;vc_col-lg-offset-0 vc_col-lg-4 vc_col-md-offset-0 vc_col-md-4 vc_col-sm-offset-3 vc_col-xs-12&#8243; css=&#8221;.vc_custom_1568289942742{border-top-width: 1px !important;border-right-width: 1px !important;border-bottom-width: 1px !important;border-left-width: 1px !important;padding-top: 4px !important;padding-right: 0px !important;padding-bottom: 0px !important;padding-left: 0px !important;border-left-color: #eaeaea !important;border-left-style: solid !important;border-right-color: #eaeaea !important;border-right-style: solid !important;border-top-color: #eaeaea !important;border-top-style: solid !important;border-bottom-color: #eaeaea !important;border-bottom-style: solid !important;}&#8221;]<div id=\"\" class=\"rt-popup-video element-one \" data-popup-video-align=\"center\"><div class=\"holder\"><div class=\"icon\"><a class=\"video-link\" href=\"https:\/\/youtu.be\/FO8wtB8Mscc\"><img width=\"360\" height=\"270\" src=\"https:\/\/uip.pt\/wp-content\/uploads\/2019\/08\/hyatt-regency-lisboa.jpg\" class=\"attachment-full size-full\" alt=\"Hyatt Regency Lisboa\" loading=\"lazy\" srcset=\"https:\/\/uip.pt\/wp-content\/uploads\/2019\/08\/hyatt-regency-lisboa.jpg 360w, https:\/\/uip.pt\/wp-content\/uploads\/2019\/08\/hyatt-regency-lisboa-300x225.jpg 300w\" sizes=\"(max-width: 360px) 100vw, 360px\" \/><\/a><\/div><\/div><\/div>[vc_empty_space height=&#8221;25px&#8221;][vc_custom_heading text=&#8221;The Residences at Hyatt Regency Lisboa&#8221; font_container=&#8221;tag:h3|font_size:18px|text_align:center|color:%23414042|line_height:23px&#8221; use_theme_fonts=&#8221;yes&#8221; css=&#8221;.vc_custom_1640616681754{margin-top: 0px !important;margin-bottom: 0px !important;padding-top: 0px !important;padding-bottom: 8px !important;}&#8221; link=&#8221;url:https%3A%2F%2Fyoutu.be%2FFO8wtB8Mscc||target:%20_blank|&#8221;][vc_empty_space height=&#8221;25px&#8221;][\/vc_column_inner][\/vc_row_inner][\/vc_column][\/vc_row][\/vc_section][vc_section full_width=&#8221;stretch_row&#8221; css=&#8221;.vc_custom_1568287694070{padding-top: 35px !important;padding-bottom: 35px !important;}&#8221;][vc_row full_width=&#8221;stretch_row&#8221; css=&#8221;.vc_custom_1568287531201{margin-top: 0px !important;margin-bottom: 0px !important;background-color: #ffffff !important;}&#8221;][vc_column css=&#8221;.vc_custom_1523598921112{margin-top: 0px !important;margin-bottom: 0px !important;padding-top: 10px !important;padding-bottom: 0px !important;}&#8221;][vc_row_inner][vc_column_inner width=&#8221;5\/6&#8243; offset=&#8221;vc_col-lg-offset-2 vc_col-lg-8 vc_col-md-offset-2 vc_col-md-8 vc_col-sm-offset-1 vc_col-xs-12&#8243;][vc_custom_heading text=&#8221;Pr\u00e9mios&#8221; font_container=&#8221;tag:h2|font_size:35px|text_align:center|line_height:42px&#8221; use_theme_fonts=&#8221;yes&#8221; css=&#8221;.vc_custom_1568289786307{margin-top: 10px !important;margin-bottom: 0px !important;padding-top: 0px !important;padding-bottom: 0px !important;}&#8221;][vc_single_image image=&#8221;10367&#8243; img_size=&#8221;full&#8221; alignment=&#8221;center&#8221; css=&#8221;.vc_custom_1568114525910{margin-top: 15px !important;margin-bottom: 0px !important;padding-top: 0px !important;padding-bottom: 0px !important;}&#8221;][\/vc_column_inner][\/vc_row_inner][\/vc_column][\/vc_row][vc_row][vc_column][vc_raw_html]JTVCc2xpZGUtYW55dGhpbmclMjBpZCUzRCUyMjEyMDAxJTIyJTVE[\/vc_raw_html][\/vc_column][\/vc_row][\/vc_section]<\/p>\n","protected":false},"excerpt":{"rendered":"<p>[vc_section full_width=&#8221;stretch_row&#8221; css=&#8221;.vc_custom_1568286571879{padding-top: 50px !important;}&#8221;][vc_row full_width=&#8221;stretch_row&#8221; css=&#8221;.vc_custom_1568287571205{margin-top: 0px !important;margin-bottom: 0px !important;background-color: #ffffff !important;}&#8221;][vc_column css=&#8221;.vc_custom_1523598921112{margin-top: 0px !important;margin-bottom: 0px !important;padding-top: 10px !important;padding-bottom: 0px !important;}&#8221;][vc_row_inner][vc_column_inner width=&#8221;5\/6&#8243; offset=&#8221;vc_col-lg-offset-2 vc_col-lg-8 vc_col-md-offset-2 vc_col-md-8 vc_col-sm-offset-1 vc_col-xs-12&#8243;][vc_custom_heading text=&#8221;Constru\u00e7\u00e3o e Desenvolvimento&#8221; font_container=&#8221;tag:h2|font_size:35px|text_align:center|line_height:42px&#8221; use_theme_fonts=&#8221;yes&#8221; css=&#8221;.vc_custom_1568295864692{margin-top: 10px !important;margin-bottom: 0px !important;padding-top: 0px !important;padding-bottom: 0px !important;}&#8221;][vc_single_image image=&#8221;10367&#8243; img_size=&#8221;full&#8221; alignment=&#8221;center&#8221; css=&#8221;.vc_custom_1568114525910{margin-top: 15px !important;margin-bottom: 0px !important;padding-top: 0px !important;padding-bottom: 0px !important;}&#8221;][vc_column_text [&hellip;]<\/p>\n","protected":false},"author":1,"featured_media":0,"parent":11789,"menu_order":0,"comment_status":"closed","ping_status":"closed","template":"","meta":[],"acf":[],"yoast_head":"<!-- This site is optimized with the Yoast SEO plugin v17.8 - https:\/\/yoast.com\/wordpress\/plugins\/seo\/ -->\n<title>Constru\u00e7\u00e3o e Desenvolvimento - UIP<\/title>\n<meta name=\"robots\" content=\"index, follow, max-snippet:-1, max-image-preview:large, max-video-preview:-1\" \/>\n<link rel=\"canonical\" href=\"https:\/\/uip.pt\/pt-pt\/servicos\/construcao-e-desenvolvimento\/\" \/>\n<meta property=\"og:locale\" content=\"pt_PT\" \/>\n<meta property=\"og:type\" content=\"article\" \/>\n<meta property=\"og:title\" content=\"Constru\u00e7\u00e3o e Desenvolvimento - UIP\" \/>\n<meta property=\"og:description\" content=\"[vc_section full_width=&#8221;stretch_row&#8221; css=&#8221;.vc_custom_1568286571879{padding-top: 50px !important;}&#8221;][vc_row full_width=&#8221;stretch_row&#8221; css=&#8221;.vc_custom_1568287571205{margin-top: 0px !important;margin-bottom: 0px !important;background-color: #ffffff !important;}&#8221;][vc_column css=&#8221;.vc_custom_1523598921112{margin-top: 0px !important;margin-bottom: 0px !important;padding-top: 10px !important;padding-bottom: 0px !important;}&#8221;][vc_row_inner][vc_column_inner width=&#8221;5\/6&#8243; offset=&#8221;vc_col-lg-offset-2 vc_col-lg-8 vc_col-md-offset-2 vc_col-md-8 vc_col-sm-offset-1 vc_col-xs-12&#8243;][vc_custom_heading text=&#8221;Constru\u00e7\u00e3o e Desenvolvimento&#8221; font_container=&#8221;tag:h2|font_size:35px|text_align:center|line_height:42px&#8221; use_theme_fonts=&#8221;yes&#8221; css=&#8221;.vc_custom_1568295864692{margin-top: 10px !important;margin-bottom: 0px !important;padding-top: 0px !important;padding-bottom: 0px !important;}&#8221;][vc_single_image image=&#8221;10367&#8243; img_size=&#8221;full&#8221; alignment=&#8221;center&#8221; css=&#8221;.vc_custom_1568114525910{margin-top: 15px !important;margin-bottom: 0px !important;padding-top: 0px !important;padding-bottom: 0px !important;}&#8221;][vc_column_text [&hellip;]\" \/>\n<meta property=\"og:url\" content=\"https:\/\/uip.pt\/pt-pt\/servicos\/construcao-e-desenvolvimento\/\" \/>\n<meta property=\"og:site_name\" content=\"UIP\" \/>\n<meta property=\"article:modified_time\" content=\"2021-12-27T14:51:28+00:00\" \/>\n<meta property=\"og:image\" content=\"https:\/\/uip.pt\/wp-content\/uploads\/2020\/09\/UIP-job-offer.jpg\" \/>\n\t<meta property=\"og:image:width\" content=\"1920\" \/>\n\t<meta property=\"og:image:height\" content=\"1080\" \/>\n<meta name=\"twitter:card\" content=\"summary_large_image\" \/>\n<meta name=\"twitter:label1\" content=\"Tempo estimado de leitura\" \/>\n\t<meta name=\"twitter:data1\" content=\"4 minutos\" \/>\n<script type=\"application\/ld+json\" class=\"yoast-schema-graph\">{\"@context\":\"https:\/\/schema.org\",\"@graph\":[{\"@type\":\"WebSite\",\"@id\":\"https:\/\/uip.pt\/#website\",\"url\":\"https:\/\/uip.pt\/\",\"name\":\"UIP\",\"description\":\"\",\"potentialAction\":[{\"@type\":\"SearchAction\",\"target\":{\"@type\":\"EntryPoint\",\"urlTemplate\":\"https:\/\/uip.pt\/?s={search_term_string}\"},\"query-input\":\"required name=search_term_string\"}],\"inLanguage\":\"pt-PT\"},{\"@type\":\"WebPage\",\"@id\":\"https:\/\/uip.pt\/pt-pt\/servicos\/construcao-e-desenvolvimento\/#webpage\",\"url\":\"https:\/\/uip.pt\/pt-pt\/servicos\/construcao-e-desenvolvimento\/\",\"name\":\"Constru\\u00e7\\u00e3o e Desenvolvimento - UIP\",\"isPartOf\":{\"@id\":\"https:\/\/uip.pt\/#website\"},\"datePublished\":\"2019-06-12T10:59:34+00:00\",\"dateModified\":\"2021-12-27T14:51:28+00:00\",\"breadcrumb\":{\"@id\":\"https:\/\/uip.pt\/pt-pt\/servicos\/construcao-e-desenvolvimento\/#breadcrumb\"},\"inLanguage\":\"pt-PT\",\"potentialAction\":[{\"@type\":\"ReadAction\",\"target\":[\"https:\/\/uip.pt\/pt-pt\/servicos\/construcao-e-desenvolvimento\/\"]}]},{\"@type\":\"BreadcrumbList\",\"@id\":\"https:\/\/uip.pt\/pt-pt\/servicos\/construcao-e-desenvolvimento\/#breadcrumb\",\"itemListElement\":[{\"@type\":\"ListItem\",\"position\":1,\"name\":\"Home\",\"item\":\"https:\/\/uip.pt\/pt-pt\/\"},{\"@type\":\"ListItem\",\"position\":2,\"name\":\"Servi\\u00e7os\",\"item\":\"https:\/\/uip.pt\/pt-pt\/servicos\/\"},{\"@type\":\"ListItem\",\"position\":3,\"name\":\"Constru\\u00e7\\u00e3o e Desenvolvimento\"}]}]}<\/script>\n<!-- \/ Yoast SEO plugin. -->","yoast_head_json":{"title":"Constru\u00e7\u00e3o e Desenvolvimento - UIP","robots":{"index":"index","follow":"follow","max-snippet":"max-snippet:-1","max-image-preview":"max-image-preview:large","max-video-preview":"max-video-preview:-1"},"canonical":"https:\/\/uip.pt\/pt-pt\/servicos\/construcao-e-desenvolvimento\/","og_locale":"pt_PT","og_type":"article","og_title":"Constru\u00e7\u00e3o e Desenvolvimento - UIP","og_description":"[vc_section full_width=&#8221;stretch_row&#8221; css=&#8221;.vc_custom_1568286571879{padding-top: 50px !important;}&#8221;][vc_row full_width=&#8221;stretch_row&#8221; css=&#8221;.vc_custom_1568287571205{margin-top: 0px !important;margin-bottom: 0px !important;background-color: #ffffff !important;}&#8221;][vc_column css=&#8221;.vc_custom_1523598921112{margin-top: 0px !important;margin-bottom: 0px !important;padding-top: 10px !important;padding-bottom: 0px !important;}&#8221;][vc_row_inner][vc_column_inner width=&#8221;5\/6&#8243; offset=&#8221;vc_col-lg-offset-2 vc_col-lg-8 vc_col-md-offset-2 vc_col-md-8 vc_col-sm-offset-1 vc_col-xs-12&#8243;][vc_custom_heading text=&#8221;Constru\u00e7\u00e3o e Desenvolvimento&#8221; font_container=&#8221;tag:h2|font_size:35px|text_align:center|line_height:42px&#8221; use_theme_fonts=&#8221;yes&#8221; css=&#8221;.vc_custom_1568295864692{margin-top: 10px !important;margin-bottom: 0px !important;padding-top: 0px !important;padding-bottom: 0px !important;}&#8221;][vc_single_image image=&#8221;10367&#8243; img_size=&#8221;full&#8221; alignment=&#8221;center&#8221; css=&#8221;.vc_custom_1568114525910{margin-top: 15px !important;margin-bottom: 0px !important;padding-top: 0px !important;padding-bottom: 0px !important;}&#8221;][vc_column_text [&hellip;]","og_url":"https:\/\/uip.pt\/pt-pt\/servicos\/construcao-e-desenvolvimento\/","og_site_name":"UIP","article_modified_time":"2021-12-27T14:51:28+00:00","og_image":[{"width":1920,"height":1080,"url":"https:\/\/uip.pt\/wp-content\/uploads\/2020\/09\/UIP-job-offer.jpg","type":"image\/jpeg"}],"twitter_card":"summary_large_image","twitter_misc":{"Tempo estimado de leitura":"4 minutos"},"schema":{"@context":"https:\/\/schema.org","@graph":[{"@type":"WebSite","@id":"https:\/\/uip.pt\/#website","url":"https:\/\/uip.pt\/","name":"UIP","description":"","potentialAction":[{"@type":"SearchAction","target":{"@type":"EntryPoint","urlTemplate":"https:\/\/uip.pt\/?s={search_term_string}"},"query-input":"required name=search_term_string"}],"inLanguage":"pt-PT"},{"@type":"WebPage","@id":"https:\/\/uip.pt\/pt-pt\/servicos\/construcao-e-desenvolvimento\/#webpage","url":"https:\/\/uip.pt\/pt-pt\/servicos\/construcao-e-desenvolvimento\/","name":"Constru\u00e7\u00e3o e Desenvolvimento - UIP","isPartOf":{"@id":"https:\/\/uip.pt\/#website"},"datePublished":"2019-06-12T10:59:34+00:00","dateModified":"2021-12-27T14:51:28+00:00","breadcrumb":{"@id":"https:\/\/uip.pt\/pt-pt\/servicos\/construcao-e-desenvolvimento\/#breadcrumb"},"inLanguage":"pt-PT","potentialAction":[{"@type":"ReadAction","target":["https:\/\/uip.pt\/pt-pt\/servicos\/construcao-e-desenvolvimento\/"]}]},{"@type":"BreadcrumbList","@id":"https:\/\/uip.pt\/pt-pt\/servicos\/construcao-e-desenvolvimento\/#breadcrumb","itemListElement":[{"@type":"ListItem","position":1,"name":"Home","item":"https:\/\/uip.pt\/pt-pt\/"},{"@type":"ListItem","position":2,"name":"Servi\u00e7os","item":"https:\/\/uip.pt\/pt-pt\/servicos\/"},{"@type":"ListItem","position":3,"name":"Constru\u00e7\u00e3o e Desenvolvimento"}]}]}},"_links":{"self":[{"href":"https:\/\/uip.pt\/pt-pt\/wp-json\/wp\/v2\/pages\/11790"}],"collection":[{"href":"https:\/\/uip.pt\/pt-pt\/wp-json\/wp\/v2\/pages"}],"about":[{"href":"https:\/\/uip.pt\/pt-pt\/wp-json\/wp\/v2\/types\/page"}],"author":[{"embeddable":true,"href":"https:\/\/uip.pt\/pt-pt\/wp-json\/wp\/v2\/users\/1"}],"replies":[{"embeddable":true,"href":"https:\/\/uip.pt\/pt-pt\/wp-json\/wp\/v2\/comments?post=11790"}],"version-history":[{"count":12,"href":"https:\/\/uip.pt\/pt-pt\/wp-json\/wp\/v2\/pages\/11790\/revisions"}],"predecessor-version":[{"id":19717,"href":"https:\/\/uip.pt\/pt-pt\/wp-json\/wp\/v2\/pages\/11790\/revisions\/19717"}],"up":[{"embeddable":true,"href":"https:\/\/uip.pt\/pt-pt\/wp-json\/wp\/v2\/pages\/11789"}],"wp:attachment":[{"href":"https:\/\/uip.pt\/pt-pt\/wp-json\/wp\/v2\/media?parent=11790"}],"curies":[{"name":"wp","href":"https:\/\/api.w.org\/{rel}","templated":true}]}}