{"id":11789,"date":"2019-06-17T11:00:15","date_gmt":"2019-06-17T11:00:15","guid":{"rendered":"https:\/\/uip.pt\/services\/"},"modified":"2019-10-28T14:35:00","modified_gmt":"2019-10-28T14:35:00","slug":"servicos","status":"publish","type":"page","link":"https:\/\/uip.pt\/pt-pt\/servicos\/","title":{"rendered":"Servi\u00e7os"},"content":{"rendered":"<p>[vc_section full_width=&#8221;stretch_row&#8221; css=&#8221;.vc_custom_1568286623880{padding-top: 50px !important;}&#8221;][vc_row full_width=&#8221;stretch_row&#8221; css=&#8221;.vc_custom_1568125491590{margin-top: 0px !important;margin-bottom: 0px !important;padding-bottom: 65px !important;background-color: #ffffff !important;}&#8221;][vc_column css=&#8221;.vc_custom_1523598921112{margin-top: 0px !important;margin-bottom: 0px !important;padding-top: 10px !important;padding-bottom: 0px !important;}&#8221;][vc_row_inner][vc_column_inner width=&#8221;5\/6&#8243; offset=&#8221;vc_col-lg-offset-2 vc_col-lg-8 vc_col-md-offset-2 vc_col-md-8 vc_col-sm-offset-1 vc_col-xs-12&#8243;][vc_custom_heading text=&#8221;Os Nossos Servi\u00e7os&#8221; font_container=&#8221;tag:h2|font_size:35px|text_align:center|line_height:42px&#8221; use_theme_fonts=&#8221;yes&#8221; css=&#8221;.vc_custom_1568136557492{margin-top: 10px !important;margin-bottom: 0px !important;padding-top: 0px !important;padding-bottom: 0px !important;}&#8221;][vc_single_image image=&#8221;10367&#8243; img_size=&#8221;full&#8221; alignment=&#8221;center&#8221; css=&#8221;.vc_custom_1568114525910{margin-top: 15px !important;margin-bottom: 0px !important;padding-top: 0px !important;padding-bottom: 0px !important;}&#8221;][vc_column_text css=&#8221;.vc_custom_1568136547757{padding-top: 15px !important;}&#8221;]<\/p>\n<p class=\"p1\" style=\"text-align: center;\"><span class=\"s1\">A United Investments Portugal \u00e9 especialista e reconhecida pela gest\u00e3o e desenvolvimento de ativos e a sua operacionaliza\u00e7\u00e3o, com especial foco na \u00e1rea do turismo e imobili\u00e1rio. A UIP apresenta solu\u00e7\u00f5es ou consultoria desde o in\u00edcio do projeto, desenvolvimento e constru\u00e7\u00e3o, at\u00e9 \u00e0 operacionaliza\u00e7\u00e3o a tempo inteiro do mesmo.<\/span><\/p>\n<p>[\/vc_column_text][\/vc_column_inner][\/vc_row_inner][vc_row_inner gap=&#8221;30&#8243; css=&#8221;.vc_custom_1568054431881{margin-top: 0px !important;margin-bottom: 0px !important;padding-top: 15px !important;padding-bottom: 0px !important;}&#8221;][vc_column_inner el_class=&#8221;box-hover-text&#8221; width=&#8221;1\/2&#8243; css=&#8221;.vc_custom_1568054750280{border-top-width: 1px !important;border-right-width: 1px !important;border-bottom-width: 1px !important;border-left-width: 1px !important;padding-top: 0px !important;padding-right: 0px !important;padding-bottom: 0px !important;padding-left: 0px !important;border-left-color: #eaeaea !important;border-left-style: solid !important;border-right-color: #eaeaea !important;border-right-style: solid !important;border-top-color: #eaeaea !important;border-top-style: solid !important;border-bottom-color: #eaeaea !important;border-bottom-style: solid !important;}&#8221; offset=&#8221;vc_col-lg-offset-0 vc_col-lg-4 vc_col-md-offset-0 vc_col-md-4 vc_col-sm-offset-3 vc_col-xs-12&#8243;][vc_single_image image=&#8221;11672&#8243; img_size=&#8221;full&#8221; alignment=&#8221;center&#8221;][vc_custom_heading text=&#8221;Hotelaria&#8221; font_container=&#8221;tag:h3|font_size:18px|text_align:center|color:%23414042|line_height:23px&#8221; use_theme_fonts=&#8221;yes&#8221; css=&#8221;.vc_custom_1568370730659{margin-top: 0px !important;margin-bottom: 0px !important;}&#8221; link=&#8221;url:%2Fservicos%2Fhotelaria%2F|||&#8221;]\r<!-- rt-button2 -->\r<div class=\"rt-button2 element-two hover-style-one exfea7d5e6f6ade5f  \"  data-button-direction=\"center\" data-button-fullwidth=\"false\" ><a style=\" color: #d2ab67; font-size: 12px;\" class=\"rt-button2-main  vc_custom_1572273238914\" href=\"\/pt-pt\/servicos\/hotelaria\/\"  title=\"\" target=\"_self\"><div class=\"overlay\"><\/div><div class=\"placeholder\">MAIS INFORMA\u00c7\u00c3O<\/div><\/a><\/div>\r<!-- rt-button2 -->\r[\/vc_column_inner][vc_column_inner el_class=&#8221;box-hover-text&#8221; width=&#8221;1\/2&#8243; css=&#8221;.vc_custom_1568054758134{border-top-width: 1px !important;border-right-width: 1px !important;border-bottom-width: 1px !important;border-left-width: 1px !important;padding-top: 0px !important;padding-right: 0px !important;padding-bottom: 0px !important;padding-left: 0px !important;border-left-color: #eaeaea !important;border-left-style: solid !important;border-right-color: #eaeaea !important;border-right-style: solid !important;border-top-color: #eaeaea !important;border-top-style: solid !important;border-bottom-color: #eaeaea !important;border-bottom-style: solid !important;}&#8221; offset=&#8221;vc_col-lg-offset-0 vc_col-lg-4 vc_col-md-offset-0 vc_col-md-4 vc_col-sm-offset-3 vc_col-xs-12&#8243;][vc_single_image image=&#8221;12519&#8243; img_size=&#8221;full&#8221; alignment=&#8221;center&#8221;][vc_custom_heading text=&#8221;Real Estate&#8221; font_container=&#8221;tag:h3|font_size:18px|text_align:center|color:%23414042|line_height:23px&#8221; use_theme_fonts=&#8221;yes&#8221; css=&#8221;.vc_custom_1568370756634{margin-top: 0px !important;margin-bottom: 0px !important;}&#8221; link=&#8221;url:%2Fservicos%2Freal-estate%2F|||&#8221;]\r<!-- rt-button2 -->\r<div class=\"rt-button2 element-two hover-style-one ex7aa18de3b2f7081  \"  data-button-direction=\"center\" data-button-fullwidth=\"false\" ><a style=\" color: #d2ab67; font-size: 12px;\" class=\"rt-button2-main  vc_custom_1572273247259\" href=\"\/pt-pt\/servicos\/real-estate\/\"  title=\"\" target=\"_self\"><div class=\"overlay\"><\/div><div class=\"placeholder\">MAIS INFORMA\u00c7\u00c3O<\/div><\/a><\/div>\r<!-- rt-button2 -->\r[\/vc_column_inner][vc_column_inner el_class=&#8221;box-hover-text&#8221; width=&#8221;1\/2&#8243; css=&#8221;.vc_custom_1568054767224{border-top-width: 1px !important;border-right-width: 1px !important;border-bottom-width: 1px !important;border-left-width: 1px !important;padding-top: 0px !important;padding-right: 0px !important;padding-bottom: 0px !important;padding-left: 0px !important;border-left-color: #eaeaea !important;border-left-style: solid !important;border-right-color: #eaeaea !important;border-right-style: solid !important;border-top-color: #eaeaea !important;border-top-style: solid !important;border-bottom-color: #eaeaea !important;border-bottom-style: solid !important;}&#8221; offset=&#8221;vc_col-lg-offset-0 vc_col-lg-4 vc_col-md-offset-0 vc_col-md-4 vc_col-sm-offset-3 vc_col-xs-12&#8243;][vc_single_image image=&#8221;11665&#8243; img_size=&#8221;full&#8221; alignment=&#8221;center&#8221;][vc_custom_heading text=&#8221;Constru\u00e7\u00e3o e Desenvolvimento&#8221; font_container=&#8221;tag:h3|font_size:18px|text_align:center|color:%23414042|line_height:23px&#8221; use_theme_fonts=&#8221;yes&#8221; css=&#8221;.vc_custom_1568370752627{margin-top: 0px !important;margin-bottom: 0px !important;}&#8221; link=&#8221;url:%2Fservicos%2Fconstrucao-e-desenvolvimento%2F|||&#8221;]\r<!-- rt-button2 -->\r<div class=\"rt-button2 element-two hover-style-one ex078c3c5f80e6456  \"  data-button-direction=\"center\" data-button-fullwidth=\"false\" ><a style=\" color: #d2ab67; font-size: 12px;\" class=\"rt-button2-main  vc_custom_1572273255905\" href=\"\/pt-pt\/servicos\/construcao-e-desenvolvimento\/\"  title=\"\" target=\"_self\"><div class=\"overlay\"><\/div><div class=\"placeholder\">MAIS INFORMA\u00c7\u00c3O<\/div><\/a><\/div>\r<!-- rt-button2 -->\r[\/vc_column_inner][\/vc_row_inner][vc_row_inner gap=&#8221;30&#8243; css=&#8221;.vc_custom_1568135903123{margin-top: 0px !important;margin-bottom: 0px !important;padding-top: 0px !important;padding-bottom: 0px !important;}&#8221;][vc_column_inner el_class=&#8221;box-hover-text&#8221; width=&#8221;1\/2&#8243; css=&#8221;.vc_custom_1568054750280{border-top-width: 1px !important;border-right-width: 1px !important;border-bottom-width: 1px !important;border-left-width: 1px !important;padding-top: 0px !important;padding-right: 0px !important;padding-bottom: 0px !important;padding-left: 0px !important;border-left-color: #eaeaea !important;border-left-style: solid !important;border-right-color: #eaeaea !important;border-right-style: solid !important;border-top-color: #eaeaea !important;border-top-style: solid !important;border-bottom-color: #eaeaea !important;border-bottom-style: solid !important;}&#8221; offset=&#8221;vc_col-lg-offset-0 vc_col-lg-4 vc_col-md-offset-0 vc_col-md-4 vc_col-sm-offset-3 vc_col-xs-12&#8243;][vc_single_image image=&#8221;12521&#8243; img_size=&#8221;full&#8221; alignment=&#8221;center&#8221;][vc_custom_heading text=&#8221;Opera\u00e7\u00f5es e Gest\u00e3o de Ativos&#8221; font_container=&#8221;tag:h3|font_size:18px|text_align:center|color:%23414042|line_height:23px&#8221; use_theme_fonts=&#8221;yes&#8221; css=&#8221;.vc_custom_1568370871051{margin-top: 0px !important;margin-bottom: 0px !important;}&#8221; link=&#8221;url:%2Fservicos%2Foperacoes-e-gestao-ativos%2F|||&#8221;]\r<!-- rt-button2 -->\r<div class=\"rt-button2 element-two hover-style-one exa7de40acc673105  \"  data-button-direction=\"center\" data-button-fullwidth=\"false\" ><a style=\" color: #d2ab67; font-size: 12px;\" class=\"rt-button2-main  vc_custom_1572273263197\" href=\"\/pt-pt\/servicos\/operacoes-e-gestao-ativos\/\"  title=\"\" target=\"_self\"><div class=\"overlay\"><\/div><div class=\"placeholder\">MAIS INFORMA\u00c7\u00c3O<\/div><\/a><\/div>\r<!-- rt-button2 -->\r[\/vc_column_inner][vc_column_inner el_class=&#8221;box-hover-text&#8221; width=&#8221;1\/2&#8243; css=&#8221;.vc_custom_1568054758134{border-top-width: 1px !important;border-right-width: 1px !important;border-bottom-width: 1px !important;border-left-width: 1px !important;padding-top: 0px !important;padding-right: 0px !important;padding-bottom: 0px !important;padding-left: 0px !important;border-left-color: #eaeaea !important;border-left-style: solid !important;border-right-color: #eaeaea !important;border-right-style: solid !important;border-top-color: #eaeaea !important;border-top-style: solid !important;border-bottom-color: #eaeaea !important;border-bottom-style: solid !important;}&#8221; offset=&#8221;vc_col-lg-offset-0 vc_col-lg-4 vc_col-md-offset-0 vc_col-md-4 vc_col-sm-offset-3 vc_col-xs-12&#8243;][vc_single_image image=&#8221;11670&#8243; img_size=&#8221;full&#8221; alignment=&#8221;center&#8221;][vc_custom_heading text=&#8221;Lazer, Sa\u00fade &#038; Bem-estar&#8221; font_container=&#8221;tag:h3|font_size:18px|text_align:center|color:%23414042|line_height:23px&#8221; use_theme_fonts=&#8221;yes&#8221; css=&#8221;.vc_custom_1568370875154{margin-top: 0px !important;margin-bottom: 0px !important;padding-top: 0px !important;}&#8221; link=&#8221;url:%2Fservicos%2Flazer-saude-bem-estar%2F|||&#8221;]\r<!-- rt-button2 -->\r<div class=\"rt-button2 element-two hover-style-one ex0ed829f1234c828  \"  data-button-direction=\"center\" data-button-fullwidth=\"false\" ><a style=\" color: #d2ab67; font-size: 12px;\" class=\"rt-button2-main  vc_custom_1572273273041\" href=\"\/pt-pt\/servicos\/lazer-saude-bem-estar\/\"  title=\"\" target=\"_self\"><div class=\"overlay\"><\/div><div class=\"placeholder\">MAIS INFORMA\u00c7\u00c3O<\/div><\/a><\/div>\r<!-- rt-button2 -->\r[\/vc_column_inner][vc_column_inner el_class=&#8221;box-hover-text&#8221; width=&#8221;1\/2&#8243; css=&#8221;.vc_custom_1568054767224{border-top-width: 1px !important;border-right-width: 1px !important;border-bottom-width: 1px !important;border-left-width: 1px !important;padding-top: 0px !important;padding-right: 0px !important;padding-bottom: 0px !important;padding-left: 0px !important;border-left-color: #eaeaea !important;border-left-style: solid !important;border-right-color: #eaeaea !important;border-right-style: solid !important;border-top-color: #eaeaea !important;border-top-style: solid !important;border-bottom-color: #eaeaea !important;border-bottom-style: solid !important;}&#8221; offset=&#8221;vc_col-lg-offset-0 vc_col-lg-4 vc_col-md-offset-0 vc_col-md-4 vc_col-sm-offset-3 vc_col-xs-12&#8243;][vc_single_image image=&#8221;11667&#8243; img_size=&#8221;full&#8221; alignment=&#8221;center&#8221;][vc_custom_heading text=&#8221;Marketing e Vendas&#8221; font_container=&#8221;tag:h3|font_size:18px|text_align:center|color:%23414042|line_height:23px&#8221; use_theme_fonts=&#8221;yes&#8221; css=&#8221;.vc_custom_1568370879164{margin-top: 0px !important;margin-bottom: 0px !important;}&#8221; link=&#8221;url:%2Fservicos%2Fmarketing-e-vendas%2F|||&#8221;]\r<!-- rt-button2 -->\r<div class=\"rt-button2 element-two hover-style-one ex2c886259829cad7  \"  data-button-direction=\"center\" data-button-fullwidth=\"false\" ><a style=\" color: #d2ab67; font-size: 12px;\" class=\"rt-button2-main  vc_custom_1572273281751\" href=\"\/pt-pt\/servicos\/marketing-e-vendas\/\"  title=\"\" target=\"_self\"><div class=\"overlay\"><\/div><div class=\"placeholder\">MAIS INFORMA\u00c7\u00c3O<\/div><\/a><\/div>\r<!-- rt-button2 -->\r[\/vc_column_inner][\/vc_row_inner][\/vc_column][\/vc_row][\/vc_section]<\/p>\n","protected":false},"excerpt":{"rendered":"<p>[vc_section full_width=&#8221;stretch_row&#8221; css=&#8221;.vc_custom_1568286623880{padding-top: 50px !important;}&#8221;][vc_row full_width=&#8221;stretch_row&#8221; css=&#8221;.vc_custom_1568125491590{margin-top: 0px !important;margin-bottom: 0px !important;padding-bottom: 65px !important;background-color: #ffffff !important;}&#8221;][vc_column css=&#8221;.vc_custom_1523598921112{margin-top: 0px !important;margin-bottom: 0px !important;padding-top: 10px !important;padding-bottom: 0px !important;}&#8221;][vc_row_inner][vc_column_inner width=&#8221;5\/6&#8243; offset=&#8221;vc_col-lg-offset-2 vc_col-lg-8 vc_col-md-offset-2 vc_col-md-8 vc_col-sm-offset-1 vc_col-xs-12&#8243;][vc_custom_heading text=&#8221;Os Nossos Servi\u00e7os&#8221; font_container=&#8221;tag:h2|font_size:35px|text_align:center|line_height:42px&#8221; use_theme_fonts=&#8221;yes&#8221; css=&#8221;.vc_custom_1568136557492{margin-top: 10px !important;margin-bottom: 0px !important;padding-top: 0px !important;padding-bottom: 0px !important;}&#8221;][vc_single_image image=&#8221;10367&#8243; img_size=&#8221;full&#8221; alignment=&#8221;center&#8221; css=&#8221;.vc_custom_1568114525910{margin-top: 15px !important;margin-bottom: 0px !important;padding-top: 0px !important;padding-bottom: [&hellip;]<\/p>\n","protected":false},"author":1,"featured_media":0,"parent":0,"menu_order":0,"comment_status":"closed","ping_status":"closed","template":"","meta":[],"acf":[],"yoast_head":"<!-- This site is optimized with the Yoast SEO plugin v17.8 - https:\/\/yoast.com\/wordpress\/plugins\/seo\/ -->\n<title>Servi\u00e7os - UIP<\/title>\n<meta name=\"robots\" content=\"index, follow, max-snippet:-1, max-image-preview:large, max-video-preview:-1\" \/>\n<link rel=\"canonical\" href=\"https:\/\/uip.pt\/pt-pt\/servicos\/\" \/>\n<meta property=\"og:locale\" content=\"pt_PT\" \/>\n<meta property=\"og:type\" content=\"article\" \/>\n<meta property=\"og:title\" content=\"Servi\u00e7os - UIP\" \/>\n<meta property=\"og:description\" content=\"[vc_section full_width=&#8221;stretch_row&#8221; css=&#8221;.vc_custom_1568286623880{padding-top: 50px !important;}&#8221;][vc_row full_width=&#8221;stretch_row&#8221; css=&#8221;.vc_custom_1568125491590{margin-top: 0px !important;margin-bottom: 0px !important;padding-bottom: 65px !important;background-color: #ffffff !important;}&#8221;][vc_column css=&#8221;.vc_custom_1523598921112{margin-top: 0px !important;margin-bottom: 0px !important;padding-top: 10px !important;padding-bottom: 0px !important;}&#8221;][vc_row_inner][vc_column_inner width=&#8221;5\/6&#8243; offset=&#8221;vc_col-lg-offset-2 vc_col-lg-8 vc_col-md-offset-2 vc_col-md-8 vc_col-sm-offset-1 vc_col-xs-12&#8243;][vc_custom_heading text=&#8221;Os Nossos Servi\u00e7os&#8221; font_container=&#8221;tag:h2|font_size:35px|text_align:center|line_height:42px&#8221; use_theme_fonts=&#8221;yes&#8221; css=&#8221;.vc_custom_1568136557492{margin-top: 10px !important;margin-bottom: 0px !important;padding-top: 0px !important;padding-bottom: 0px !important;}&#8221;][vc_single_image image=&#8221;10367&#8243; img_size=&#8221;full&#8221; alignment=&#8221;center&#8221; css=&#8221;.vc_custom_1568114525910{margin-top: 15px !important;margin-bottom: 0px !important;padding-top: 0px !important;padding-bottom: [&hellip;]\" \/>\n<meta property=\"og:url\" content=\"https:\/\/uip.pt\/pt-pt\/servicos\/\" \/>\n<meta property=\"og:site_name\" content=\"UIP\" \/>\n<meta property=\"article:modified_time\" content=\"2019-10-28T14:35:00+00:00\" \/>\n<meta property=\"og:image\" content=\"https:\/\/uip.pt\/wp-content\/uploads\/2020\/09\/UIP-job-offer.jpg\" \/>\n\t<meta property=\"og:image:width\" content=\"1920\" \/>\n\t<meta property=\"og:image:height\" content=\"1080\" \/>\n<meta name=\"twitter:card\" content=\"summary_large_image\" \/>\n<meta name=\"twitter:label1\" content=\"Tempo estimado de leitura\" \/>\n\t<meta name=\"twitter:data1\" content=\"6 minutos\" \/>\n<script type=\"application\/ld+json\" class=\"yoast-schema-graph\">{\"@context\":\"https:\/\/schema.org\",\"@graph\":[{\"@type\":\"WebSite\",\"@id\":\"https:\/\/uip.pt\/#website\",\"url\":\"https:\/\/uip.pt\/\",\"name\":\"UIP\",\"description\":\"\",\"potentialAction\":[{\"@type\":\"SearchAction\",\"target\":{\"@type\":\"EntryPoint\",\"urlTemplate\":\"https:\/\/uip.pt\/?s={search_term_string}\"},\"query-input\":\"required name=search_term_string\"}],\"inLanguage\":\"pt-PT\"},{\"@type\":\"WebPage\",\"@id\":\"https:\/\/uip.pt\/pt-pt\/servicos\/#webpage\",\"url\":\"https:\/\/uip.pt\/pt-pt\/servicos\/\",\"name\":\"Servi\\u00e7os - UIP\",\"isPartOf\":{\"@id\":\"https:\/\/uip.pt\/#website\"},\"datePublished\":\"2019-06-17T11:00:15+00:00\",\"dateModified\":\"2019-10-28T14:35:00+00:00\",\"breadcrumb\":{\"@id\":\"https:\/\/uip.pt\/pt-pt\/servicos\/#breadcrumb\"},\"inLanguage\":\"pt-PT\",\"potentialAction\":[{\"@type\":\"ReadAction\",\"target\":[\"https:\/\/uip.pt\/pt-pt\/servicos\/\"]}]},{\"@type\":\"BreadcrumbList\",\"@id\":\"https:\/\/uip.pt\/pt-pt\/servicos\/#breadcrumb\",\"itemListElement\":[{\"@type\":\"ListItem\",\"position\":1,\"name\":\"Home\",\"item\":\"https:\/\/uip.pt\/pt-pt\/\"},{\"@type\":\"ListItem\",\"position\":2,\"name\":\"Servi\\u00e7os\"}]}]}<\/script>\n<!-- \/ Yoast SEO plugin. -->","yoast_head_json":{"title":"Servi\u00e7os - UIP","robots":{"index":"index","follow":"follow","max-snippet":"max-snippet:-1","max-image-preview":"max-image-preview:large","max-video-preview":"max-video-preview:-1"},"canonical":"https:\/\/uip.pt\/pt-pt\/servicos\/","og_locale":"pt_PT","og_type":"article","og_title":"Servi\u00e7os - UIP","og_description":"[vc_section full_width=&#8221;stretch_row&#8221; css=&#8221;.vc_custom_1568286623880{padding-top: 50px !important;}&#8221;][vc_row full_width=&#8221;stretch_row&#8221; css=&#8221;.vc_custom_1568125491590{margin-top: 0px !important;margin-bottom: 0px !important;padding-bottom: 65px !important;background-color: #ffffff !important;}&#8221;][vc_column css=&#8221;.vc_custom_1523598921112{margin-top: 0px !important;margin-bottom: 0px !important;padding-top: 10px !important;padding-bottom: 0px !important;}&#8221;][vc_row_inner][vc_column_inner width=&#8221;5\/6&#8243; offset=&#8221;vc_col-lg-offset-2 vc_col-lg-8 vc_col-md-offset-2 vc_col-md-8 vc_col-sm-offset-1 vc_col-xs-12&#8243;][vc_custom_heading text=&#8221;Os Nossos Servi\u00e7os&#8221; font_container=&#8221;tag:h2|font_size:35px|text_align:center|line_height:42px&#8221; use_theme_fonts=&#8221;yes&#8221; css=&#8221;.vc_custom_1568136557492{margin-top: 10px !important;margin-bottom: 0px !important;padding-top: 0px !important;padding-bottom: 0px !important;}&#8221;][vc_single_image image=&#8221;10367&#8243; img_size=&#8221;full&#8221; alignment=&#8221;center&#8221; css=&#8221;.vc_custom_1568114525910{margin-top: 15px !important;margin-bottom: 0px !important;padding-top: 0px !important;padding-bottom: [&hellip;]","og_url":"https:\/\/uip.pt\/pt-pt\/servicos\/","og_site_name":"UIP","article_modified_time":"2019-10-28T14:35:00+00:00","og_image":[{"width":1920,"height":1080,"url":"https:\/\/uip.pt\/wp-content\/uploads\/2020\/09\/UIP-job-offer.jpg","type":"image\/jpeg"}],"twitter_card":"summary_large_image","twitter_misc":{"Tempo estimado de leitura":"6 minutos"},"schema":{"@context":"https:\/\/schema.org","@graph":[{"@type":"WebSite","@id":"https:\/\/uip.pt\/#website","url":"https:\/\/uip.pt\/","name":"UIP","description":"","potentialAction":[{"@type":"SearchAction","target":{"@type":"EntryPoint","urlTemplate":"https:\/\/uip.pt\/?s={search_term_string}"},"query-input":"required name=search_term_string"}],"inLanguage":"pt-PT"},{"@type":"WebPage","@id":"https:\/\/uip.pt\/pt-pt\/servicos\/#webpage","url":"https:\/\/uip.pt\/pt-pt\/servicos\/","name":"Servi\u00e7os - UIP","isPartOf":{"@id":"https:\/\/uip.pt\/#website"},"datePublished":"2019-06-17T11:00:15+00:00","dateModified":"2019-10-28T14:35:00+00:00","breadcrumb":{"@id":"https:\/\/uip.pt\/pt-pt\/servicos\/#breadcrumb"},"inLanguage":"pt-PT","potentialAction":[{"@type":"ReadAction","target":["https:\/\/uip.pt\/pt-pt\/servicos\/"]}]},{"@type":"BreadcrumbList","@id":"https:\/\/uip.pt\/pt-pt\/servicos\/#breadcrumb","itemListElement":[{"@type":"ListItem","position":1,"name":"Home","item":"https:\/\/uip.pt\/pt-pt\/"},{"@type":"ListItem","position":2,"name":"Servi\u00e7os"}]}]}},"_links":{"self":[{"href":"https:\/\/uip.pt\/pt-pt\/wp-json\/wp\/v2\/pages\/11789"}],"collection":[{"href":"https:\/\/uip.pt\/pt-pt\/wp-json\/wp\/v2\/pages"}],"about":[{"href":"https:\/\/uip.pt\/pt-pt\/wp-json\/wp\/v2\/types\/page"}],"author":[{"embeddable":true,"href":"https:\/\/uip.pt\/pt-pt\/wp-json\/wp\/v2\/users\/1"}],"replies":[{"embeddable":true,"href":"https:\/\/uip.pt\/pt-pt\/wp-json\/wp\/v2\/comments?post=11789"}],"version-history":[{"count":13,"href":"https:\/\/uip.pt\/pt-pt\/wp-json\/wp\/v2\/pages\/11789\/revisions"}],"predecessor-version":[{"id":12802,"href":"https:\/\/uip.pt\/pt-pt\/wp-json\/wp\/v2\/pages\/11789\/revisions\/12802"}],"wp:attachment":[{"href":"https:\/\/uip.pt\/pt-pt\/wp-json\/wp\/v2\/media?parent=11789"}],"curies":[{"name":"wp","href":"https:\/\/api.w.org\/{rel}","templated":true}]}}