{"id":11788,"date":"2019-06-13T17:35:57","date_gmt":"2019-06-13T17:35:57","guid":{"rendered":"https:\/\/uip.pt\/hotelandresorts\/yotel\/"},"modified":"2021-12-21T19:05:33","modified_gmt":"2021-12-21T19:05:33","slug":"yotel","status":"publish","type":"page","link":"https:\/\/uip.pt\/pt-pt\/hoteis-e-resorts\/yotel\/","title":{"rendered":"YOTEL"},"content":{"rendered":"<p>[vc_section css=&#8221;.vc_custom_1568284346764{padding-top: 65px !important;padding-bottom: 40px !important;}&#8221;][vc_row css=&#8221;.vc_custom_1568131559187{background-color: #ffffff !important;}&#8221;][vc_column css=&#8221;.vc_custom_1568115859213{margin-top: 0px !important;padding-top: 0px !important;}&#8221;][vc_row_inner][vc_column_inner offset=&#8221;vc_col-lg-offset-2 vc_col-lg-8 vc_col-md-offset-2 vc_col-md-8 vc_col-xs-12&#8243;][vc_custom_heading text=&#8221;O YOTEL \u00e9 uma experi\u00eancia de hotel de primeira classe a um pre\u00e7o acess\u00edvel.&#8221; font_container=&#8221;tag:h5|text_align:center|color:%23414042|line_height:26px&#8221; use_theme_fonts=&#8221;yes&#8221; css=&#8221;.vc_custom_1572272429249{margin-top: 10px !important;}&#8221;][vc_column_text css=&#8221;.vc_custom_1640021643430{margin-bottom: 15px !important;padding-top: 15px !important;padding-right: 3% !important;}&#8221;]<\/p>\n<p class=\"p1\" style=\"text-align: center;\"><span class=\"s1\">Inspirado pelo luxo das viagens em primeira classe e concebido sem restri\u00e7\u00f5es para os h\u00f3spedes, o YOTEL leva os elementos essenciais dos hot\u00e9is de luxo para espa\u00e7os mais pequenos e inteligentes, e oferece valor acrescentado e um sentimento de comunidade atrav\u00e9s de \u00e1reas de <em>co-working<\/em>, espa\u00e7os sociais e de exerc\u00edcio.<br \/>\nA UIP tem participa\u00e7\u00e3o na administra\u00e7\u00e3o da cadeia hoteleira YOTEL.<\/span><\/p>\n<p>[\/vc_column_text][vc_single_image image=&#8221;10367&#8243; img_size=&#8221;full&#8221; alignment=&#8221;center&#8221; css=&#8221;.vc_custom_1572272424784{margin-top: 0px !important;margin-bottom: 0px !important;padding-top: 0px !important;padding-bottom: 0px !important;}&#8221;][\/vc_column_inner][\/vc_row_inner][vc_row_inner css=&#8221;.vc_custom_1568044145787{padding-top: 55px !important;}&#8221;][vc_column_inner offset=&#8221;vc_col-lg-6 vc_col-md-6 vc_col-xs-12&#8243;][vc_custom_heading text=&#8221;YOTEL Porto&#8221; font_container=&#8221;tag:h2|text_align:left|color:%23414042|line_height:36px&#8221; use_theme_fonts=&#8221;yes&#8221; css=&#8221;.vc_custom_1568232539311{padding-right: 3% !important;}&#8221;][vc_empty_space height=&#8221;35px&#8221;][vc_column_text css=&#8221;.vc_custom_1640113529519{padding-right: 3% !important;}&#8221;]<\/p>\n<p class=\"p1\"><span class=\"s1\">O primeiro YOTEL da Pen\u00ednsula Ib\u00e9rica abriu em junho de 2021, no Porto, e representa um investimento de cerca de 30 milh\u00f5es de euros. \u00c9 o primeiro YOTEL a operar em regime de <em>franchise<\/em>.<\/span><\/p>\n<p>&nbsp;<\/p>\n<p class=\"p1\"><span class=\"s1\">O hotel est\u00e1 localizado na Rua de Gon\u00e7alo Crist\u00f3v\u00e3o, perto da Trindade, no cora\u00e7\u00e3o do Porto e conta com 150 cabines, com SmartBed \u2122, a cama ajust\u00e1vel exclusiva da marca YOTEL (em cabines selecionadas).<\/span><\/p>\n<p>&nbsp;<\/p>\n<p class=\"p1\"><span class=\"s1\">Impulsionados por um sentido de comunidade, os generosos espa\u00e7os abertos, inteligentemente projetados para o YOTEL Porto s\u00e3o ideais para trabalhar, mas tamb\u00e9m para descontrair e comer ou beber algo. Os h\u00f3spedes t\u00eam ainda acesso a um gin\u00e1sio aberto 24 horas por dia, 7 dias por semana; e terra\u00e7o no <em>rooftop<\/em>, com uma vista excecional sobre a cidade.<\/span><\/p>\n<p>&nbsp;<\/p>\n<p class=\"p1\"><span class=\"s1\">Mais informa\u00e7\u00e3o <a style=\"color: #d2ab66;\" href=\"https:\/\/uip.pt\/pt-pt\/hoteis-e-resorts\/yotel\/\" target=\"_blank\" rel=\"noopener noreferrer\">aqui<\/a>.<\/span><\/p>\n<p>[\/vc_column_text][\/vc_column_inner][vc_column_inner offset=&#8221;vc_col-lg-6 vc_col-md-6 vc_col-xs-12&#8243;][vc_single_image image=&#8221;19583&#8243; img_size=&#8221;full&#8221; alignment=&#8221;center&#8221;][\/vc_column_inner][\/vc_row_inner][\/vc_column][\/vc_row][\/vc_section][vc_section full_width=&#8221;stretch_row&#8221; css=&#8221;.vc_custom_1568303512266{padding-top: 80px !important;padding-bottom: 45px !important;background-color: #f9f9f9 !important;}&#8221;][vc_row][vc_column css=&#8221;.vc_custom_1568122847432{margin-top: 0px !important;padding-top: 0px !important;}&#8221; offset=&#8221;vc_col-lg-6 vc_col-md-6 vc_col-xs-12&#8243;][vc_custom_heading text=&#8221;YOTEL New York&#8221; font_container=&#8221;tag:h2|text_align:left|color:%23414042|line_height:36px&#8221; use_theme_fonts=&#8221;yes&#8221; css=&#8221;.vc_custom_1568232550266{padding-right: 3% !important;}&#8221;][vc_empty_space height=&#8221;35px&#8221;][vc_column_text css=&#8221;.vc_custom_1640022095529{padding-right: 3% !important;}&#8221;]<\/p>\n<p class=\"p1\"><span class=\"s1\">A UIP \u00e9 s\u00f3cia maiorit\u00e1rio do YOTEL New York, o hotel <em>flagship<\/em> da marca.<\/span><\/p>\n<p>&nbsp;<\/p>\n<p class=\"p1\"><span class=\"s1\">O hotel situa-se no cora\u00e7\u00e3o de Manhattan e fica a apenas tr\u00eas quarteir\u00f5es de Times Square. O YOTEL New York oferece o <em>buzz<\/em> e a energia de Manhattan, sem praticar pre\u00e7os exorbitantes.<\/span><\/p>\n<p>&nbsp;<\/p>\n<p class=\"p1\"><span class=\"s1\">As 713 cabines oferecem aos h\u00f3spedes um espa\u00e7o inteligente e flex\u00edvel, onde podem relaxar, refrescar-se, conectar-se e dormir.<\/span><\/p>\n<p>[\/vc_column_text][\/vc_column][vc_column offset=&#8221;vc_col-lg-6 vc_col-md-6 vc_col-xs-12&#8243;][vc_single_image image=&#8221;11501&#8243; img_size=&#8221;full&#8221; alignment=&#8221;center&#8221;][\/vc_column][\/vc_row][\/vc_section]<\/p>\n","protected":false},"excerpt":{"rendered":"<p>[vc_section css=&#8221;.vc_custom_1568284346764{padding-top: 65px !important;padding-bottom: 40px !important;}&#8221;][vc_row css=&#8221;.vc_custom_1568131559187{background-color: #ffffff !important;}&#8221;][vc_column css=&#8221;.vc_custom_1568115859213{margin-top: 0px !important;padding-top: 0px !important;}&#8221;][vc_row_inner][vc_column_inner offset=&#8221;vc_col-lg-offset-2 vc_col-lg-8 vc_col-md-offset-2 vc_col-md-8 vc_col-xs-12&#8243;][vc_custom_heading text=&#8221;O YOTEL \u00e9 uma experi\u00eancia de hotel de primeira classe a um pre\u00e7o acess\u00edvel.&#8221; font_container=&#8221;tag:h5|text_align:center|color:%23414042|line_height:26px&#8221; use_theme_fonts=&#8221;yes&#8221; css=&#8221;.vc_custom_1572272429249{margin-top: 10px !important;}&#8221;][vc_column_text css=&#8221;.vc_custom_1640021643430{margin-bottom: 15px !important;padding-top: 15px !important;padding-right: 3% !important;}&#8221;] Inspirado pelo luxo das viagens em primeira classe e concebido [&hellip;]<\/p>\n","protected":false},"author":1,"featured_media":0,"parent":11783,"menu_order":0,"comment_status":"closed","ping_status":"closed","template":"","meta":[],"acf":[],"yoast_head":"<!-- This site is optimized with the Yoast SEO plugin v17.8 - https:\/\/yoast.com\/wordpress\/plugins\/seo\/ -->\n<title>YOTEL - UIP<\/title>\n<meta name=\"robots\" content=\"index, follow, max-snippet:-1, max-image-preview:large, max-video-preview:-1\" \/>\n<link rel=\"canonical\" href=\"https:\/\/uip.pt\/pt-pt\/hoteis-e-resorts\/yotel\/\" \/>\n<meta property=\"og:locale\" content=\"pt_PT\" \/>\n<meta property=\"og:type\" content=\"article\" \/>\n<meta property=\"og:title\" content=\"YOTEL - UIP\" \/>\n<meta property=\"og:description\" content=\"[vc_section css=&#8221;.vc_custom_1568284346764{padding-top: 65px !important;padding-bottom: 40px !important;}&#8221;][vc_row css=&#8221;.vc_custom_1568131559187{background-color: #ffffff !important;}&#8221;][vc_column css=&#8221;.vc_custom_1568115859213{margin-top: 0px !important;padding-top: 0px !important;}&#8221;][vc_row_inner][vc_column_inner offset=&#8221;vc_col-lg-offset-2 vc_col-lg-8 vc_col-md-offset-2 vc_col-md-8 vc_col-xs-12&#8243;][vc_custom_heading text=&#8221;O YOTEL \u00e9 uma experi\u00eancia de hotel de primeira classe a um pre\u00e7o acess\u00edvel.&#8221; font_container=&#8221;tag:h5|text_align:center|color:%23414042|line_height:26px&#8221; use_theme_fonts=&#8221;yes&#8221; css=&#8221;.vc_custom_1572272429249{margin-top: 10px !important;}&#8221;][vc_column_text css=&#8221;.vc_custom_1640021643430{margin-bottom: 15px !important;padding-top: 15px !important;padding-right: 3% !important;}&#8221;] Inspirado pelo luxo das viagens em primeira classe e concebido [&hellip;]\" \/>\n<meta property=\"og:url\" content=\"https:\/\/uip.pt\/pt-pt\/hoteis-e-resorts\/yotel\/\" \/>\n<meta property=\"og:site_name\" content=\"UIP\" \/>\n<meta property=\"article:modified_time\" content=\"2021-12-21T19:05:33+00:00\" \/>\n<meta property=\"og:image\" content=\"https:\/\/uip.pt\/wp-content\/uploads\/2020\/09\/UIP-job-offer.jpg\" \/>\n\t<meta property=\"og:image:width\" content=\"1920\" \/>\n\t<meta property=\"og:image:height\" content=\"1080\" \/>\n<meta name=\"twitter:card\" content=\"summary_large_image\" \/>\n<meta name=\"twitter:label1\" content=\"Tempo estimado de leitura\" \/>\n\t<meta name=\"twitter:data1\" content=\"3 minutos\" \/>\n<script type=\"application\/ld+json\" class=\"yoast-schema-graph\">{\"@context\":\"https:\/\/schema.org\",\"@graph\":[{\"@type\":\"WebSite\",\"@id\":\"https:\/\/uip.pt\/#website\",\"url\":\"https:\/\/uip.pt\/\",\"name\":\"UIP\",\"description\":\"\",\"potentialAction\":[{\"@type\":\"SearchAction\",\"target\":{\"@type\":\"EntryPoint\",\"urlTemplate\":\"https:\/\/uip.pt\/?s={search_term_string}\"},\"query-input\":\"required name=search_term_string\"}],\"inLanguage\":\"pt-PT\"},{\"@type\":\"WebPage\",\"@id\":\"https:\/\/uip.pt\/pt-pt\/hoteis-e-resorts\/yotel\/#webpage\",\"url\":\"https:\/\/uip.pt\/pt-pt\/hoteis-e-resorts\/yotel\/\",\"name\":\"YOTEL - UIP\",\"isPartOf\":{\"@id\":\"https:\/\/uip.pt\/#website\"},\"datePublished\":\"2019-06-13T17:35:57+00:00\",\"dateModified\":\"2021-12-21T19:05:33+00:00\",\"breadcrumb\":{\"@id\":\"https:\/\/uip.pt\/pt-pt\/hoteis-e-resorts\/yotel\/#breadcrumb\"},\"inLanguage\":\"pt-PT\",\"potentialAction\":[{\"@type\":\"ReadAction\",\"target\":[\"https:\/\/uip.pt\/pt-pt\/hoteis-e-resorts\/yotel\/\"]}]},{\"@type\":\"BreadcrumbList\",\"@id\":\"https:\/\/uip.pt\/pt-pt\/hoteis-e-resorts\/yotel\/#breadcrumb\",\"itemListElement\":[{\"@type\":\"ListItem\",\"position\":1,\"name\":\"Home\",\"item\":\"https:\/\/uip.pt\/pt-pt\/\"},{\"@type\":\"ListItem\",\"position\":2,\"name\":\"Hot\\u00e9is e Resorts\",\"item\":\"https:\/\/uip.pt\/pt-pt\/hoteis-e-resorts\/\"},{\"@type\":\"ListItem\",\"position\":3,\"name\":\"YOTEL\"}]}]}<\/script>\n<!-- \/ Yoast SEO plugin. -->","yoast_head_json":{"title":"YOTEL - UIP","robots":{"index":"index","follow":"follow","max-snippet":"max-snippet:-1","max-image-preview":"max-image-preview:large","max-video-preview":"max-video-preview:-1"},"canonical":"https:\/\/uip.pt\/pt-pt\/hoteis-e-resorts\/yotel\/","og_locale":"pt_PT","og_type":"article","og_title":"YOTEL - UIP","og_description":"[vc_section css=&#8221;.vc_custom_1568284346764{padding-top: 65px !important;padding-bottom: 40px !important;}&#8221;][vc_row css=&#8221;.vc_custom_1568131559187{background-color: #ffffff !important;}&#8221;][vc_column css=&#8221;.vc_custom_1568115859213{margin-top: 0px !important;padding-top: 0px !important;}&#8221;][vc_row_inner][vc_column_inner offset=&#8221;vc_col-lg-offset-2 vc_col-lg-8 vc_col-md-offset-2 vc_col-md-8 vc_col-xs-12&#8243;][vc_custom_heading text=&#8221;O YOTEL \u00e9 uma experi\u00eancia de hotel de primeira classe a um pre\u00e7o acess\u00edvel.&#8221; font_container=&#8221;tag:h5|text_align:center|color:%23414042|line_height:26px&#8221; use_theme_fonts=&#8221;yes&#8221; css=&#8221;.vc_custom_1572272429249{margin-top: 10px !important;}&#8221;][vc_column_text css=&#8221;.vc_custom_1640021643430{margin-bottom: 15px !important;padding-top: 15px !important;padding-right: 3% !important;}&#8221;] Inspirado pelo luxo das viagens em primeira classe e concebido [&hellip;]","og_url":"https:\/\/uip.pt\/pt-pt\/hoteis-e-resorts\/yotel\/","og_site_name":"UIP","article_modified_time":"2021-12-21T19:05:33+00:00","og_image":[{"width":1920,"height":1080,"url":"https:\/\/uip.pt\/wp-content\/uploads\/2020\/09\/UIP-job-offer.jpg","type":"image\/jpeg"}],"twitter_card":"summary_large_image","twitter_misc":{"Tempo estimado de leitura":"3 minutos"},"schema":{"@context":"https:\/\/schema.org","@graph":[{"@type":"WebSite","@id":"https:\/\/uip.pt\/#website","url":"https:\/\/uip.pt\/","name":"UIP","description":"","potentialAction":[{"@type":"SearchAction","target":{"@type":"EntryPoint","urlTemplate":"https:\/\/uip.pt\/?s={search_term_string}"},"query-input":"required name=search_term_string"}],"inLanguage":"pt-PT"},{"@type":"WebPage","@id":"https:\/\/uip.pt\/pt-pt\/hoteis-e-resorts\/yotel\/#webpage","url":"https:\/\/uip.pt\/pt-pt\/hoteis-e-resorts\/yotel\/","name":"YOTEL - UIP","isPartOf":{"@id":"https:\/\/uip.pt\/#website"},"datePublished":"2019-06-13T17:35:57+00:00","dateModified":"2021-12-21T19:05:33+00:00","breadcrumb":{"@id":"https:\/\/uip.pt\/pt-pt\/hoteis-e-resorts\/yotel\/#breadcrumb"},"inLanguage":"pt-PT","potentialAction":[{"@type":"ReadAction","target":["https:\/\/uip.pt\/pt-pt\/hoteis-e-resorts\/yotel\/"]}]},{"@type":"BreadcrumbList","@id":"https:\/\/uip.pt\/pt-pt\/hoteis-e-resorts\/yotel\/#breadcrumb","itemListElement":[{"@type":"ListItem","position":1,"name":"Home","item":"https:\/\/uip.pt\/pt-pt\/"},{"@type":"ListItem","position":2,"name":"Hot\u00e9is e Resorts","item":"https:\/\/uip.pt\/pt-pt\/hoteis-e-resorts\/"},{"@type":"ListItem","position":3,"name":"YOTEL"}]}]}},"_links":{"self":[{"href":"https:\/\/uip.pt\/pt-pt\/wp-json\/wp\/v2\/pages\/11788"}],"collection":[{"href":"https:\/\/uip.pt\/pt-pt\/wp-json\/wp\/v2\/pages"}],"about":[{"href":"https:\/\/uip.pt\/pt-pt\/wp-json\/wp\/v2\/types\/page"}],"author":[{"embeddable":true,"href":"https:\/\/uip.pt\/pt-pt\/wp-json\/wp\/v2\/users\/1"}],"replies":[{"embeddable":true,"href":"https:\/\/uip.pt\/pt-pt\/wp-json\/wp\/v2\/comments?post=11788"}],"version-history":[{"count":14,"href":"https:\/\/uip.pt\/pt-pt\/wp-json\/wp\/v2\/pages\/11788\/revisions"}],"predecessor-version":[{"id":19682,"href":"https:\/\/uip.pt\/pt-pt\/wp-json\/wp\/v2\/pages\/11788\/revisions\/19682"}],"up":[{"embeddable":true,"href":"https:\/\/uip.pt\/pt-pt\/wp-json\/wp\/v2\/pages\/11783"}],"wp:attachment":[{"href":"https:\/\/uip.pt\/pt-pt\/wp-json\/wp\/v2\/media?parent=11788"}],"curies":[{"name":"wp","href":"https:\/\/api.w.org\/{rel}","templated":true}]}}