{"id":11787,"date":"2019-06-13T17:37:54","date_gmt":"2019-06-13T17:37:54","guid":{"rendered":"https:\/\/uip.pt\/hotelandresorts\/vale-do-freixo\/"},"modified":"2021-12-21T13:49:23","modified_gmt":"2021-12-21T13:49:23","slug":"vale-do-freixo","status":"publish","type":"page","link":"https:\/\/uip.pt\/pt-pt\/hoteis-e-resorts\/vale-do-freixo\/","title":{"rendered":"Vale do Freixo"},"content":{"rendered":"<p>[vc_section css=&#8221;.vc_custom_1568369979860{padding-top: 60px !important;}&#8221;][vc_row css=&#8221;.vc_custom_1567796671489{background-color: #ffffff !important;}&#8221;][vc_column css=&#8221;.vc_custom_1519362639897{margin-top: 0px !important;padding-top: 0px !important;}&#8221;][vc_custom_heading text=&#8221;Resort&#8221; font_container=&#8221;tag:h2|font_size:35px|text_align:center|line_height:42px&#8221; use_theme_fonts=&#8221;yes&#8221; css=&#8221;.vc_custom_1576755608727{margin-top: 10px !important;margin-bottom: 0px !important;padding-top: 0px !important;padding-bottom: 0px !important;}&#8221;][vc_single_image image=&#8221;10367&#8243; img_size=&#8221;full&#8221; alignment=&#8221;center&#8221; css=&#8221;.vc_custom_1568114726106{margin-top: 15px !important;margin-bottom: 0px !important;padding-top: 0px !important;padding-bottom: 0px !important;}&#8221;][vc_row_inner css=&#8221;.vc_custom_1568315716612{padding-top: 40px !important;}&#8221;][vc_column_inner width=&#8221;2\/3&#8243; offset=&#8221;vc_col-lg-offset-3 vc_col-lg-6 vc_col-md-offset-3 vc_col-md-6 vc_col-sm-offset-2 vc_col-xs-12&#8243;][vc_column_text]<\/p>\n<p class=\"p1\"><span class=\"s1\">Vale do Freixo, localizado em Benafim (Algarve), \u00e9 considerado um PIN (Projeto de Interesse Nacional) e est\u00e1 em fase de licenciamento. Representa um potencial investimento de cerca de 200 milh\u00f5es de euros por parte da United Investments Portugal.<\/span><\/p>\n<p>&nbsp;<\/p>\n<p class=\"p1\"><span class=\"s1\">O projeto com 381 hectares prop\u00f5e criar 150 postos de trabalho e prev\u00ea integrar um hotel boutique de 5 estrelas, um hotel-escola em parceria com a Universidade do Algarve, um campo golfe de 18 buracos projetado por Gary Player, um <em>destination<\/em> SPA e um ber\u00e7o empresarial.<\/span><\/p>\n<p>[\/vc_column_text][\/vc_column_inner][\/vc_row_inner][vc_row_inner][vc_column_inner width=&#8221;2\/3&#8243; offset=&#8221;vc_col-lg-offset-3 vc_col-lg-6 vc_col-md-offset-3 vc_col-md-6 vc_col-sm-offset-2 vc_col-xs-12&#8243;][vc_single_image image=&#8221;12223&#8243; img_size=&#8221;full&#8221; alignment=&#8221;center&#8221;][\/vc_column_inner][\/vc_row_inner][\/vc_column][\/vc_row][\/vc_section]<\/p>\n","protected":false},"excerpt":{"rendered":"<p>[vc_section css=&#8221;.vc_custom_1568369979860{padding-top: 60px !important;}&#8221;][vc_row css=&#8221;.vc_custom_1567796671489{background-color: #ffffff !important;}&#8221;][vc_column css=&#8221;.vc_custom_1519362639897{margin-top: 0px !important;padding-top: 0px !important;}&#8221;][vc_custom_heading text=&#8221;Resort&#8221; font_container=&#8221;tag:h2|font_size:35px|text_align:center|line_height:42px&#8221; use_theme_fonts=&#8221;yes&#8221; css=&#8221;.vc_custom_1576755608727{margin-top: 10px !important;margin-bottom: 0px !important;padding-top: 0px !important;padding-bottom: 0px !important;}&#8221;][vc_single_image image=&#8221;10367&#8243; img_size=&#8221;full&#8221; alignment=&#8221;center&#8221; css=&#8221;.vc_custom_1568114726106{margin-top: 15px !important;margin-bottom: 0px !important;padding-top: 0px !important;padding-bottom: 0px !important;}&#8221;][vc_row_inner css=&#8221;.vc_custom_1568315716612{padding-top: 40px !important;}&#8221;][vc_column_inner width=&#8221;2\/3&#8243; offset=&#8221;vc_col-lg-offset-3 vc_col-lg-6 vc_col-md-offset-3 vc_col-md-6 vc_col-sm-offset-2 vc_col-xs-12&#8243;][vc_column_text] Vale do Freixo, localizado em Benafim (Algarve), \u00e9 considerado [&hellip;]<\/p>\n","protected":false},"author":1,"featured_media":0,"parent":11783,"menu_order":0,"comment_status":"closed","ping_status":"closed","template":"","meta":[],"acf":[],"yoast_head":"<!-- This site is optimized with the Yoast SEO plugin v17.8 - https:\/\/yoast.com\/wordpress\/plugins\/seo\/ -->\n<title>Vale do Freixo - UIP<\/title>\n<meta name=\"robots\" content=\"index, follow, max-snippet:-1, max-image-preview:large, max-video-preview:-1\" \/>\n<link rel=\"canonical\" href=\"https:\/\/uip.pt\/pt-pt\/hoteis-e-resorts\/vale-do-freixo\/\" \/>\n<meta property=\"og:locale\" content=\"pt_PT\" \/>\n<meta property=\"og:type\" content=\"article\" \/>\n<meta property=\"og:title\" content=\"Vale do Freixo - UIP\" \/>\n<meta property=\"og:description\" content=\"[vc_section css=&#8221;.vc_custom_1568369979860{padding-top: 60px !important;}&#8221;][vc_row css=&#8221;.vc_custom_1567796671489{background-color: #ffffff !important;}&#8221;][vc_column css=&#8221;.vc_custom_1519362639897{margin-top: 0px !important;padding-top: 0px !important;}&#8221;][vc_custom_heading text=&#8221;Resort&#8221; font_container=&#8221;tag:h2|font_size:35px|text_align:center|line_height:42px&#8221; use_theme_fonts=&#8221;yes&#8221; css=&#8221;.vc_custom_1576755608727{margin-top: 10px !important;margin-bottom: 0px !important;padding-top: 0px !important;padding-bottom: 0px !important;}&#8221;][vc_single_image image=&#8221;10367&#8243; img_size=&#8221;full&#8221; alignment=&#8221;center&#8221; css=&#8221;.vc_custom_1568114726106{margin-top: 15px !important;margin-bottom: 0px !important;padding-top: 0px !important;padding-bottom: 0px !important;}&#8221;][vc_row_inner css=&#8221;.vc_custom_1568315716612{padding-top: 40px !important;}&#8221;][vc_column_inner width=&#8221;2\/3&#8243; offset=&#8221;vc_col-lg-offset-3 vc_col-lg-6 vc_col-md-offset-3 vc_col-md-6 vc_col-sm-offset-2 vc_col-xs-12&#8243;][vc_column_text] Vale do Freixo, localizado em Benafim (Algarve), \u00e9 considerado [&hellip;]\" \/>\n<meta property=\"og:url\" content=\"https:\/\/uip.pt\/pt-pt\/hoteis-e-resorts\/vale-do-freixo\/\" \/>\n<meta property=\"og:site_name\" content=\"UIP\" \/>\n<meta property=\"article:modified_time\" content=\"2021-12-21T13:49:23+00:00\" \/>\n<meta property=\"og:image\" content=\"https:\/\/uip.pt\/wp-content\/uploads\/2020\/09\/UIP-job-offer.jpg\" \/>\n\t<meta property=\"og:image:width\" content=\"1920\" \/>\n\t<meta property=\"og:image:height\" content=\"1080\" \/>\n<meta name=\"twitter:card\" content=\"summary_large_image\" \/>\n<meta name=\"twitter:label1\" content=\"Tempo estimado de leitura\" \/>\n\t<meta name=\"twitter:data1\" content=\"1 minuto\" \/>\n<script type=\"application\/ld+json\" class=\"yoast-schema-graph\">{\"@context\":\"https:\/\/schema.org\",\"@graph\":[{\"@type\":\"WebSite\",\"@id\":\"https:\/\/uip.pt\/#website\",\"url\":\"https:\/\/uip.pt\/\",\"name\":\"UIP\",\"description\":\"\",\"potentialAction\":[{\"@type\":\"SearchAction\",\"target\":{\"@type\":\"EntryPoint\",\"urlTemplate\":\"https:\/\/uip.pt\/?s={search_term_string}\"},\"query-input\":\"required name=search_term_string\"}],\"inLanguage\":\"pt-PT\"},{\"@type\":\"WebPage\",\"@id\":\"https:\/\/uip.pt\/pt-pt\/hoteis-e-resorts\/vale-do-freixo\/#webpage\",\"url\":\"https:\/\/uip.pt\/pt-pt\/hoteis-e-resorts\/vale-do-freixo\/\",\"name\":\"Vale do Freixo - UIP\",\"isPartOf\":{\"@id\":\"https:\/\/uip.pt\/#website\"},\"datePublished\":\"2019-06-13T17:37:54+00:00\",\"dateModified\":\"2021-12-21T13:49:23+00:00\",\"breadcrumb\":{\"@id\":\"https:\/\/uip.pt\/pt-pt\/hoteis-e-resorts\/vale-do-freixo\/#breadcrumb\"},\"inLanguage\":\"pt-PT\",\"potentialAction\":[{\"@type\":\"ReadAction\",\"target\":[\"https:\/\/uip.pt\/pt-pt\/hoteis-e-resorts\/vale-do-freixo\/\"]}]},{\"@type\":\"BreadcrumbList\",\"@id\":\"https:\/\/uip.pt\/pt-pt\/hoteis-e-resorts\/vale-do-freixo\/#breadcrumb\",\"itemListElement\":[{\"@type\":\"ListItem\",\"position\":1,\"name\":\"Home\",\"item\":\"https:\/\/uip.pt\/pt-pt\/\"},{\"@type\":\"ListItem\",\"position\":2,\"name\":\"Hot\\u00e9is e Resorts\",\"item\":\"https:\/\/uip.pt\/pt-pt\/hoteis-e-resorts\/\"},{\"@type\":\"ListItem\",\"position\":3,\"name\":\"Vale do Freixo\"}]}]}<\/script>\n<!-- \/ Yoast SEO plugin. -->","yoast_head_json":{"title":"Vale do Freixo - UIP","robots":{"index":"index","follow":"follow","max-snippet":"max-snippet:-1","max-image-preview":"max-image-preview:large","max-video-preview":"max-video-preview:-1"},"canonical":"https:\/\/uip.pt\/pt-pt\/hoteis-e-resorts\/vale-do-freixo\/","og_locale":"pt_PT","og_type":"article","og_title":"Vale do Freixo - UIP","og_description":"[vc_section css=&#8221;.vc_custom_1568369979860{padding-top: 60px !important;}&#8221;][vc_row css=&#8221;.vc_custom_1567796671489{background-color: #ffffff !important;}&#8221;][vc_column css=&#8221;.vc_custom_1519362639897{margin-top: 0px !important;padding-top: 0px !important;}&#8221;][vc_custom_heading text=&#8221;Resort&#8221; font_container=&#8221;tag:h2|font_size:35px|text_align:center|line_height:42px&#8221; use_theme_fonts=&#8221;yes&#8221; css=&#8221;.vc_custom_1576755608727{margin-top: 10px !important;margin-bottom: 0px !important;padding-top: 0px !important;padding-bottom: 0px !important;}&#8221;][vc_single_image image=&#8221;10367&#8243; img_size=&#8221;full&#8221; alignment=&#8221;center&#8221; css=&#8221;.vc_custom_1568114726106{margin-top: 15px !important;margin-bottom: 0px !important;padding-top: 0px !important;padding-bottom: 0px !important;}&#8221;][vc_row_inner css=&#8221;.vc_custom_1568315716612{padding-top: 40px !important;}&#8221;][vc_column_inner width=&#8221;2\/3&#8243; offset=&#8221;vc_col-lg-offset-3 vc_col-lg-6 vc_col-md-offset-3 vc_col-md-6 vc_col-sm-offset-2 vc_col-xs-12&#8243;][vc_column_text] Vale do Freixo, localizado em Benafim (Algarve), \u00e9 considerado [&hellip;]","og_url":"https:\/\/uip.pt\/pt-pt\/hoteis-e-resorts\/vale-do-freixo\/","og_site_name":"UIP","article_modified_time":"2021-12-21T13:49:23+00:00","og_image":[{"width":1920,"height":1080,"url":"https:\/\/uip.pt\/wp-content\/uploads\/2020\/09\/UIP-job-offer.jpg","type":"image\/jpeg"}],"twitter_card":"summary_large_image","twitter_misc":{"Tempo estimado de leitura":"1 minuto"},"schema":{"@context":"https:\/\/schema.org","@graph":[{"@type":"WebSite","@id":"https:\/\/uip.pt\/#website","url":"https:\/\/uip.pt\/","name":"UIP","description":"","potentialAction":[{"@type":"SearchAction","target":{"@type":"EntryPoint","urlTemplate":"https:\/\/uip.pt\/?s={search_term_string}"},"query-input":"required name=search_term_string"}],"inLanguage":"pt-PT"},{"@type":"WebPage","@id":"https:\/\/uip.pt\/pt-pt\/hoteis-e-resorts\/vale-do-freixo\/#webpage","url":"https:\/\/uip.pt\/pt-pt\/hoteis-e-resorts\/vale-do-freixo\/","name":"Vale do Freixo - UIP","isPartOf":{"@id":"https:\/\/uip.pt\/#website"},"datePublished":"2019-06-13T17:37:54+00:00","dateModified":"2021-12-21T13:49:23+00:00","breadcrumb":{"@id":"https:\/\/uip.pt\/pt-pt\/hoteis-e-resorts\/vale-do-freixo\/#breadcrumb"},"inLanguage":"pt-PT","potentialAction":[{"@type":"ReadAction","target":["https:\/\/uip.pt\/pt-pt\/hoteis-e-resorts\/vale-do-freixo\/"]}]},{"@type":"BreadcrumbList","@id":"https:\/\/uip.pt\/pt-pt\/hoteis-e-resorts\/vale-do-freixo\/#breadcrumb","itemListElement":[{"@type":"ListItem","position":1,"name":"Home","item":"https:\/\/uip.pt\/pt-pt\/"},{"@type":"ListItem","position":2,"name":"Hot\u00e9is e Resorts","item":"https:\/\/uip.pt\/pt-pt\/hoteis-e-resorts\/"},{"@type":"ListItem","position":3,"name":"Vale do Freixo"}]}]}},"_links":{"self":[{"href":"https:\/\/uip.pt\/pt-pt\/wp-json\/wp\/v2\/pages\/11787"}],"collection":[{"href":"https:\/\/uip.pt\/pt-pt\/wp-json\/wp\/v2\/pages"}],"about":[{"href":"https:\/\/uip.pt\/pt-pt\/wp-json\/wp\/v2\/types\/page"}],"author":[{"embeddable":true,"href":"https:\/\/uip.pt\/pt-pt\/wp-json\/wp\/v2\/users\/1"}],"replies":[{"embeddable":true,"href":"https:\/\/uip.pt\/pt-pt\/wp-json\/wp\/v2\/comments?post=11787"}],"version-history":[{"count":12,"href":"https:\/\/uip.pt\/pt-pt\/wp-json\/wp\/v2\/pages\/11787\/revisions"}],"predecessor-version":[{"id":19657,"href":"https:\/\/uip.pt\/pt-pt\/wp-json\/wp\/v2\/pages\/11787\/revisions\/19657"}],"up":[{"embeddable":true,"href":"https:\/\/uip.pt\/pt-pt\/wp-json\/wp\/v2\/pages\/11783"}],"wp:attachment":[{"href":"https:\/\/uip.pt\/pt-pt\/wp-json\/wp\/v2\/media?parent=11787"}],"curies":[{"name":"wp","href":"https:\/\/api.w.org\/{rel}","templated":true}]}}