{"id":11786,"date":"2019-06-13T17:15:56","date_gmt":"2019-06-13T17:15:56","guid":{"rendered":"https:\/\/uip.pt\/hotelandresorts\/sheraton-cascais-resort\/"},"modified":"2019-10-09T15:35:01","modified_gmt":"2019-10-09T15:35:01","slug":"sheraton-cascais-resort","status":"publish","type":"page","link":"https:\/\/uip.pt\/pt-pt\/hoteis-e-resorts\/sheraton-cascais-resort\/","title":{"rendered":"Sheraton Cascais Resort"},"content":{"rendered":"<p>[vc_section css=&#8221;.vc_custom_1568315058607{padding-top: 60px !important;padding-bottom: 10px !important;}&#8221;][vc_row css=&#8221;.vc_custom_1567796671489{background-color: #ffffff !important;}&#8221;][vc_column css=&#8221;.vc_custom_1519362639897{margin-top: 0px !important;padding-top: 0px !important;}&#8221;][vc_custom_heading text=&#8221;Hotel&#8221; font_container=&#8221;tag:h2|font_size:35px|text_align:center|line_height:42px&#8221; use_theme_fonts=&#8221;yes&#8221; css=&#8221;.vc_custom_1568127189013{margin-top: 10px !important;margin-bottom: 0px !important;padding-top: 0px !important;padding-bottom: 0px !important;}&#8221;][vc_single_image image=&#8221;10367&#8243; img_size=&#8221;full&#8221; alignment=&#8221;center&#8221; css=&#8221;.vc_custom_1568114726106{margin-top: 15px !important;margin-bottom: 0px !important;padding-top: 0px !important;padding-bottom: 0px !important;}&#8221;][vc_row_inner css=&#8221;.vc_custom_1568285404130{padding-top: 35px !important;}&#8221;][vc_column_inner offset=&#8221;vc_col-lg-6 vc_col-md-6 vc_col-xs-12&#8243; css=&#8221;.vc_custom_1568043535762{padding-bottom: 5% !important;}&#8221;][vc_column_text css=&#8221;.vc_custom_1568130389077{padding-right: 3% !important;}&#8221;]<\/p>\n<p class=\"p1\"><span class=\"s1\">Situado no cora\u00e7\u00e3o da Quinta da Marinha, a zona mais exclusiva da vila de Cascais, o Sheraton Cascais Resort \u00e9 a resposta para quem procura desfrutar do que de melhor a costa ocidental da Europa tem para oferecer.<\/span><\/p>\n<p>&nbsp;<\/p>\n<p class=\"p1\"><span class=\"s1\">O Sheraton Cascais Resort disp\u00f5e de quartos de hotel, Suites e \u201cThe Residences\u201d, revelando-se indicado para qualquer tipo de necessidade.<\/span><\/p>\n<p>&nbsp;<\/p>\n<p class=\"p1\"><span class=\"s1\">Como parte desta experi\u00eancia, acresce a vasta oferta de servi\u00e7os: na categoria de restaurantes e bares, encontra-se o Glass Terrace, o Yakuza Cascais e o bar de piscina Flow Pool Bar; na categoria de sa\u00fade e bem-estar, o Serenity \u2013 The Art of Well Being, um health club, uma piscina exterior e uma vista privilegiada para os verdejantes jardins do Resort.<\/span><\/p>\n<p>&nbsp;<\/p>\n<p class=\"p1\"><span class=\"s1\">O Sheraton Cascais Resort disp\u00f5e tamb\u00e9m de espa\u00e7os internos e externos para eventos, como salas de confer\u00eancias e reuni\u00f5es.<\/span><\/p>\n<p>[\/vc_column_text][\/vc_column_inner][vc_column_inner offset=&#8221;vc_col-lg-6 vc_col-md-6 vc_col-xs-12&#8243;]<div class=\"rt-image-slider element-one owl-carousel\"><div class=\"rt-image-slider-item\" style=\"background-image:url(https:\/\/uip.pt\/wp-content\/uploads\/2019\/08\/sheraton-cascais-resort-exterior.jpg)\"><div class=\"holder matchHeight\"><div class=\"data\"><h5>sheraton-cascais-resort-exterior<\/h5><div class=\"zoom-focus\"><a class=\"fancybox\" href=\"https:\/\/uip.pt\/wp-content\/uploads\/2019\/08\/sheraton-cascais-resort-exterior.jpg\"><i class=\"fa fa-camera\"><\/i><\/a><\/div><p><\/p><\/div><\/div><\/div><div class=\"rt-image-slider-item\" style=\"background-image:url(https:\/\/uip.pt\/wp-content\/uploads\/2019\/08\/sheraton-cascais-resort-piscina.jpg)\"><div class=\"holder matchHeight\"><div class=\"data\"><h5>sheraton-cascais-resort-piscina<\/h5><div class=\"zoom-focus\"><a class=\"fancybox\" href=\"https:\/\/uip.pt\/wp-content\/uploads\/2019\/08\/sheraton-cascais-resort-piscina.jpg\"><i class=\"fa fa-camera\"><\/i><\/a><\/div><p><\/p><\/div><\/div><\/div><\/div>[vc_empty_space height=&#8221;70px&#8221;][\/vc_column_inner][\/vc_row_inner][\/vc_column][\/vc_row][\/vc_section][vc_section full_width=&#8221;stretch_row&#8221; css=&#8221;.vc_custom_1568315122556{padding-top: 60px !important;padding-bottom: 80px !important;background-color: #f9f9f9 !important;}&#8221;][vc_row][vc_column css=&#8221;.vc_custom_1519362639897{margin-top: 0px !important;padding-top: 0px !important;}&#8221;][vc_custom_heading text=&#8221;Real Estate&#8221; font_container=&#8221;tag:h2|font_size:35px|text_align:center|line_height:42px&#8221; use_theme_fonts=&#8221;yes&#8221; css=&#8221;.vc_custom_1568127383181{margin-top: 10px !important;margin-bottom: 0px !important;padding-top: 0px !important;padding-bottom: 0px !important;}&#8221;][vc_single_image image=&#8221;10367&#8243; img_size=&#8221;full&#8221; alignment=&#8221;center&#8221; css=&#8221;.vc_custom_1568114795776{margin-top: 15px !important;margin-bottom: 0px !important;padding-top: 0px !important;padding-bottom: 0px !important;}&#8221;][vc_row_inner][vc_column_inner offset=&#8221;vc_col-lg-offset-2 vc_col-lg-8 vc_col-md-offset-2 vc_col-md-8 vc_col-xs-12&#8243;][vc_column_text css=&#8221;.vc_custom_1568315081040{margin-bottom: 20px !important;}&#8221;]<\/p>\n<p class=\"p1\" style=\"text-align: center;\"><span class=\"s1\">O Sheraton Cascais Resort oferece diferentes programas de investimento nas suas propriedades, numa combina\u00e7\u00e3o equilibrada entre usufruto e rentabilidade, proporcionando um conjunto de vantagens e benef\u00edcios exclusivos aos seus propriet\u00e1rios.<\/span><\/p>\n<p>[\/vc_column_text][\/vc_column_inner][\/vc_row_inner][\/vc_column][\/vc_row][vc_row css=&#8221;.vc_custom_1568128037618{background-position: 0 0 !important;background-repeat: no-repeat !important;}&#8221;][vc_column]<div class=\"rt-tab element-four rt-92e8cf0c-98ec-3 tab-list-style-one\"  style=\"width:\"><ul class=\"nav-tabs nav-justified\"><li data-tab-icon=false class=\"matchHeight\"><a class=\"text-left\" data-toggle=\"tab\" href=\"#92e8cf0c-98ec-3\">RESIDENCES<\/a><\/li><\/ul><div class=\"tab-content \"><div id=\"92e8cf0c-98ec-3\" class=\"tab-pane fade\"><\/p>\n<h3 class=\"heading-font-style\">THE RESIDENCES<\/h3>\n<p>&nbsp;<\/p>\n<div class=\"tab-inner-section\">\n<div class=\"row\">\n<div class=\"col-sm-12\">\n<div class=\"contect-section\">\n<h3><img loading=\"lazy\" class=\"wp-image-11472 alignleft\" src=\"https:\/\/uip.pt\/wp-content\/uploads\/2019\/08\/sheraton-cascais-resort-the-residences.jpg\" alt=\"Pine Cliffs Resort Residences\" width=\"444\" height=\"280\" \/><\/h3>\n<h3><\/h3>\n<h3>Sheraton Cascais Residences<\/h3>\n<p>&nbsp;<\/p>\n<p class=\"p1\"><span class=\"s1\">As \u201cThe Residences at Sheraton Cascais Resort\u201d s\u00e3o perfeitas para fam\u00edlias que procuram viver num destino elegante e agrad\u00e1vel, sem renunciar ao conforto de um resort de cinco estrelas.<\/span><\/p>\n<p>Estas propriedades podem fazer parte do programa de arrendamento, para quem pretende combinar f\u00e9rias e rentabilidade, disponibilizando-as sob gest\u00e3o da marca Sheraton, de forma a maximizar o retorno do investimento realizado.<\/p>\n<p>Esta \u00e9 uma oportunidade de investimento com rendimento anual garantido.<\/p>\n<p style=\"padding-bottom: 25px;\">\n<\/div>\n<\/div>\n<\/div>\n<\/div>\n<p><\/div><\/div><\/div>[\/vc_column][\/vc_row][\/vc_section][vc_section css=&#8221;.vc_custom_1568315103881{padding-top: 60px !important;background-color: #ffffff !important;}&#8221;][vc_row css=&#8221;.vc_custom_1568127418656{background-color: #ffffff !important;}&#8221;][vc_column css=&#8221;.vc_custom_1519362639897{margin-top: 0px !important;padding-top: 0px !important;}&#8221;][vc_custom_heading text=&#8221;Galeria&#8221; font_container=&#8221;tag:h2|font_size:35px|text_align:center|line_height:42px&#8221; use_theme_fonts=&#8221;yes&#8221; css=&#8221;.vc_custom_1570635298071{margin-top: 10px !important;margin-bottom: 0px !important;padding-top: 0px !important;padding-bottom: 0px !important;}&#8221;][vc_single_image image=&#8221;10367&#8243; img_size=&#8221;full&#8221; alignment=&#8221;center&#8221; css=&#8221;.vc_custom_1568114795776{margin-top: 15px !important;margin-bottom: 0px !important;padding-top: 0px !important;padding-bottom: 0px !important;}&#8221;][vc_empty_space height=&#8221;30px&#8221;][vc_raw_html]JTVCZW52aXJhLWdhbGxlcnklMjBzbHVnJTNEJTIyc2hlcmF0b24tY2FzY2Fpcy1yZXNvcnQlMjIlNUQ=[\/vc_raw_html][vc_empty_space height=&#8221;35px&#8221;][\/vc_column][\/vc_row][\/vc_section]<\/p>\n","protected":false},"excerpt":{"rendered":"<p>[vc_section css=&#8221;.vc_custom_1568315058607{padding-top: 60px !important;padding-bottom: 10px !important;}&#8221;][vc_row css=&#8221;.vc_custom_1567796671489{background-color: #ffffff !important;}&#8221;][vc_column css=&#8221;.vc_custom_1519362639897{margin-top: 0px !important;padding-top: 0px !important;}&#8221;][vc_custom_heading text=&#8221;Hotel&#8221; font_container=&#8221;tag:h2|font_size:35px|text_align:center|line_height:42px&#8221; use_theme_fonts=&#8221;yes&#8221; css=&#8221;.vc_custom_1568127189013{margin-top: 10px !important;margin-bottom: 0px !important;padding-top: 0px !important;padding-bottom: 0px !important;}&#8221;][vc_single_image image=&#8221;10367&#8243; img_size=&#8221;full&#8221; alignment=&#8221;center&#8221; css=&#8221;.vc_custom_1568114726106{margin-top: 15px !important;margin-bottom: 0px !important;padding-top: 0px !important;padding-bottom: 0px !important;}&#8221;][vc_row_inner css=&#8221;.vc_custom_1568285404130{padding-top: 35px !important;}&#8221;][vc_column_inner offset=&#8221;vc_col-lg-6 vc_col-md-6 vc_col-xs-12&#8243; css=&#8221;.vc_custom_1568043535762{padding-bottom: 5% !important;}&#8221;][vc_column_text css=&#8221;.vc_custom_1568130389077{padding-right: 3% !important;}&#8221;] Situado no cora\u00e7\u00e3o da Quinta [&hellip;]<\/p>\n","protected":false},"author":1,"featured_media":0,"parent":11783,"menu_order":0,"comment_status":"closed","ping_status":"closed","template":"","meta":[],"acf":[],"yoast_head":"<!-- This site is optimized with the Yoast SEO plugin v17.8 - https:\/\/yoast.com\/wordpress\/plugins\/seo\/ -->\n<title>Sheraton Cascais Resort - UIP<\/title>\n<meta name=\"robots\" content=\"index, follow, max-snippet:-1, max-image-preview:large, max-video-preview:-1\" \/>\n<link rel=\"canonical\" href=\"https:\/\/uip.pt\/pt-pt\/hoteis-e-resorts\/sheraton-cascais-resort\/\" \/>\n<meta property=\"og:locale\" content=\"pt_PT\" \/>\n<meta property=\"og:type\" content=\"article\" \/>\n<meta property=\"og:title\" content=\"Sheraton Cascais Resort - UIP\" \/>\n<meta property=\"og:description\" content=\"[vc_section css=&#8221;.vc_custom_1568315058607{padding-top: 60px !important;padding-bottom: 10px !important;}&#8221;][vc_row css=&#8221;.vc_custom_1567796671489{background-color: #ffffff !important;}&#8221;][vc_column css=&#8221;.vc_custom_1519362639897{margin-top: 0px !important;padding-top: 0px !important;}&#8221;][vc_custom_heading text=&#8221;Hotel&#8221; font_container=&#8221;tag:h2|font_size:35px|text_align:center|line_height:42px&#8221; use_theme_fonts=&#8221;yes&#8221; css=&#8221;.vc_custom_1568127189013{margin-top: 10px !important;margin-bottom: 0px !important;padding-top: 0px !important;padding-bottom: 0px !important;}&#8221;][vc_single_image image=&#8221;10367&#8243; img_size=&#8221;full&#8221; alignment=&#8221;center&#8221; css=&#8221;.vc_custom_1568114726106{margin-top: 15px !important;margin-bottom: 0px !important;padding-top: 0px !important;padding-bottom: 0px !important;}&#8221;][vc_row_inner css=&#8221;.vc_custom_1568285404130{padding-top: 35px !important;}&#8221;][vc_column_inner offset=&#8221;vc_col-lg-6 vc_col-md-6 vc_col-xs-12&#8243; css=&#8221;.vc_custom_1568043535762{padding-bottom: 5% !important;}&#8221;][vc_column_text css=&#8221;.vc_custom_1568130389077{padding-right: 3% !important;}&#8221;] Situado no cora\u00e7\u00e3o da Quinta [&hellip;]\" \/>\n<meta property=\"og:url\" content=\"https:\/\/uip.pt\/pt-pt\/hoteis-e-resorts\/sheraton-cascais-resort\/\" \/>\n<meta property=\"og:site_name\" content=\"UIP\" \/>\n<meta property=\"article:modified_time\" content=\"2019-10-09T15:35:01+00:00\" \/>\n<meta property=\"og:image\" content=\"https:\/\/uip.pt\/wp-content\/uploads\/2019\/08\/sheraton-cascais-resort-the-residences.jpg\" \/>\n<meta name=\"twitter:card\" content=\"summary_large_image\" \/>\n<meta name=\"twitter:label1\" content=\"Tempo estimado de leitura\" \/>\n\t<meta name=\"twitter:data1\" content=\"4 minutos\" \/>\n<script type=\"application\/ld+json\" class=\"yoast-schema-graph\">{\"@context\":\"https:\/\/schema.org\",\"@graph\":[{\"@type\":\"WebSite\",\"@id\":\"https:\/\/uip.pt\/#website\",\"url\":\"https:\/\/uip.pt\/\",\"name\":\"UIP\",\"description\":\"\",\"potentialAction\":[{\"@type\":\"SearchAction\",\"target\":{\"@type\":\"EntryPoint\",\"urlTemplate\":\"https:\/\/uip.pt\/?s={search_term_string}\"},\"query-input\":\"required name=search_term_string\"}],\"inLanguage\":\"pt-PT\"},{\"@type\":\"ImageObject\",\"@id\":\"https:\/\/uip.pt\/pt-pt\/hoteis-e-resorts\/sheraton-cascais-resort\/#primaryimage\",\"inLanguage\":\"pt-PT\",\"url\":\"https:\/\/uip.pt\/wp-content\/uploads\/2019\/08\/sheraton-cascais-resort-the-residences.jpg\",\"contentUrl\":\"https:\/\/uip.pt\/wp-content\/uploads\/2019\/08\/sheraton-cascais-resort-the-residences.jpg\",\"width\":431,\"height\":272,\"caption\":\"Sheraton Cascais Resort The Residences\"},{\"@type\":\"WebPage\",\"@id\":\"https:\/\/uip.pt\/pt-pt\/hoteis-e-resorts\/sheraton-cascais-resort\/#webpage\",\"url\":\"https:\/\/uip.pt\/pt-pt\/hoteis-e-resorts\/sheraton-cascais-resort\/\",\"name\":\"Sheraton Cascais Resort - UIP\",\"isPartOf\":{\"@id\":\"https:\/\/uip.pt\/#website\"},\"primaryImageOfPage\":{\"@id\":\"https:\/\/uip.pt\/pt-pt\/hoteis-e-resorts\/sheraton-cascais-resort\/#primaryimage\"},\"datePublished\":\"2019-06-13T17:15:56+00:00\",\"dateModified\":\"2019-10-09T15:35:01+00:00\",\"breadcrumb\":{\"@id\":\"https:\/\/uip.pt\/pt-pt\/hoteis-e-resorts\/sheraton-cascais-resort\/#breadcrumb\"},\"inLanguage\":\"pt-PT\",\"potentialAction\":[{\"@type\":\"ReadAction\",\"target\":[\"https:\/\/uip.pt\/pt-pt\/hoteis-e-resorts\/sheraton-cascais-resort\/\"]}]},{\"@type\":\"BreadcrumbList\",\"@id\":\"https:\/\/uip.pt\/pt-pt\/hoteis-e-resorts\/sheraton-cascais-resort\/#breadcrumb\",\"itemListElement\":[{\"@type\":\"ListItem\",\"position\":1,\"name\":\"Home\",\"item\":\"https:\/\/uip.pt\/pt-pt\/\"},{\"@type\":\"ListItem\",\"position\":2,\"name\":\"Hot\\u00e9is e Resorts\",\"item\":\"https:\/\/uip.pt\/pt-pt\/hoteis-e-resorts\/\"},{\"@type\":\"ListItem\",\"position\":3,\"name\":\"Sheraton Cascais Resort\"}]}]}<\/script>\n<!-- \/ Yoast SEO plugin. -->","yoast_head_json":{"title":"Sheraton Cascais Resort - UIP","robots":{"index":"index","follow":"follow","max-snippet":"max-snippet:-1","max-image-preview":"max-image-preview:large","max-video-preview":"max-video-preview:-1"},"canonical":"https:\/\/uip.pt\/pt-pt\/hoteis-e-resorts\/sheraton-cascais-resort\/","og_locale":"pt_PT","og_type":"article","og_title":"Sheraton Cascais Resort - UIP","og_description":"[vc_section css=&#8221;.vc_custom_1568315058607{padding-top: 60px !important;padding-bottom: 10px !important;}&#8221;][vc_row css=&#8221;.vc_custom_1567796671489{background-color: #ffffff !important;}&#8221;][vc_column css=&#8221;.vc_custom_1519362639897{margin-top: 0px !important;padding-top: 0px !important;}&#8221;][vc_custom_heading text=&#8221;Hotel&#8221; font_container=&#8221;tag:h2|font_size:35px|text_align:center|line_height:42px&#8221; use_theme_fonts=&#8221;yes&#8221; css=&#8221;.vc_custom_1568127189013{margin-top: 10px !important;margin-bottom: 0px !important;padding-top: 0px !important;padding-bottom: 0px !important;}&#8221;][vc_single_image image=&#8221;10367&#8243; img_size=&#8221;full&#8221; alignment=&#8221;center&#8221; css=&#8221;.vc_custom_1568114726106{margin-top: 15px !important;margin-bottom: 0px !important;padding-top: 0px !important;padding-bottom: 0px !important;}&#8221;][vc_row_inner css=&#8221;.vc_custom_1568285404130{padding-top: 35px !important;}&#8221;][vc_column_inner offset=&#8221;vc_col-lg-6 vc_col-md-6 vc_col-xs-12&#8243; css=&#8221;.vc_custom_1568043535762{padding-bottom: 5% !important;}&#8221;][vc_column_text css=&#8221;.vc_custom_1568130389077{padding-right: 3% !important;}&#8221;] Situado no cora\u00e7\u00e3o da Quinta [&hellip;]","og_url":"https:\/\/uip.pt\/pt-pt\/hoteis-e-resorts\/sheraton-cascais-resort\/","og_site_name":"UIP","article_modified_time":"2019-10-09T15:35:01+00:00","og_image":[{"url":"https:\/\/uip.pt\/wp-content\/uploads\/2019\/08\/sheraton-cascais-resort-the-residences.jpg"}],"twitter_card":"summary_large_image","twitter_misc":{"Tempo estimado de leitura":"4 minutos"},"schema":{"@context":"https:\/\/schema.org","@graph":[{"@type":"WebSite","@id":"https:\/\/uip.pt\/#website","url":"https:\/\/uip.pt\/","name":"UIP","description":"","potentialAction":[{"@type":"SearchAction","target":{"@type":"EntryPoint","urlTemplate":"https:\/\/uip.pt\/?s={search_term_string}"},"query-input":"required name=search_term_string"}],"inLanguage":"pt-PT"},{"@type":"ImageObject","@id":"https:\/\/uip.pt\/pt-pt\/hoteis-e-resorts\/sheraton-cascais-resort\/#primaryimage","inLanguage":"pt-PT","url":"https:\/\/uip.pt\/wp-content\/uploads\/2019\/08\/sheraton-cascais-resort-the-residences.jpg","contentUrl":"https:\/\/uip.pt\/wp-content\/uploads\/2019\/08\/sheraton-cascais-resort-the-residences.jpg","width":431,"height":272,"caption":"Sheraton Cascais Resort The Residences"},{"@type":"WebPage","@id":"https:\/\/uip.pt\/pt-pt\/hoteis-e-resorts\/sheraton-cascais-resort\/#webpage","url":"https:\/\/uip.pt\/pt-pt\/hoteis-e-resorts\/sheraton-cascais-resort\/","name":"Sheraton Cascais Resort - UIP","isPartOf":{"@id":"https:\/\/uip.pt\/#website"},"primaryImageOfPage":{"@id":"https:\/\/uip.pt\/pt-pt\/hoteis-e-resorts\/sheraton-cascais-resort\/#primaryimage"},"datePublished":"2019-06-13T17:15:56+00:00","dateModified":"2019-10-09T15:35:01+00:00","breadcrumb":{"@id":"https:\/\/uip.pt\/pt-pt\/hoteis-e-resorts\/sheraton-cascais-resort\/#breadcrumb"},"inLanguage":"pt-PT","potentialAction":[{"@type":"ReadAction","target":["https:\/\/uip.pt\/pt-pt\/hoteis-e-resorts\/sheraton-cascais-resort\/"]}]},{"@type":"BreadcrumbList","@id":"https:\/\/uip.pt\/pt-pt\/hoteis-e-resorts\/sheraton-cascais-resort\/#breadcrumb","itemListElement":[{"@type":"ListItem","position":1,"name":"Home","item":"https:\/\/uip.pt\/pt-pt\/"},{"@type":"ListItem","position":2,"name":"Hot\u00e9is e Resorts","item":"https:\/\/uip.pt\/pt-pt\/hoteis-e-resorts\/"},{"@type":"ListItem","position":3,"name":"Sheraton Cascais Resort"}]}]}},"_links":{"self":[{"href":"https:\/\/uip.pt\/pt-pt\/wp-json\/wp\/v2\/pages\/11786"}],"collection":[{"href":"https:\/\/uip.pt\/pt-pt\/wp-json\/wp\/v2\/pages"}],"about":[{"href":"https:\/\/uip.pt\/pt-pt\/wp-json\/wp\/v2\/types\/page"}],"author":[{"embeddable":true,"href":"https:\/\/uip.pt\/pt-pt\/wp-json\/wp\/v2\/users\/1"}],"replies":[{"embeddable":true,"href":"https:\/\/uip.pt\/pt-pt\/wp-json\/wp\/v2\/comments?post=11786"}],"version-history":[{"count":13,"href":"https:\/\/uip.pt\/pt-pt\/wp-json\/wp\/v2\/pages\/11786\/revisions"}],"predecessor-version":[{"id":12701,"href":"https:\/\/uip.pt\/pt-pt\/wp-json\/wp\/v2\/pages\/11786\/revisions\/12701"}],"up":[{"embeddable":true,"href":"https:\/\/uip.pt\/pt-pt\/wp-json\/wp\/v2\/pages\/11783"}],"wp:attachment":[{"href":"https:\/\/uip.pt\/pt-pt\/wp-json\/wp\/v2\/media?parent=11786"}],"curies":[{"name":"wp","href":"https:\/\/api.w.org\/{rel}","templated":true}]}}