{"id":11785,"date":"2019-06-13T16:09:08","date_gmt":"2019-06-13T16:09:08","guid":{"rendered":"https:\/\/uip.pt\/hotelandresorts\/pine-cliffs-resort\/"},"modified":"2022-01-11T16:51:26","modified_gmt":"2022-01-11T16:51:26","slug":"pine-cliffs-resort","status":"publish","type":"page","link":"https:\/\/uip.pt\/pt-pt\/hoteis-e-resorts\/pine-cliffs-resort\/","title":{"rendered":"Pine Cliffs Resort"},"content":{"rendered":"<p>[vc_section css=&#8221;.vc_custom_1568314456605{padding-top: 60px !important;padding-bottom: 10px !important;}&#8221;][vc_row css=&#8221;.vc_custom_1567796671489{background-color: #ffffff !important;}&#8221;][vc_column css=&#8221;.vc_custom_1519362639897{margin-top: 0px !important;padding-top: 0px !important;}&#8221;][vc_custom_heading text=&#8221;Resort&#8221; font_container=&#8221;tag:h2|font_size:35px|text_align:center|line_height:42px&#8221; use_theme_fonts=&#8221;yes&#8221; css=&#8221;.vc_custom_1576755474274{margin-top: 10px !important;margin-bottom: 0px !important;padding-top: 0px !important;padding-bottom: 0px !important;}&#8221;][vc_single_image image=&#8221;10367&#8243; img_size=&#8221;full&#8221; alignment=&#8221;center&#8221; css=&#8221;.vc_custom_1568114726106{margin-top: 15px !important;margin-bottom: 0px !important;padding-top: 0px !important;padding-bottom: 0px !important;}&#8221;][vc_row_inner css=&#8221;.vc_custom_1568285235051{padding-top: 35px !important;}&#8221;][vc_column_inner offset=&#8221;vc_col-lg-6 vc_col-md-6 vc_col-xs-12&#8243; css=&#8221;.vc_custom_1568043535762{padding-bottom: 5% !important;}&#8221;][vc_column_text css=&#8221;.vc_custom_1640020321127{padding-right: 3% !important;}&#8221;]<\/p>\n<p class=\"p1\"><span class=\"s1\">Localizado no topo da praia da Fal\u00e9sia, o Pine Cliffs, a Luxury Collection Resort, usufrui de uma localiza\u00e7\u00e3o privilegiada. Aquela que foi considerada pela conceituada Cond\u00e9 Nast Traveler uma das 3 praias mais bonitas da Pen\u00ednsula Ib\u00e9rica disp\u00f5e de um elevador panor\u00e2mico e respetivo passadi\u00e7o em madeira, permitindo que os h\u00f3spedes acedam a uma \u00e1rea reservada aos mesmos.<\/span><\/p>\n<p>&nbsp;<\/p>\n<p class=\"p1\"><span class=\"s1\">Durante v\u00e1rios anos considerado um dos principais destinos familiares da Europa, o Pine Cliffs Resort supera quaisquer expetativas. A oferta variada de fitness, com atividades interiores e exteriores, o Pine Cliffs Golf &amp; Country Club, com um campo de golfe de 9 buracos, a Academia de T\u00e9nis Annabel Croft, com cinco campos de t\u00e9nis iluminados e um campo de padel, torna o espa\u00e7o muito atrativo para todas as gera\u00e7\u00f5es. Os mais novos encontram no Porto Pirata, a aldeia para as crian\u00e7as com 7000m2, o ref\u00fagio ideal.<\/span><\/p>\n<p>&nbsp;<\/p>\n<p class=\"p1\"><span class=\"s1\">Uma das mais aclamadas atra\u00e7\u00f5es do resort, que sustenta uma oferta voltada para o turismo de sa\u00fade e bem-estar, \u00e9 o internacionalmente premiado spa Serenity \u2013 The Art of Well Being. Um espa\u00e7o incompar\u00e1vel, inspirado num menu de tratamentos ind\u00edgenas e terapias hol\u00edsticas.<\/span><\/p>\n<p>&nbsp;<\/p>\n<p class=\"p1\"><span class=\"s1\">Este ref\u00fagio a sul de Portugal proporciona um estilo de vida \u00fanico. Com um desenvolvimento emblem\u00e1tico, o Pine Cliffs Resort tem sido o ponto de refer\u00eancia para todos os projetos do grupo.<\/span><\/p>\n<p>[\/vc_column_text][\/vc_column_inner][vc_column_inner offset=&#8221;vc_col-lg-6 vc_col-md-6 vc_col-xs-12&#8243;]<div class=\"rt-image-slider element-one owl-carousel\"><div class=\"rt-image-slider-item\" style=\"background-image:url(https:\/\/uip.pt\/wp-content\/uploads\/2019\/08\/pine-cliffs-quarto-hotel.jpg)\"><div class=\"holder matchHeight\"><div class=\"data\"><h5>pine-cliffs-quarto-hotel<\/h5><div class=\"zoom-focus\"><a class=\"fancybox\" href=\"https:\/\/uip.pt\/wp-content\/uploads\/2019\/08\/pine-cliffs-quarto-hotel.jpg\"><i class=\"fa fa-camera\"><\/i><\/a><\/div><p><\/p><\/div><\/div><\/div><div class=\"rt-image-slider-item\" style=\"background-image:url(https:\/\/uip.pt\/wp-content\/uploads\/2019\/09\/pine-cliffs-ocean-suits.jpg)\"><div class=\"holder matchHeight\"><div class=\"data\"><h5>pine cliffs ocean suits<\/h5><div class=\"zoom-focus\"><a class=\"fancybox\" href=\"https:\/\/uip.pt\/wp-content\/uploads\/2019\/09\/pine-cliffs-ocean-suits.jpg\"><i class=\"fa fa-camera\"><\/i><\/a><\/div><p><\/p><\/div><\/div><\/div><div class=\"rt-image-slider-item\" style=\"background-image:url(https:\/\/uip.pt\/wp-content\/uploads\/2019\/09\/pine-cliffs-ocean-suites-pool.jpg)\"><div class=\"holder matchHeight\"><div class=\"data\"><h5>pine-cliffs-ocean-suites-pool<\/h5><div class=\"zoom-focus\"><a class=\"fancybox\" href=\"https:\/\/uip.pt\/wp-content\/uploads\/2019\/09\/pine-cliffs-ocean-suites-pool.jpg\"><i class=\"fa fa-camera\"><\/i><\/a><\/div><p><\/p><\/div><\/div><\/div><div class=\"rt-image-slider-item\" style=\"background-image:url(https:\/\/uip.pt\/wp-content\/uploads\/2019\/09\/pine-cliffs-spa.jpg)\"><div class=\"holder matchHeight\"><div class=\"data\"><h5>pine-cliffs-spa<\/h5><div class=\"zoom-focus\"><a class=\"fancybox\" href=\"https:\/\/uip.pt\/wp-content\/uploads\/2019\/09\/pine-cliffs-spa.jpg\"><i class=\"fa fa-camera\"><\/i><\/a><\/div><p><\/p><\/div><\/div><\/div><div class=\"rt-image-slider-item\" style=\"background-image:url(https:\/\/uip.pt\/wp-content\/uploads\/2022\/01\/pine-cliffs-resort-mare.jpg)\"><div class=\"holder matchHeight\"><div class=\"data\"><h5>pine-cliffs-resort-mare<\/h5><div class=\"zoom-focus\"><a class=\"fancybox\" href=\"https:\/\/uip.pt\/wp-content\/uploads\/2022\/01\/pine-cliffs-resort-mare.jpg\"><i class=\"fa fa-camera\"><\/i><\/a><\/div><p><\/p><\/div><\/div><\/div><\/div>[vc_empty_space height=&#8221;70px&#8221;][\/vc_column_inner][\/vc_row_inner][\/vc_column][\/vc_row][\/vc_section][vc_section full_width=&#8221;stretch_row&#8221; css=&#8221;.vc_custom_1568314499021{padding-top: 60px !important;padding-bottom: 80px !important;background-color: #f9f9f9 !important;}&#8221;][vc_row][vc_column css=&#8221;.vc_custom_1519362639897{margin-top: 0px !important;padding-top: 0px !important;}&#8221;][vc_custom_heading text=&#8221;Real Estate&#8221; font_container=&#8221;tag:h2|font_size:35px|text_align:center|line_height:42px&#8221; use_theme_fonts=&#8221;yes&#8221; css=&#8221;.vc_custom_1568127383181{margin-top: 10px !important;margin-bottom: 0px !important;padding-top: 0px !important;padding-bottom: 0px !important;}&#8221;][vc_single_image image=&#8221;10367&#8243; img_size=&#8221;full&#8221; alignment=&#8221;center&#8221; css=&#8221;.vc_custom_1568114795776{margin-top: 15px !important;margin-bottom: 0px !important;padding-top: 0px !important;padding-bottom: 0px !important;}&#8221;][vc_row_inner][vc_column_inner offset=&#8221;vc_col-lg-offset-3 vc_col-lg-6 vc_col-md-offset-3 vc_col-md-6 vc_col-xs-12&#8243;][vc_column_text css=&#8221;.vc_custom_1568314504548{margin-bottom: 20px !important;}&#8221;]<\/p>\n<p class=\"p1\" style=\"text-align: center;\"><span class=\"s1\">O Pine Cliffs Resort oferece um conjunto diversificado de op\u00e7\u00f5es de alojamento, oportunidade de investimento e um estilo de vida de luxo para toda a fam\u00edlia.<\/span><\/p>\n<p>[\/vc_column_text][\/vc_column_inner][\/vc_row_inner][\/vc_column][\/vc_row][vc_row css=&#8221;.vc_custom_1568128037618{background-position: 0 0 !important;background-repeat: no-repeat !important;}&#8221;][vc_column]<div class=\"rt-tab element-four rt-92e8cf0c-98ec-4 \"  style=\"width:\"><ul class=\"nav-tabs nav-justified\"><li data-tab-icon=false class=\"matchHeight\"><a class=\"text-left\" data-toggle=\"tab\" href=\"#92e8cf0c-98ec-3\">RESIDENTIAL<\/a><\/li><li data-tab-icon=false class=\"matchHeight\"><a class=\"text-left\" data-toggle=\"tab\" href=\"#92e8cf0c-98ec-2\">TOURISTIC<\/a><\/li><li data-tab-icon=false class=\"matchHeight\"><a class=\"text-left\" data-toggle=\"tab\" href=\"#92e8cf0c-98ec-4\">VACATION<\/a><\/li><\/ul><div class=\"tab-content \"><div id=\"92e8cf0c-98ec-3\" class=\"tab-pane fade\"><\/p>\n<h3 class=\"heading-font-style\">RESIDENTIAL<\/h3>\n<p>&nbsp;<\/p>\n<div class=\"tab-inner-section\">\n<div class=\"row\">\n<div class=\"col-sm-12\">\n<div class=\"contect-section\">\n<h3><img loading=\"lazy\" class=\"wp-image-11472 alignleft\" src=\"https:\/\/uip.pt\/wp-content\/uploads\/2019\/08\/pine-cliffs-villas.jpg\" alt=\"Pine Cliffs Villas\" width=\"444\" height=\"280\" \/><\/h3>\n<h3><\/h3>\n<h3>Pine Cliffs Villas<\/h3>\n<p>&nbsp;<\/p>\n<p class=\"p1\"><span class=\"s1\">Com equipamentos e acabamentos de acordo com as mais elevadas especifica\u00e7\u00f5es e padr\u00f5es de design, estas exclusivas moradias T4 ocupam lotes de grande dimens\u00e3o. Est\u00e3o em perfeita harmonia com a beleza natural que as rodeia e s\u00e3o as \u00fanicas propriedades que disp\u00f5em de piscina privativa.<\/span><\/p>\n<p style=\"padding-bottom: 14%;\"><\/div>\n<div class=\"contect-section\">\n<h3><img loading=\"lazy\" class=\"wp-image-11472 alignright\" src=\"https:\/\/uip.pt\/wp-content\/uploads\/2019\/08\/pine-cliffs-terraces.jpg\" alt=\"Pine Cliffs Terraces\" width=\"444\" height=\"280\" \/><\/h3>\n<h3><\/h3>\n<h3>Pine Cliffs Terraces<\/h3>\n<p>&nbsp;<\/p>\n<p class=\"p1\"><span class=\"s1\">Um conjunto \u00fanico de moradias T2+1 e T3+1 em banda, implantadas num cen\u00e1rio de sonho. Al\u00e9m do regime de investimento, s\u00e3o compat\u00edveis com o regime de Residente N\u00e3o-Habitual e o Programa de Autoriza\u00e7\u00e3o de Resid\u00eancia para Atividade de Investimento, conhecido como Golden Visa. Rodeadas por jardins zen e a piscina infinita mais calma do resort, possibilitam o arrendamento atrav\u00e9s da UIP ou a utiliza\u00e7\u00e3o pr\u00f3pria.<\/span><\/p>\n<p style=\"padding-bottom: 12%;\"><\/div>\n<div class=\"contect-section\">\n<h3><img loading=\"lazy\" class=\"wp-image-11472 alignleft\" src=\"https:\/\/uip.pt\/wp-content\/uploads\/2019\/08\/pine-cliffs-townhouses.jpg\" alt=\"Pine Cliffs Townhouses\" width=\"444\" height=\"280\" \/><\/h3>\n<h3><\/h3>\n<h3>Pine Cliffs Townhouses<\/h3>\n<p>&nbsp;<\/p>\n<p class=\"p1\"><span class=\"s1\">Localizadas da entrada at\u00e9 ao cora\u00e7\u00e3o do resort, entre pinheiros e riachos, as propriedades de design mourisco proporcionam um ambiente de requinte, aliado \u00e0s caracter\u00edsticas arquitet\u00f3nicas ex\u00f3ticas. Estas moradias de 2 pisos est\u00e3o dispon\u00edveis em T2 e T3, com esplanada e \u00e1rea de barbecue, onde toda a fam\u00edlia pode desfrutar do ar livre e do \u00f3timo clima do Algarve.<\/span><\/p>\n<p style=\"padding-bottom: 100px;\"><\/div>\n<\/div>\n<\/div>\n<\/div>\n<p><\/div><div id=\"92e8cf0c-98ec-2\" class=\"tab-pane fade\"><\/p>\n<h3 class=\"heading-font-style\">TOURISTIC APARTMENTS<\/h3>\n<p>&nbsp;<\/p>\n<div class=\"tab-inner-section\">\n<div class=\"row\">\n<div class=\"col-sm-12\">\n<div class=\"contect-section\">\n<h3><img loading=\"lazy\" class=\"wp-image-11472 alignleft\" src=\"https:\/\/uip.pt\/wp-content\/uploads\/2019\/08\/pine-cliffs-ocean-suites-1.jpg\" alt=\"Pine Cliffs Ocean Suites\" width=\"444\" height=\"280\" srcset=\"https:\/\/uip.pt\/wp-content\/uploads\/2019\/08\/pine-cliffs-ocean-suites-1.jpg 431w, https:\/\/uip.pt\/wp-content\/uploads\/2019\/08\/pine-cliffs-ocean-suites-1-300x189.jpg 300w\" sizes=\"(max-width: 444px) 100vw, 444px\" \/><\/h3>\n<h3><\/h3>\n<h3>Pine Cliffs Ocean Suites<\/h3>\n<p>&nbsp;<\/p>\n<p class=\"p1\"><span class=\"s1\">Um total de 76 luxuosos apartamentos junto ao mar, com vista sobre a magn\u00edfica costa algarvia e junto ao campo de golfe. Com um retorno de investimento m\u00ednimo garantido e direitos de utiliza\u00e7\u00e3o da propriedade, as Pine Cliffs Ocean Suites s\u00e3o compat\u00edveis com o regime do Residente N\u00e3o-habitual (NHR) e o Programa de Autoriza\u00e7\u00e3o de Resid\u00eancia para Atividade de Investimento, conhecido como Golden Visa.<\/span><\/p>\n<p style=\"padding-bottom: 13%;\"><\/div>\n<div class=\"contect-section\">\n<h3><img loading=\"lazy\" class=\"wp-image-11472 alignright\" src=\"https:\/\/uip.pt\/wp-content\/uploads\/2019\/08\/pine-cliffs-suites.jpg\" alt=\"Pine Cliffs Suites\" width=\"444\" height=\"280\" \/><\/h3>\n<h3><\/h3>\n<h3>Pine Cliffs Suites<\/h3>\n<p>&nbsp;<\/p>\n<p class=\"p1\"><span class=\"s1\">Apartamentos de luxo, T2 e T3, totalmente renovados e equipados, onde a arquitetura tradicional se funde com toques modernos. Os terra\u00e7os ou varandas privadas contam com uma vista privilegiada para o campo de golfe do Pine Cliffs Resort. Estas propriedades s\u00e3o compat\u00edveis com os regimes NHR e Golden Visa.<\/span><\/p>\n<p style=\"padding-bottom: 15%;\"><\/div>\n<div class=\"contect-section\">\n<h3><img loading=\"lazy\" class=\"wp-image-11472 alignleft\" src=\"https:\/\/uip.pt\/wp-content\/uploads\/2019\/08\/pine-cliffs-gardens.jpg\" alt=\"Pine Cliffs Gardens\" width=\"444\" height=\"280\" \/><\/h3>\n<h3><\/h3>\n<h3>Pine Cliffs Gardens<\/h3>\n<p>&nbsp;<\/p>\n<p class=\"p1\"><span class=\"s1\">Ideais para as f\u00e9rias de ver\u00e3o em fam\u00edlia, localizados \u00e0 entrada do resort, rodeados por jardins amplos e um pinhal majestoso, com acesso a todos os servi\u00e7os e restaurantes do resort. 87 unidades de luxo de T1 a T3, com cozinhas totalmente equipadas.<\/span><\/p>\n<p style=\"padding-bottom: 17%;\"><\/div>\n<div class=\"contect-section\">\n<h3><img loading=\"lazy\" class=\"wp-image-11472 alignright\" src=\"https:\/\/uip.pt\/wp-content\/uploads\/2019\/08\/pine-cliffs-residence.jpg\" alt=\"Pine Cliffs Residence\" width=\"444\" height=\"280\" \/><\/h3>\n<h3><\/h3>\n<h3>Pine Cliffs Residence<\/h3>\n<p>&nbsp;<\/p>\n<p class=\"p1\"><span class=\"s1\">Criadas a pensar nas fam\u00edlias, as Pine Cliffs Residence foram concebidas com dimens\u00f5es generosas e localizam-se perto do Porto Pirata, Junior Clube e minimercado The Deli. Al\u00e9m de garantirem um retorno de investimento m\u00ednimo, prometem ser a casa de f\u00e9rias ideal.<\/span><\/p>\n<p style=\"padding-bottom: 100px;\"><\/div>\n<\/div>\n<\/div>\n<\/div>\n<p><\/div><div id=\"92e8cf0c-98ec-4\" class=\"tab-pane fade\"><\/p>\n<h3 class=\"heading-font-style\">VACATION CLUB<\/h3>\n<p>&nbsp;<\/p>\n<div class=\"tab-inner-section\">\n<div class=\"row\">\n<div class=\"col-sm-12\">\n<div class=\"contect-section\">\n<h3><img loading=\"lazy\" class=\"wp-image-11472 alignleft\" src=\"https:\/\/uip.pt\/wp-content\/uploads\/2019\/08\/pine-cliffs-vacation-club.jpg\" alt=\"Pine Cliffs Vacation Club\" width=\"444\" height=\"280\" \/><\/h3>\n<h3><\/h3>\n<h3>Pine Cliffs Vacation Club<\/h3>\n<p>&nbsp;<\/p>\n<p class=\"p1\"><span class=\"s1\">O Pine Cliffs Vacation Club \u00e9 um clube do Pine Cliffs Resort, exclusivo para membros, que oferece condi\u00e7\u00f5es especiais, dentro e fora do resort. Os membros do Vacation Club usufruem de estadas em apartamentos T2 e T3, onde podem desfrutar do descanso, aliado ao luxo.<\/span><\/p>\n<p>T\u00eam acesso a todos os servi\u00e7os de desporto e lazer do resort, como t\u00e9nis, golfe, piscinas, gin\u00e1sios, o premiado spa Serenity \u2013 The Art of Well Being e \u00e0 conceituada praia da Fal\u00e9sia.<\/p>\n<p style=\"padding-bottom: 50px;\"><\/div>\n<\/div>\n<\/div>\n<\/div>\n<p><\/div><\/div><\/div>[\/vc_column][\/vc_row][\/vc_section][vc_section css=&#8221;.vc_custom_1568314739925{padding-top: 60px !important;background-color: #ffffff !important;}&#8221;][vc_row css=&#8221;.vc_custom_1568127418656{background-color: #ffffff !important;}&#8221;][vc_column css=&#8221;.vc_custom_1519362639897{margin-top: 0px !important;padding-top: 0px !important;}&#8221;][vc_custom_heading text=&#8221;Galeria&#8221; font_container=&#8221;tag:h2|font_size:35px|text_align:center|line_height:42px&#8221; use_theme_fonts=&#8221;yes&#8221; css=&#8221;.vc_custom_1570635262827{margin-top: 10px !important;margin-bottom: 0px !important;padding-top: 0px !important;padding-bottom: 0px !important;}&#8221;][vc_single_image image=&#8221;10367&#8243; img_size=&#8221;full&#8221; alignment=&#8221;center&#8221; css=&#8221;.vc_custom_1568114795776{margin-top: 15px !important;margin-bottom: 0px !important;padding-top: 0px !important;padding-bottom: 0px !important;}&#8221;][vc_empty_space height=&#8221;30px&#8221;][vc_raw_html]JTVCZW52aXJhLWdhbGxlcnklMjBzbHVnJTNEJTIycGluZS1jbGlmZnMtcmVzb3J0JTIyJTVE[\/vc_raw_html][vc_empty_space height=&#8221;35px&#8221;][\/vc_column][\/vc_row][\/vc_section]<\/p>\n","protected":false},"excerpt":{"rendered":"<p>[vc_section css=&#8221;.vc_custom_1568314456605{padding-top: 60px !important;padding-bottom: 10px !important;}&#8221;][vc_row css=&#8221;.vc_custom_1567796671489{background-color: #ffffff !important;}&#8221;][vc_column css=&#8221;.vc_custom_1519362639897{margin-top: 0px !important;padding-top: 0px !important;}&#8221;][vc_custom_heading text=&#8221;Resort&#8221; font_container=&#8221;tag:h2|font_size:35px|text_align:center|line_height:42px&#8221; use_theme_fonts=&#8221;yes&#8221; css=&#8221;.vc_custom_1576755474274{margin-top: 10px !important;margin-bottom: 0px !important;padding-top: 0px !important;padding-bottom: 0px !important;}&#8221;][vc_single_image image=&#8221;10367&#8243; img_size=&#8221;full&#8221; alignment=&#8221;center&#8221; css=&#8221;.vc_custom_1568114726106{margin-top: 15px !important;margin-bottom: 0px !important;padding-top: 0px !important;padding-bottom: 0px !important;}&#8221;][vc_row_inner css=&#8221;.vc_custom_1568285235051{padding-top: 35px !important;}&#8221;][vc_column_inner offset=&#8221;vc_col-lg-6 vc_col-md-6 vc_col-xs-12&#8243; css=&#8221;.vc_custom_1568043535762{padding-bottom: 5% !important;}&#8221;][vc_column_text css=&#8221;.vc_custom_1640020321127{padding-right: 3% !important;}&#8221;] Localizado no topo da praia [&hellip;]<\/p>\n","protected":false},"author":1,"featured_media":0,"parent":11783,"menu_order":0,"comment_status":"closed","ping_status":"closed","template":"","meta":[],"acf":[],"yoast_head":"<!-- This site is optimized with the Yoast SEO plugin v17.8 - https:\/\/yoast.com\/wordpress\/plugins\/seo\/ -->\n<title>Pine Cliffs Resort - UIP<\/title>\n<meta name=\"robots\" content=\"index, follow, max-snippet:-1, max-image-preview:large, max-video-preview:-1\" \/>\n<link rel=\"canonical\" href=\"https:\/\/uip.pt\/hotels-and-resorts\/pine-cliffs-resort\/\" \/>\n<meta property=\"og:locale\" content=\"pt_PT\" \/>\n<meta property=\"og:type\" content=\"article\" \/>\n<meta property=\"og:title\" content=\"Pine Cliffs Resort - UIP\" \/>\n<meta property=\"og:description\" content=\"[vc_section css=&#8221;.vc_custom_1568314456605{padding-top: 60px !important;padding-bottom: 10px !important;}&#8221;][vc_row css=&#8221;.vc_custom_1567796671489{background-color: #ffffff !important;}&#8221;][vc_column css=&#8221;.vc_custom_1519362639897{margin-top: 0px !important;padding-top: 0px !important;}&#8221;][vc_custom_heading text=&#8221;Resort&#8221; font_container=&#8221;tag:h2|font_size:35px|text_align:center|line_height:42px&#8221; use_theme_fonts=&#8221;yes&#8221; css=&#8221;.vc_custom_1576755474274{margin-top: 10px !important;margin-bottom: 0px !important;padding-top: 0px !important;padding-bottom: 0px !important;}&#8221;][vc_single_image image=&#8221;10367&#8243; img_size=&#8221;full&#8221; alignment=&#8221;center&#8221; css=&#8221;.vc_custom_1568114726106{margin-top: 15px !important;margin-bottom: 0px !important;padding-top: 0px !important;padding-bottom: 0px !important;}&#8221;][vc_row_inner css=&#8221;.vc_custom_1568285235051{padding-top: 35px !important;}&#8221;][vc_column_inner offset=&#8221;vc_col-lg-6 vc_col-md-6 vc_col-xs-12&#8243; css=&#8221;.vc_custom_1568043535762{padding-bottom: 5% !important;}&#8221;][vc_column_text css=&#8221;.vc_custom_1640020321127{padding-right: 3% !important;}&#8221;] Localizado no topo da praia [&hellip;]\" \/>\n<meta property=\"og:url\" content=\"https:\/\/uip.pt\/hotels-and-resorts\/pine-cliffs-resort\/\" \/>\n<meta property=\"og:site_name\" content=\"UIP\" \/>\n<meta property=\"article:modified_time\" content=\"2022-01-11T16:51:26+00:00\" \/>\n<meta property=\"og:image\" content=\"https:\/\/uip.pt\/wp-content\/uploads\/2019\/08\/pine-cliffs-villas.jpg\" \/>\n<meta name=\"twitter:card\" content=\"summary_large_image\" \/>\n<meta name=\"twitter:label1\" content=\"Tempo estimado de leitura\" \/>\n\t<meta name=\"twitter:data1\" content=\"6 minutos\" \/>\n<script type=\"application\/ld+json\" class=\"yoast-schema-graph\">{\"@context\":\"https:\/\/schema.org\",\"@graph\":[{\"@type\":\"WebSite\",\"@id\":\"https:\/\/uip.pt\/#website\",\"url\":\"https:\/\/uip.pt\/\",\"name\":\"UIP\",\"description\":\"\",\"potentialAction\":[{\"@type\":\"SearchAction\",\"target\":{\"@type\":\"EntryPoint\",\"urlTemplate\":\"https:\/\/uip.pt\/?s={search_term_string}\"},\"query-input\":\"required name=search_term_string\"}],\"inLanguage\":\"pt-PT\"},{\"@type\":\"ImageObject\",\"@id\":\"https:\/\/uip.pt\/hotels-and-resorts\/pine-cliffs-resort\/#primaryimage\",\"inLanguage\":\"pt-PT\",\"url\":\"https:\/\/uip.pt\/wp-content\/uploads\/2019\/08\/pine-cliffs-villas.jpg\",\"contentUrl\":\"https:\/\/uip.pt\/wp-content\/uploads\/2019\/08\/pine-cliffs-villas.jpg\",\"width\":431,\"height\":272,\"caption\":\"Pine Cliffs Villa\"},{\"@type\":\"WebPage\",\"@id\":\"https:\/\/uip.pt\/hotels-and-resorts\/pine-cliffs-resort\/#webpage\",\"url\":\"https:\/\/uip.pt\/hotels-and-resorts\/pine-cliffs-resort\/\",\"name\":\"Pine Cliffs Resort - UIP\",\"isPartOf\":{\"@id\":\"https:\/\/uip.pt\/#website\"},\"primaryImageOfPage\":{\"@id\":\"https:\/\/uip.pt\/hotels-and-resorts\/pine-cliffs-resort\/#primaryimage\"},\"datePublished\":\"2019-06-13T16:09:08+00:00\",\"dateModified\":\"2022-01-11T16:51:26+00:00\",\"breadcrumb\":{\"@id\":\"https:\/\/uip.pt\/hotels-and-resorts\/pine-cliffs-resort\/#breadcrumb\"},\"inLanguage\":\"pt-PT\",\"potentialAction\":[{\"@type\":\"ReadAction\",\"target\":[\"https:\/\/uip.pt\/hotels-and-resorts\/pine-cliffs-resort\/\"]}]},{\"@type\":\"BreadcrumbList\",\"@id\":\"https:\/\/uip.pt\/hotels-and-resorts\/pine-cliffs-resort\/#breadcrumb\",\"itemListElement\":[{\"@type\":\"ListItem\",\"position\":1,\"name\":\"Home\",\"item\":\"https:\/\/uip.pt\/pt-pt\/\"},{\"@type\":\"ListItem\",\"position\":2,\"name\":\"Hot\\u00e9is e Resorts\",\"item\":\"https:\/\/uip.pt\/pt-pt\/hoteis-e-resorts\/\"},{\"@type\":\"ListItem\",\"position\":3,\"name\":\"Pine Cliffs Resort\"}]}]}<\/script>\n<!-- \/ Yoast SEO plugin. -->","yoast_head_json":{"title":"Pine Cliffs Resort - UIP","robots":{"index":"index","follow":"follow","max-snippet":"max-snippet:-1","max-image-preview":"max-image-preview:large","max-video-preview":"max-video-preview:-1"},"canonical":"https:\/\/uip.pt\/hotels-and-resorts\/pine-cliffs-resort\/","og_locale":"pt_PT","og_type":"article","og_title":"Pine Cliffs Resort - UIP","og_description":"[vc_section css=&#8221;.vc_custom_1568314456605{padding-top: 60px !important;padding-bottom: 10px !important;}&#8221;][vc_row css=&#8221;.vc_custom_1567796671489{background-color: #ffffff !important;}&#8221;][vc_column css=&#8221;.vc_custom_1519362639897{margin-top: 0px !important;padding-top: 0px !important;}&#8221;][vc_custom_heading text=&#8221;Resort&#8221; font_container=&#8221;tag:h2|font_size:35px|text_align:center|line_height:42px&#8221; use_theme_fonts=&#8221;yes&#8221; css=&#8221;.vc_custom_1576755474274{margin-top: 10px !important;margin-bottom: 0px !important;padding-top: 0px !important;padding-bottom: 0px !important;}&#8221;][vc_single_image image=&#8221;10367&#8243; img_size=&#8221;full&#8221; alignment=&#8221;center&#8221; css=&#8221;.vc_custom_1568114726106{margin-top: 15px !important;margin-bottom: 0px !important;padding-top: 0px !important;padding-bottom: 0px !important;}&#8221;][vc_row_inner css=&#8221;.vc_custom_1568285235051{padding-top: 35px !important;}&#8221;][vc_column_inner offset=&#8221;vc_col-lg-6 vc_col-md-6 vc_col-xs-12&#8243; css=&#8221;.vc_custom_1568043535762{padding-bottom: 5% !important;}&#8221;][vc_column_text css=&#8221;.vc_custom_1640020321127{padding-right: 3% !important;}&#8221;] Localizado no topo da praia [&hellip;]","og_url":"https:\/\/uip.pt\/hotels-and-resorts\/pine-cliffs-resort\/","og_site_name":"UIP","article_modified_time":"2022-01-11T16:51:26+00:00","og_image":[{"url":"https:\/\/uip.pt\/wp-content\/uploads\/2019\/08\/pine-cliffs-villas.jpg"}],"twitter_card":"summary_large_image","twitter_misc":{"Tempo estimado de leitura":"6 minutos"},"schema":{"@context":"https:\/\/schema.org","@graph":[{"@type":"WebSite","@id":"https:\/\/uip.pt\/#website","url":"https:\/\/uip.pt\/","name":"UIP","description":"","potentialAction":[{"@type":"SearchAction","target":{"@type":"EntryPoint","urlTemplate":"https:\/\/uip.pt\/?s={search_term_string}"},"query-input":"required name=search_term_string"}],"inLanguage":"pt-PT"},{"@type":"ImageObject","@id":"https:\/\/uip.pt\/hotels-and-resorts\/pine-cliffs-resort\/#primaryimage","inLanguage":"pt-PT","url":"https:\/\/uip.pt\/wp-content\/uploads\/2019\/08\/pine-cliffs-villas.jpg","contentUrl":"https:\/\/uip.pt\/wp-content\/uploads\/2019\/08\/pine-cliffs-villas.jpg","width":431,"height":272,"caption":"Pine Cliffs Villa"},{"@type":"WebPage","@id":"https:\/\/uip.pt\/hotels-and-resorts\/pine-cliffs-resort\/#webpage","url":"https:\/\/uip.pt\/hotels-and-resorts\/pine-cliffs-resort\/","name":"Pine Cliffs Resort - UIP","isPartOf":{"@id":"https:\/\/uip.pt\/#website"},"primaryImageOfPage":{"@id":"https:\/\/uip.pt\/hotels-and-resorts\/pine-cliffs-resort\/#primaryimage"},"datePublished":"2019-06-13T16:09:08+00:00","dateModified":"2022-01-11T16:51:26+00:00","breadcrumb":{"@id":"https:\/\/uip.pt\/hotels-and-resorts\/pine-cliffs-resort\/#breadcrumb"},"inLanguage":"pt-PT","potentialAction":[{"@type":"ReadAction","target":["https:\/\/uip.pt\/hotels-and-resorts\/pine-cliffs-resort\/"]}]},{"@type":"BreadcrumbList","@id":"https:\/\/uip.pt\/hotels-and-resorts\/pine-cliffs-resort\/#breadcrumb","itemListElement":[{"@type":"ListItem","position":1,"name":"Home","item":"https:\/\/uip.pt\/pt-pt\/"},{"@type":"ListItem","position":2,"name":"Hot\u00e9is e Resorts","item":"https:\/\/uip.pt\/pt-pt\/hoteis-e-resorts\/"},{"@type":"ListItem","position":3,"name":"Pine Cliffs Resort"}]}]}},"_links":{"self":[{"href":"https:\/\/uip.pt\/pt-pt\/wp-json\/wp\/v2\/pages\/11785"}],"collection":[{"href":"https:\/\/uip.pt\/pt-pt\/wp-json\/wp\/v2\/pages"}],"about":[{"href":"https:\/\/uip.pt\/pt-pt\/wp-json\/wp\/v2\/types\/page"}],"author":[{"embeddable":true,"href":"https:\/\/uip.pt\/pt-pt\/wp-json\/wp\/v2\/users\/1"}],"replies":[{"embeddable":true,"href":"https:\/\/uip.pt\/pt-pt\/wp-json\/wp\/v2\/comments?post=11785"}],"version-history":[{"count":26,"href":"https:\/\/uip.pt\/pt-pt\/wp-json\/wp\/v2\/pages\/11785\/revisions"}],"predecessor-version":[{"id":19876,"href":"https:\/\/uip.pt\/pt-pt\/wp-json\/wp\/v2\/pages\/11785\/revisions\/19876"}],"up":[{"embeddable":true,"href":"https:\/\/uip.pt\/pt-pt\/wp-json\/wp\/v2\/pages\/11783"}],"wp:attachment":[{"href":"https:\/\/uip.pt\/pt-pt\/wp-json\/wp\/v2\/media?parent=11785"}],"curies":[{"name":"wp","href":"https:\/\/api.w.org\/{rel}","templated":true}]}}