{"id":11784,"date":"2019-06-13T17:27:12","date_gmt":"2019-06-13T17:27:12","guid":{"rendered":"https:\/\/uip.pt\/hotelandresorts\/hyatt-regency-lisboa\/"},"modified":"2022-05-05T13:27:34","modified_gmt":"2022-05-05T13:27:34","slug":"hyatt-regency-lisboa","status":"publish","type":"page","link":"https:\/\/uip.pt\/pt-pt\/hoteis-e-resorts\/hyatt-regency-lisboa\/","title":{"rendered":"Hyatt Regency Lisboa"},"content":{"rendered":"<p>[vc_section css=&#8221;.vc_custom_1568315773601{padding-top: 60px !important;padding-bottom: 45px !important;}&#8221;][vc_row css=&#8221;.vc_custom_1567796671489{background-color: #ffffff !important;}&#8221;][vc_column css=&#8221;.vc_custom_1519362639897{margin-top: 0px !important;padding-top: 0px !important;}&#8221;][vc_custom_heading text=&#8221;Hotel&#8221; font_container=&#8221;tag:h2|font_size:35px|text_align:center|line_height:42px&#8221; use_theme_fonts=&#8221;yes&#8221; css=&#8221;.vc_custom_1568127189013{margin-top: 10px !important;margin-bottom: 0px !important;padding-top: 0px !important;padding-bottom: 0px !important;}&#8221;][vc_single_image image=&#8221;10367&#8243; img_size=&#8221;full&#8221; alignment=&#8221;center&#8221; css=&#8221;.vc_custom_1568114726106{margin-top: 15px !important;margin-bottom: 0px !important;padding-top: 0px !important;padding-bottom: 0px !important;}&#8221;][vc_row_inner css=&#8221;.vc_custom_1568315786219{padding-top: 40px !important;}&#8221;][vc_column_inner offset=&#8221;vc_col-lg-6 vc_col-md-6 vc_col-xs-12&#8243; css=&#8221;.vc_custom_1568043535762{padding-bottom: 5% !important;}&#8221;][vc_column_text css=&#8221;.vc_custom_1640022355378{padding-right: 3% !important;}&#8221;]<\/p>\n<p class=\"p1\"><span class=\"s1\">O Hyatt Regency Lisboa \u00e9 o primeiro hotel da marca em Portugal. Este hotel de 5 estrelas superior, com 204 unidades de alojamento de topo e de linhas modernas, det\u00e9m uma localiza\u00e7\u00e3o privilegiada e uma vista deslumbrante para o rio Tejo. Revela-se perfeito para desfrutar da magn\u00edfica cidade de Lisboa, da sua gastronomia, hist\u00f3ria e cultura \u2013 encontra-se rodeado pelos mais relevantes museus e monumentos da cidade, como \u00e9 o caso do Mosteiro dos Jer\u00f3nimos, Torre de Bel\u00e9m, Pal\u00e1cio de Bel\u00e9m ou Cordoaria Nacional.<\/span><\/p>\n<p>&nbsp;<\/p>\n<p class=\"p1\"><span class=\"s1\">O hotel tem acesso pedonal direto, por ponte, \u00e0 frente ribeirinha, zona desenvolvida com jardins e passeio mar\u00edtimo onde o bem-estar \u00e9 privilegiado e situa-se a apenas 5 minutos de carro da baixa hist\u00f3rica de Lisboa, onde a vida diurna se funde com a noturna.<\/span><\/p>\n<p>&nbsp;<\/p>\n<p class=\"p1\"><span class=\"s1\">O hotel disp\u00f5e de um SPA com cerca de 1000m2, gerido pela premiada marca <a href=\"https:\/\/www.serenity-spa.com\/pt\/\" target=\"_blank\" rel=\"noopener noreferrer\">Serenity \u2013 The Art of Well Being<\/a>, um gin\u00e1sio com equipamentos de \u00faltima gera\u00e7\u00e3o e oferece programas de sa\u00fade e bem-estar personalizados. H\u00f3spedes e visitantes podem ainda deliciar-se com a vista deslumbrante sobre o rio Tejo proporcionada pelo <em>rooftop<\/em> do hotel e as iguarias do restaurante de topo. O hotel contempla tamb\u00e9m um espa\u00e7o de com\u00e9rcio de luxo, salas de reuni\u00e3o e parque de estacionamento.<\/span><\/p>\n<p>[\/vc_column_text][\/vc_column_inner][vc_column_inner offset=&#8221;vc_col-lg-6 vc_col-md-6 vc_col-xs-12&#8243;][vc_single_image image=&#8221;11509&#8243; img_size=&#8221;full&#8221; alignment=&#8221;center&#8221;][\/vc_column_inner][\/vc_row_inner][\/vc_column][\/vc_row][vc_row][vc_column]\r<!-- rt-button -->\r<div class=\"rt-button element-one hover-style-one \"  data-button-direction=\"center\" data-button-fullwidth=\"false\" ><a style=\"\" class=\"rt-button-main\" href=\"https:\/\/www.hyatt.com\/pt-PT\/hotel\/portugal\/hyatt-regency-lisbon\/lishr\"  title=\"Fa\u00e7a a sua reserva\" target=\" _blank\"><div class=\"overlay\"><\/div><div class=\"placeholder\">Fa\u00e7a a sua reserva<\/div><\/a><\/div>\r<!-- rt-button -->\r[\/vc_column][\/vc_row][\/vc_section][vc_section full_width=&#8221;stretch_row&#8221; css=&#8221;.vc_custom_1568315819770{padding-top: 60px !important;padding-bottom: 45px !important;background-color: #f9f9f9 !important;}&#8221;][vc_row][vc_column css=&#8221;.vc_custom_1519362639897{margin-top: 0px !important;padding-top: 0px !important;}&#8221;][vc_custom_heading text=&#8221;Real Estate&#8221; font_container=&#8221;tag:h2|font_size:35px|text_align:center|line_height:42px&#8221; use_theme_fonts=&#8221;yes&#8221; css=&#8221;.vc_custom_1568127383181{margin-top: 10px !important;margin-bottom: 0px !important;padding-top: 0px !important;padding-bottom: 0px !important;}&#8221;][vc_single_image image=&#8221;10367&#8243; img_size=&#8221;full&#8221; alignment=&#8221;center&#8221; css=&#8221;.vc_custom_1568114795776{margin-top: 15px !important;margin-bottom: 0px !important;padding-top: 0px !important;padding-bottom: 0px !important;}&#8221;][vc_row_inner css=&#8221;.vc_custom_1568315826571{padding-top: 40px !important;}&#8221;][vc_column_inner offset=&#8221;vc_col-lg-6 vc_col-md-6 vc_col-xs-12&#8243; css=&#8221;.vc_custom_1568043535762{padding-bottom: 5% !important;}&#8221;][vc_custom_heading text=&#8221;The Residences at Hyatt Regency Lisboa&#8221; font_container=&#8221;tag:h4|text_align:left&#8221; google_fonts=&#8221;font_family:Lato%3A100%2C100italic%2C300%2C300italic%2Cregular%2Citalic%2C700%2C700italic%2C900%2C900italic|font_style:700%20bold%20regular%3A700%3Anormal&#8221; css=&#8221;.vc_custom_1640023665637{margin-bottom: 20px !important;}&#8221;][vc_column_text css=&#8221;.vc_custom_1640023721623{padding-right: 3% !important;}&#8221;]<\/p>\n<p class=\"p1\"><span class=\"s1\">A Hyatt International Corporation chega pela primeira vez ao mercado portugu\u00eas atrav\u00e9s da UIP para abrir o Hyatt Regency Lisboa, com componente imobili\u00e1ria. Este produto aporta valor ao portef\u00f3lio da United Investments Portugal, respons\u00e1vel pelo desenvolvimento e gest\u00e3o de alguns dos mais luxuosos empreendimentos tur\u00edsticos no panorama mundial.<\/span><\/p>\n<p>&nbsp;<\/p>\n<p class=\"p1\"><span class=\"s1\">As The Residences at Hyatt Regency Lisboa distribuem-se ao longo de 4 pisos e s\u00e3o compostas por um total de 142 apartamentos, entre tipologias de T0 a T3, totalmente mobilados, equipados e com amplas varandas, onde a vista sobre o rio Tejo seduz.<\/span><\/p>\n<p>&nbsp;<\/p>\n<p class=\"p1\"><span class=\"s1\">Com retorno de investimento m\u00ednimo garantido de 5% ao ano, nos primeiros cinco anos, ou 3% durante dez anos, s\u00e3o compat\u00edveis com o Programa de Autoriza\u00e7\u00e3o de Resid\u00eancia para Atividade de Investimento, conhecido como <em>Golden Visa<\/em>. Revelam-se a combina\u00e7\u00e3o ideal entre lazer, numa capital europeia premiada e reconhecida internacionalmente, e investimento, ao combinar a rentabilidade com um estilo de vida luxuoso.<\/span><\/p>\n<p>[\/vc_column_text][\/vc_column_inner][vc_column_inner offset=&#8221;vc_col-lg-6 vc_col-md-6 vc_col-xs-12&#8243;][vc_single_image image=&#8221;19580&#8243; img_size=&#8221;full&#8221; alignment=&#8221;center&#8221;][\/vc_column_inner][\/vc_row_inner][\/vc_column][\/vc_row][\/vc_section][vc_row css=&#8221;.vc_custom_1568127418656{background-color: #ffffff !important;}&#8221;][vc_column css=&#8221;.vc_custom_1519362639897{margin-top: 0px !important;padding-top: 0px !important;}&#8221;][vc_empty_space height=&#8221;35px&#8221;][vc_custom_heading text=&#8221;Galeria&#8221; font_container=&#8221;tag:h2|font_size:35px|text_align:center|line_height:42px&#8221; use_theme_fonts=&#8221;yes&#8221; css=&#8221;.vc_custom_1575370790157{margin-top: 10px !important;margin-bottom: 0px !important;padding-top: 0px !important;padding-bottom: 0px !important;}&#8221;][vc_single_image image=&#8221;10367&#8243; img_size=&#8221;full&#8221; alignment=&#8221;center&#8221; css=&#8221;.vc_custom_1568114795776{margin-top: 15px !important;margin-bottom: 0px !important;padding-top: 0px !important;padding-bottom: 0px !important;}&#8221;][vc_empty_space height=&#8221;30px&#8221;][vc_raw_html css=&#8221;.vc_custom_1575029588749{margin-bottom: 0px !important;}&#8221;]JTVCZW52aXJhLWdhbGxlcnklMjBzbHVnJTNEJTIyaHlhdHQtcmVnZW5jeS1saXNib2ElMjIlNUQ=[\/vc_raw_html][vc_column_text el_class=&#8221;warning&#8221;]Decora\u00e7\u00e3o, m\u00f3veis, equipamentos e utens\u00edlios sujeitos a altera\u00e7\u00f5es de acordo com os padr\u00f5es da marca.[\/vc_column_text][\/vc_column][\/vc_row]<\/p>\n","protected":false},"excerpt":{"rendered":"<p>[vc_section css=&#8221;.vc_custom_1568315773601{padding-top: 60px !important;padding-bottom: 45px !important;}&#8221;][vc_row css=&#8221;.vc_custom_1567796671489{background-color: #ffffff !important;}&#8221;][vc_column css=&#8221;.vc_custom_1519362639897{margin-top: 0px !important;padding-top: 0px !important;}&#8221;][vc_custom_heading text=&#8221;Hotel&#8221; font_container=&#8221;tag:h2|font_size:35px|text_align:center|line_height:42px&#8221; use_theme_fonts=&#8221;yes&#8221; css=&#8221;.vc_custom_1568127189013{margin-top: 10px !important;margin-bottom: 0px !important;padding-top: 0px !important;padding-bottom: 0px !important;}&#8221;][vc_single_image image=&#8221;10367&#8243; img_size=&#8221;full&#8221; alignment=&#8221;center&#8221; css=&#8221;.vc_custom_1568114726106{margin-top: 15px !important;margin-bottom: 0px !important;padding-top: 0px !important;padding-bottom: 0px !important;}&#8221;][vc_row_inner css=&#8221;.vc_custom_1568315786219{padding-top: 40px !important;}&#8221;][vc_column_inner offset=&#8221;vc_col-lg-6 vc_col-md-6 vc_col-xs-12&#8243; css=&#8221;.vc_custom_1568043535762{padding-bottom: 5% !important;}&#8221;][vc_column_text css=&#8221;.vc_custom_1640022355378{padding-right: 3% !important;}&#8221;] O Hyatt Regency Lisboa \u00e9 [&hellip;]<\/p>\n","protected":false},"author":1,"featured_media":0,"parent":11783,"menu_order":0,"comment_status":"closed","ping_status":"closed","template":"","meta":[],"acf":[],"yoast_head":"<!-- This site is optimized with the Yoast SEO plugin v17.8 - https:\/\/yoast.com\/wordpress\/plugins\/seo\/ -->\n<title>Hyatt Regency Lisboa - UIP<\/title>\n<meta name=\"robots\" content=\"index, follow, max-snippet:-1, max-image-preview:large, max-video-preview:-1\" \/>\n<link rel=\"canonical\" href=\"https:\/\/uip.pt\/pt-pt\/hoteis-e-resorts\/hyatt-regency-lisboa\/\" \/>\n<meta property=\"og:locale\" content=\"pt_PT\" \/>\n<meta property=\"og:type\" content=\"article\" \/>\n<meta property=\"og:title\" content=\"Hyatt Regency Lisboa - UIP\" \/>\n<meta property=\"og:description\" content=\"[vc_section css=&#8221;.vc_custom_1568315773601{padding-top: 60px !important;padding-bottom: 45px !important;}&#8221;][vc_row css=&#8221;.vc_custom_1567796671489{background-color: #ffffff !important;}&#8221;][vc_column css=&#8221;.vc_custom_1519362639897{margin-top: 0px !important;padding-top: 0px !important;}&#8221;][vc_custom_heading text=&#8221;Hotel&#8221; font_container=&#8221;tag:h2|font_size:35px|text_align:center|line_height:42px&#8221; use_theme_fonts=&#8221;yes&#8221; css=&#8221;.vc_custom_1568127189013{margin-top: 10px !important;margin-bottom: 0px !important;padding-top: 0px !important;padding-bottom: 0px !important;}&#8221;][vc_single_image image=&#8221;10367&#8243; img_size=&#8221;full&#8221; alignment=&#8221;center&#8221; css=&#8221;.vc_custom_1568114726106{margin-top: 15px !important;margin-bottom: 0px !important;padding-top: 0px !important;padding-bottom: 0px !important;}&#8221;][vc_row_inner css=&#8221;.vc_custom_1568315786219{padding-top: 40px !important;}&#8221;][vc_column_inner offset=&#8221;vc_col-lg-6 vc_col-md-6 vc_col-xs-12&#8243; css=&#8221;.vc_custom_1568043535762{padding-bottom: 5% !important;}&#8221;][vc_column_text css=&#8221;.vc_custom_1640022355378{padding-right: 3% !important;}&#8221;] O Hyatt Regency Lisboa \u00e9 [&hellip;]\" \/>\n<meta property=\"og:url\" content=\"https:\/\/uip.pt\/pt-pt\/hoteis-e-resorts\/hyatt-regency-lisboa\/\" \/>\n<meta property=\"og:site_name\" content=\"UIP\" \/>\n<meta property=\"article:modified_time\" content=\"2022-05-05T13:27:34+00:00\" \/>\n<meta property=\"og:image\" content=\"https:\/\/uip.pt\/wp-content\/uploads\/2020\/09\/UIP-job-offer.jpg\" \/>\n\t<meta property=\"og:image:width\" content=\"1920\" \/>\n\t<meta property=\"og:image:height\" content=\"1080\" \/>\n<meta name=\"twitter:card\" content=\"summary_large_image\" \/>\n<meta name=\"twitter:label1\" content=\"Tempo estimado de leitura\" \/>\n\t<meta name=\"twitter:data1\" content=\"3 minutos\" \/>\n<script type=\"application\/ld+json\" class=\"yoast-schema-graph\">{\"@context\":\"https:\/\/schema.org\",\"@graph\":[{\"@type\":\"WebSite\",\"@id\":\"https:\/\/uip.pt\/#website\",\"url\":\"https:\/\/uip.pt\/\",\"name\":\"UIP\",\"description\":\"\",\"potentialAction\":[{\"@type\":\"SearchAction\",\"target\":{\"@type\":\"EntryPoint\",\"urlTemplate\":\"https:\/\/uip.pt\/?s={search_term_string}\"},\"query-input\":\"required name=search_term_string\"}],\"inLanguage\":\"pt-PT\"},{\"@type\":\"WebPage\",\"@id\":\"https:\/\/uip.pt\/pt-pt\/hoteis-e-resorts\/hyatt-regency-lisboa\/#webpage\",\"url\":\"https:\/\/uip.pt\/pt-pt\/hoteis-e-resorts\/hyatt-regency-lisboa\/\",\"name\":\"Hyatt Regency Lisboa - UIP\",\"isPartOf\":{\"@id\":\"https:\/\/uip.pt\/#website\"},\"datePublished\":\"2019-06-13T17:27:12+00:00\",\"dateModified\":\"2022-05-05T13:27:34+00:00\",\"breadcrumb\":{\"@id\":\"https:\/\/uip.pt\/pt-pt\/hoteis-e-resorts\/hyatt-regency-lisboa\/#breadcrumb\"},\"inLanguage\":\"pt-PT\",\"potentialAction\":[{\"@type\":\"ReadAction\",\"target\":[\"https:\/\/uip.pt\/pt-pt\/hoteis-e-resorts\/hyatt-regency-lisboa\/\"]}]},{\"@type\":\"BreadcrumbList\",\"@id\":\"https:\/\/uip.pt\/pt-pt\/hoteis-e-resorts\/hyatt-regency-lisboa\/#breadcrumb\",\"itemListElement\":[{\"@type\":\"ListItem\",\"position\":1,\"name\":\"Home\",\"item\":\"https:\/\/uip.pt\/pt-pt\/\"},{\"@type\":\"ListItem\",\"position\":2,\"name\":\"Hot\\u00e9is e Resorts\",\"item\":\"https:\/\/uip.pt\/pt-pt\/hoteis-e-resorts\/\"},{\"@type\":\"ListItem\",\"position\":3,\"name\":\"Hyatt Regency Lisboa\"}]}]}<\/script>\n<!-- \/ Yoast SEO plugin. -->","yoast_head_json":{"title":"Hyatt Regency Lisboa - UIP","robots":{"index":"index","follow":"follow","max-snippet":"max-snippet:-1","max-image-preview":"max-image-preview:large","max-video-preview":"max-video-preview:-1"},"canonical":"https:\/\/uip.pt\/pt-pt\/hoteis-e-resorts\/hyatt-regency-lisboa\/","og_locale":"pt_PT","og_type":"article","og_title":"Hyatt Regency Lisboa - UIP","og_description":"[vc_section css=&#8221;.vc_custom_1568315773601{padding-top: 60px !important;padding-bottom: 45px !important;}&#8221;][vc_row css=&#8221;.vc_custom_1567796671489{background-color: #ffffff !important;}&#8221;][vc_column css=&#8221;.vc_custom_1519362639897{margin-top: 0px !important;padding-top: 0px !important;}&#8221;][vc_custom_heading text=&#8221;Hotel&#8221; font_container=&#8221;tag:h2|font_size:35px|text_align:center|line_height:42px&#8221; use_theme_fonts=&#8221;yes&#8221; css=&#8221;.vc_custom_1568127189013{margin-top: 10px !important;margin-bottom: 0px !important;padding-top: 0px !important;padding-bottom: 0px !important;}&#8221;][vc_single_image image=&#8221;10367&#8243; img_size=&#8221;full&#8221; alignment=&#8221;center&#8221; css=&#8221;.vc_custom_1568114726106{margin-top: 15px !important;margin-bottom: 0px !important;padding-top: 0px !important;padding-bottom: 0px !important;}&#8221;][vc_row_inner css=&#8221;.vc_custom_1568315786219{padding-top: 40px !important;}&#8221;][vc_column_inner offset=&#8221;vc_col-lg-6 vc_col-md-6 vc_col-xs-12&#8243; css=&#8221;.vc_custom_1568043535762{padding-bottom: 5% !important;}&#8221;][vc_column_text css=&#8221;.vc_custom_1640022355378{padding-right: 3% !important;}&#8221;] O Hyatt Regency Lisboa \u00e9 [&hellip;]","og_url":"https:\/\/uip.pt\/pt-pt\/hoteis-e-resorts\/hyatt-regency-lisboa\/","og_site_name":"UIP","article_modified_time":"2022-05-05T13:27:34+00:00","og_image":[{"width":1920,"height":1080,"url":"https:\/\/uip.pt\/wp-content\/uploads\/2020\/09\/UIP-job-offer.jpg","type":"image\/jpeg"}],"twitter_card":"summary_large_image","twitter_misc":{"Tempo estimado de leitura":"3 minutos"},"schema":{"@context":"https:\/\/schema.org","@graph":[{"@type":"WebSite","@id":"https:\/\/uip.pt\/#website","url":"https:\/\/uip.pt\/","name":"UIP","description":"","potentialAction":[{"@type":"SearchAction","target":{"@type":"EntryPoint","urlTemplate":"https:\/\/uip.pt\/?s={search_term_string}"},"query-input":"required name=search_term_string"}],"inLanguage":"pt-PT"},{"@type":"WebPage","@id":"https:\/\/uip.pt\/pt-pt\/hoteis-e-resorts\/hyatt-regency-lisboa\/#webpage","url":"https:\/\/uip.pt\/pt-pt\/hoteis-e-resorts\/hyatt-regency-lisboa\/","name":"Hyatt Regency Lisboa - UIP","isPartOf":{"@id":"https:\/\/uip.pt\/#website"},"datePublished":"2019-06-13T17:27:12+00:00","dateModified":"2022-05-05T13:27:34+00:00","breadcrumb":{"@id":"https:\/\/uip.pt\/pt-pt\/hoteis-e-resorts\/hyatt-regency-lisboa\/#breadcrumb"},"inLanguage":"pt-PT","potentialAction":[{"@type":"ReadAction","target":["https:\/\/uip.pt\/pt-pt\/hoteis-e-resorts\/hyatt-regency-lisboa\/"]}]},{"@type":"BreadcrumbList","@id":"https:\/\/uip.pt\/pt-pt\/hoteis-e-resorts\/hyatt-regency-lisboa\/#breadcrumb","itemListElement":[{"@type":"ListItem","position":1,"name":"Home","item":"https:\/\/uip.pt\/pt-pt\/"},{"@type":"ListItem","position":2,"name":"Hot\u00e9is e Resorts","item":"https:\/\/uip.pt\/pt-pt\/hoteis-e-resorts\/"},{"@type":"ListItem","position":3,"name":"Hyatt Regency Lisboa"}]}]}},"_links":{"self":[{"href":"https:\/\/uip.pt\/pt-pt\/wp-json\/wp\/v2\/pages\/11784"}],"collection":[{"href":"https:\/\/uip.pt\/pt-pt\/wp-json\/wp\/v2\/pages"}],"about":[{"href":"https:\/\/uip.pt\/pt-pt\/wp-json\/wp\/v2\/types\/page"}],"author":[{"embeddable":true,"href":"https:\/\/uip.pt\/pt-pt\/wp-json\/wp\/v2\/users\/1"}],"replies":[{"embeddable":true,"href":"https:\/\/uip.pt\/pt-pt\/wp-json\/wp\/v2\/comments?post=11784"}],"version-history":[{"count":16,"href":"https:\/\/uip.pt\/pt-pt\/wp-json\/wp\/v2\/pages\/11784\/revisions"}],"predecessor-version":[{"id":22308,"href":"https:\/\/uip.pt\/pt-pt\/wp-json\/wp\/v2\/pages\/11784\/revisions\/22308"}],"up":[{"embeddable":true,"href":"https:\/\/uip.pt\/pt-pt\/wp-json\/wp\/v2\/pages\/11783"}],"wp:attachment":[{"href":"https:\/\/uip.pt\/pt-pt\/wp-json\/wp\/v2\/media?parent=11784"}],"curies":[{"name":"wp","href":"https:\/\/api.w.org\/{rel}","templated":true}]}}