{"id":11783,"date":"2019-06-12T14:00:24","date_gmt":"2019-06-12T14:00:24","guid":{"rendered":"https:\/\/uip.pt\/hotelandresorts\/"},"modified":"2021-12-21T16:09:36","modified_gmt":"2021-12-21T16:09:36","slug":"hoteis-e-resorts","status":"publish","type":"page","link":"https:\/\/uip.pt\/pt-pt\/hoteis-e-resorts\/","title":{"rendered":"Hot\u00e9is e Resorts"},"content":{"rendered":"<p>[vc_section full_width=&#8221;stretch_row&#8221; css=&#8221;.vc_custom_1568286549116{padding-top: 50px !important;}&#8221;][vc_row full_width=&#8221;stretch_row&#8221; css=&#8221;.vc_custom_1568125491590{margin-top: 0px !important;margin-bottom: 0px !important;padding-bottom: 65px !important;background-color: #ffffff !important;}&#8221;][vc_column css=&#8221;.vc_custom_1523598921112{margin-top: 0px !important;margin-bottom: 0px !important;padding-top: 10px !important;padding-bottom: 0px !important;}&#8221;][vc_row_inner][vc_column_inner width=&#8221;5\/6&#8243; offset=&#8221;vc_col-lg-offset-2 vc_col-lg-8 vc_col-md-offset-2 vc_col-md-8 vc_col-sm-offset-1 vc_col-xs-12&#8243;][vc_custom_heading text=&#8221;Propriedades UIP&#8221; font_container=&#8221;tag:h2|font_size:35px|text_align:center|line_height:42px&#8221; use_theme_fonts=&#8221;yes&#8221; css=&#8221;.vc_custom_1568125734425{margin-top: 10px !important;margin-bottom: 0px !important;padding-top: 0px !important;padding-bottom: 0px !important;}&#8221;][vc_single_image image=&#8221;10367&#8243; img_size=&#8221;full&#8221; alignment=&#8221;center&#8221; css=&#8221;.vc_custom_1568114525910{margin-top: 15px !important;margin-bottom: 0px !important;padding-top: 0px !important;padding-bottom: 0px !important;}&#8221;][vc_column_text css=&#8221;.vc_custom_1640020096187{padding-top: 15px !important;}&#8221;]<\/p>\n<p class=\"p1\" style=\"text-align: center;\"><span class=\"s1\">A UIP \u00e9 detentora de v\u00e1rias propriedades em Portugal e est\u00e1 representada na administra\u00e7\u00e3o da marca YOTEL.<br \/>\nO seu portef\u00f3lio \u00e9 composto por v\u00e1rias marcas de renome internacional na \u00e1rea da hotelaria.<\/span><\/p>\n<p>[\/vc_column_text][\/vc_column_inner][\/vc_row_inner][vc_row_inner gap=&#8221;30&#8243; css=&#8221;.vc_custom_1568054431881{margin-top: 0px !important;margin-bottom: 0px !important;padding-top: 15px !important;padding-bottom: 0px !important;}&#8221;][vc_column_inner el_class=&#8221;box-hover-text&#8221; width=&#8221;1\/2&#8243; css=&#8221;.vc_custom_1568054750280{border-top-width: 1px !important;border-right-width: 1px !important;border-bottom-width: 1px !important;border-left-width: 1px !important;padding-top: 0px !important;padding-right: 0px !important;padding-bottom: 0px !important;padding-left: 0px !important;border-left-color: #eaeaea !important;border-left-style: solid !important;border-right-color: #eaeaea !important;border-right-style: solid !important;border-top-color: #eaeaea !important;border-top-style: solid !important;border-bottom-color: #eaeaea !important;border-bottom-style: solid !important;}&#8221; offset=&#8221;vc_col-lg-offset-0 vc_col-lg-4 vc_col-md-offset-0 vc_col-md-4 vc_col-sm-offset-3 vc_col-xs-12&#8243;][vc_single_image image=&#8221;11322&#8243; img_size=&#8221;full&#8221; css=&#8221;.vc_custom_1567101206552{margin-bottom: 0px !important;padding-bottom: 25px !important;}&#8221;][vc_custom_heading text=&#8221;Pine Cliffs Resort&#8221; font_container=&#8221;tag:h3|font_size:18px|text_align:center|color:%23414042|line_height:23px&#8221; use_theme_fonts=&#8221;yes&#8221; css=&#8221;.vc_custom_1568372047592{margin-top: 0px !important;margin-bottom: 0px !important;padding-top: 0px !important;padding-bottom: 8px !important;}&#8221; link=&#8221;url:%2Fpt-pt%2Fhoteis-e-resorts%2Fpine-cliffs-resort%2F|title:Pine%20Cliffs%20Resort||&#8221;][vc_column_text css=&#8221;.vc_custom_1568372079895{margin-top: 0px !important;margin-right: 23px !important;margin-bottom: 0px !important;margin-left: 23px !important;padding-top: 0px !important;padding-bottom: 0px !important;}&#8221;]<\/p>\n<p class=\"p1\" style=\"text-align: center;\"><span class=\"s1\">O primeiro projeto do grupo: um dos resorts de luxo mais prestigiados da Europa.<\/span><\/p>\n<p>[\/vc_column_text]\r<!-- rt-button2 -->\r<div class=\"rt-button2 element-two hover-style-one ex8351c05739ff6e4  \"  data-button-direction=\"center\" data-button-fullwidth=\"false\" ><a style=\" color: #d2ab67; font-size: 12px;\" class=\"rt-button2-main  vc_custom_1568372103805\" href=\"\/pt-pt\/hoteis-e-resorts\/pine-cliffs-resort\/\"  title=\"Pine Cliffs Resort\" target=\"_self\"><div class=\"overlay\"><\/div><div class=\"placeholder\">MAIS INFORMA\u00c7\u00d5ES<\/div><\/a><\/div>\r<!-- rt-button2 -->\r[\/vc_column_inner][vc_column_inner el_class=&#8221;box-hover-text&#8221; width=&#8221;1\/2&#8243; css=&#8221;.vc_custom_1568054758134{border-top-width: 1px !important;border-right-width: 1px !important;border-bottom-width: 1px !important;border-left-width: 1px !important;padding-top: 0px !important;padding-right: 0px !important;padding-bottom: 0px !important;padding-left: 0px !important;border-left-color: #eaeaea !important;border-left-style: solid !important;border-right-color: #eaeaea !important;border-right-style: solid !important;border-top-color: #eaeaea !important;border-top-style: solid !important;border-bottom-color: #eaeaea !important;border-bottom-style: solid !important;}&#8221; offset=&#8221;vc_col-lg-offset-0 vc_col-lg-4 vc_col-md-offset-0 vc_col-md-4 vc_col-sm-offset-3 vc_col-xs-12&#8243;][vc_single_image image=&#8221;11320&#8243; img_size=&#8221;full&#8221; css=&#8221;.vc_custom_1567101181762{margin-bottom: 0px !important;padding-bottom: 25px !important;}&#8221;][vc_custom_heading text=&#8221;Sheraton Cascais Resort&#8221; font_container=&#8221;tag:h3|font_size:18px|text_align:center|color:%23414042|line_height:23px&#8221; use_theme_fonts=&#8221;yes&#8221; css=&#8221;.vc_custom_1568372070402{margin-top: 0px !important;margin-bottom: 0px !important;padding-top: 0px !important;padding-bottom: 8px !important;}&#8221; link=&#8221;url:%2Fhotels-and-resorts%2Fsheraton-cascais-resort%2F|title:Sheraton%20Cascais%20Resort||&#8221;][vc_column_text css=&#8221;.vc_custom_1568372086733{margin-top: 0px !important;margin-right: 23px !important;margin-bottom: 0px !important;margin-left: 23px !important;padding-top: 0px !important;padding-bottom: 0px !important;}&#8221;]<\/p>\n<p class=\"p1\" style=\"text-align: center;\"><span class=\"s1\">Situado no cora\u00e7\u00e3o da Quinta da Marinha, a zona mais exclusiva da vila de Cascais.<\/span><\/p>\n<p>[\/vc_column_text]\r<!-- rt-button2 -->\r<div class=\"rt-button2 element-two hover-style-one exe2fa98a3c535fcb  \"  data-button-direction=\"center\" data-button-fullwidth=\"false\" ><a style=\" color: #d2ab67; font-size: 12px;\" class=\"rt-button2-main  vc_custom_1568372115552\" href=\"\/pt-pt\/hoteis-e-resorts\/sheraton-cascais-resort\/\"  title=\"Sheraton Cascais Resort\" target=\"_self\"><div class=\"overlay\"><\/div><div class=\"placeholder\">MAIS INFORMA\u00c7\u00d5ES<\/div><\/a><\/div>\r<!-- rt-button2 -->\r[\/vc_column_inner][vc_column_inner el_class=&#8221;box-hover-text&#8221; width=&#8221;1\/2&#8243; css=&#8221;.vc_custom_1568054767224{border-top-width: 1px !important;border-right-width: 1px !important;border-bottom-width: 1px !important;border-left-width: 1px !important;padding-top: 0px !important;padding-right: 0px !important;padding-bottom: 0px !important;padding-left: 0px !important;border-left-color: #eaeaea !important;border-left-style: solid !important;border-right-color: #eaeaea !important;border-right-style: solid !important;border-top-color: #eaeaea !important;border-top-style: solid !important;border-bottom-color: #eaeaea !important;border-bottom-style: solid !important;}&#8221; offset=&#8221;vc_col-lg-offset-0 vc_col-lg-4 vc_col-md-offset-0 vc_col-md-4 vc_col-sm-offset-3 vc_col-xs-12&#8243;][vc_single_image image=&#8221;11318&#8243; img_size=&#8221;full&#8221; css=&#8221;.vc_custom_1567101159962{margin-bottom: 0px !important;padding-bottom: 25px !important;}&#8221;][vc_custom_heading text=&#8221;Hyatt Regency Lisboa&#8221; font_container=&#8221;tag:h3|font_size:18px|text_align:center|color:%23414042|line_height:23px&#8221; use_theme_fonts=&#8221;yes&#8221; css=&#8221;.vc_custom_1568372065392{margin-top: 0px !important;margin-bottom: 0px !important;padding-top: 0px !important;padding-bottom: 8px !important;}&#8221; link=&#8221;url:%2Fpt-pt%2Fhoteis-e-resorts%2Fhyatt-regency-lisboa%2F|title:Hyatt%20Regency%20Lisboa||&#8221;][vc_column_text css=&#8221;.vc_custom_1568372091718{margin-top: 0px !important;margin-right: 23px !important;margin-bottom: 0px !important;margin-left: 23px !important;padding-top: 0px !important;padding-bottom: 0px !important;}&#8221;]<\/p>\n<p class=\"p1\" style=\"text-align: center;\"><span class=\"s1\">A primeira abertura da marca em Portugal tem uma localiza\u00e7\u00e3o privilegiada para o rio Tejo.<\/span><\/p>\n<p>[\/vc_column_text]\r<!-- rt-button2 -->\r<div class=\"rt-button2 element-two hover-style-one exe3fbea35aa32fef  \"  data-button-direction=\"center\" data-button-fullwidth=\"false\" ><a style=\" color: #d2ab67; font-size: 12px;\" class=\"rt-button2-main  vc_custom_1568372133054\" href=\"\/pt-pt\/hoteis-e-resorts\/hyatt-regency-lisboa\/\"  title=\"Hyatt Regency Lisboa\" target=\"_self\"><div class=\"overlay\"><\/div><div class=\"placeholder\">MAIS INFORMA\u00c7\u00d5ES<\/div><\/a><\/div>\r<!-- rt-button2 -->\r[\/vc_column_inner][\/vc_row_inner][vc_row_inner gap=&#8221;30&#8243; css=&#8221;.vc_custom_1568125008487{margin-top: 0px !important;margin-bottom: 0px !important;padding-top: 0px !important;padding-bottom: 0px !important;}&#8221;][vc_column_inner el_class=&#8221;box-hover-text&#8221; width=&#8221;1\/3&#8243; css=&#8221;.vc_custom_1572892681506{border-top-width: 1px !important;border-right-width: 1px !important;border-bottom-width: 1px !important;border-left-width: 1px !important;padding-top: 0px !important;padding-right: 0px !important;padding-bottom: 0px !important;padding-left: 0px !important;border-left-color: #eaeaea !important;border-left-style: solid !important;border-right-color: #eaeaea !important;border-right-style: solid !important;border-top-color: #eaeaea !important;border-top-style: solid !important;border-bottom-color: #eaeaea !important;border-bottom-style: solid !important;}&#8221; offset=&#8221;vc_col-lg-4 vc_col-md-4 vc_col-xs-12&#8243;][vc_single_image image=&#8221;19663&#8243; img_size=&#8221;full&#8221; alignment=&#8221;center&#8221;][vc_custom_heading text=&#8221;YOTEL&#8221; font_container=&#8221;tag:h3|font_size:18px|text_align:center|color:%23414042|line_height:23px&#8221; use_theme_fonts=&#8221;yes&#8221; css=&#8221;.vc_custom_1573669994181{margin-top: 0px !important;margin-bottom: 0px !important;padding-top: 0px !important;padding-bottom: 8px !important;}&#8221; link=&#8221;url:%2Fpt-pt%2Fhoteis-e-resorts%2Fyotel%2F|title:Yotel||&#8221;][vc_column_text css=&#8221;.vc_custom_1573670132176{margin-top: 0px !important;margin-right: 23px !important;margin-bottom: 0px !important;margin-left: 23px !important;padding-top: 0px !important;padding-bottom: 0px !important;}&#8221;]<\/p>\n<p class=\"p1\" style=\"text-align: center;\">O primeiro YOTEL da Pen\u00ednsula Ib\u00e9rica, bem no cora\u00e7\u00e3o da invicta.<\/p>\n<p>[\/vc_column_text]\r<!-- rt-button2 -->\r<div class=\"rt-button2 element-two hover-style-one ex311f3c38aaafa12  \"  data-button-direction=\"center\" data-button-fullwidth=\"false\" ><a style=\" color: #d2ab67; font-size: 12px;\" class=\"rt-button2-main  vc_custom_1573669982182\" href=\"\/pt-pt\/hoteis-e-resorts\/yotel\/\"  title=\"YOTEL\" target=\"_self\"><div class=\"overlay\"><\/div><div class=\"placeholder\">MAIS INFORMA\u00c7\u00d5ES<\/div><\/a><\/div>\r<!-- rt-button2 -->\r[\/vc_column_inner][vc_column_inner el_class=&#8221;box-hover-text&#8221; width=&#8221;1\/3&#8243; css=&#8221;.vc_custom_1573235839654{border-top-width: 1px !important;border-right-width: 1px !important;border-bottom-width: 1px !important;border-left-width: 1px !important;padding-top: 0px !important;padding-right: 0px !important;padding-bottom: 0px !important;padding-left: 0px !important;border-left-color: #eaeaea !important;border-left-style: solid !important;border-right-color: #eaeaea !important;border-right-style: solid !important;border-top-color: #eaeaea !important;border-top-style: solid !important;border-bottom-color: #eaeaea !important;border-bottom-style: solid !important;}&#8221;][vc_single_image image=&#8221;12968&#8243; img_size=&#8221;full&#8221; alignment=&#8221;center&#8221;][vc_custom_heading text=&#8221;Quinta Marques Gomes&#8221; font_container=&#8221;tag:h3|font_size:18px|text_align:center|color:%23414042|line_height:23px&#8221; use_theme_fonts=&#8221;yes&#8221; css=&#8221;.vc_custom_1573669962127{margin-top: 0px !important;margin-bottom: 0px !important;padding-top: 0px !important;padding-bottom: 8px !important;}&#8221; link=&#8221;url:http%3A%2F%2Fuip.pt%2Fpt-pt%2Fhoteis-e-resorts%2Fquinta-marques-gomes|title:Quinta%20Marques%20Gomes||&#8221;][vc_column_text css=&#8221;.vc_custom_1573670197171{margin-top: 0px !important;margin-right: 23px !important;margin-bottom: 0px !important;margin-left: 23px !important;padding-top: 0px !important;padding-bottom: 0px !important;}&#8221;]<\/p>\n<p class=\"p1\" style=\"text-align: center;\"><span class=\"s1\">Um projeto de luxo, com vista privilegiada para a foz do Rio Douro.<\/span><\/p>\n<p>[\/vc_column_text][vc_empty_space height=&#8221;5px&#8221;]\r<!-- rt-button2 -->\r<div class=\"rt-button2 element-two hover-style-one ex91ee1b01c8e64de  \"  data-button-direction=\"center\" data-button-fullwidth=\"false\" ><a style=\" color: #d2ab67; font-size: 12px;\" class=\"rt-button2-main  vc_custom_1573669927464\" href=\"http:\/\/uip.pt\/pt-pt\/hoteis-e-resorts\/quinta-marques-gomes\"  title=\"Quinta Marques gomes\" target=\"_self\"><div class=\"overlay\"><\/div><div class=\"placeholder\">MAIS INFORMA\u00c7\u00d5ES<\/div><\/a><\/div>\r<!-- rt-button2 -->\r[\/vc_column_inner][vc_column_inner el_class=&#8221;box-hover-text&#8221; width=&#8221;1\/3&#8243; css=&#8221;.vc_custom_1568124972947{border-top-width: 1px !important;border-right-width: 1px !important;border-bottom-width: 1px !important;border-left-width: 1px !important;padding-top: 0px !important;padding-right: 0px !important;padding-bottom: 0px !important;padding-left: 0px !important;border-left-color: #eaeaea !important;border-left-style: solid !important;border-right-color: #eaeaea !important;border-right-style: solid !important;border-top-color: #eaeaea !important;border-top-style: solid !important;border-bottom-color: #eaeaea !important;border-bottom-style: solid !important;}&#8221; offset=&#8221;vc_col-lg-4 vc_col-md-offset-0 vc_col-md-4 vc_col-sm-offset-3 vc_col-xs-12&#8243;][vc_single_image image=&#8221;11406&#8243; img_size=&#8221;full&#8221; alignment=&#8221;center&#8221;][vc_custom_heading text=&#8221;Vale do Freixo&#8221; font_container=&#8221;tag:h3|font_size:18px|text_align:center|color:%23414042|line_height:23px&#8221; use_theme_fonts=&#8221;yes&#8221; css=&#8221;.vc_custom_1568372159095{margin-top: 0px !important;margin-bottom: 0px !important;padding-top: 0px !important;padding-bottom: 8px !important;}&#8221; link=&#8221;url:%2Fpt-pt%2Fhoteis-e-resorts%2Fvale-do-freixo%2F|title:Vale%20do%20Freixo||&#8221;][vc_column_text css=&#8221;.vc_custom_1573670361213{margin-top: 0px !important;margin-right: 23px !important;margin-bottom: 0px !important;margin-left: 23px !important;padding-top: 0px !important;padding-bottom: 0px !important;}&#8221;]<\/p>\n<p class=\"p1\" style=\"text-align: center;\"><span class=\"s1\">Natureza em estado puro, na Serra de Loul\u00e9.<\/span><\/p>\n<p>[\/vc_column_text][vc_empty_space height=&#8221;25px&#8221;]\r<!-- rt-button2 -->\r<div class=\"rt-button2 element-two hover-style-one ex345abded37b90a9  \"  data-button-direction=\"center\" data-button-fullwidth=\"false\" ><a style=\" color: #d2ab67; font-size: 12px;\" class=\"rt-button2-main  vc_custom_1568372182551\" href=\"\/pt-pt\/hoteis-e-resorts\/vale-do-freixo\/\"  title=\"Vale do Freixo\" target=\"_self\"><div class=\"overlay\"><\/div><div class=\"placeholder\">MAIS INFORMA\u00c7\u00d5ES<\/div><\/a><\/div>\r<!-- rt-button2 -->\r[\/vc_column_inner][\/vc_row_inner][\/vc_column][\/vc_row][\/vc_section]<\/p>\n","protected":false},"excerpt":{"rendered":"<p>[vc_section full_width=&#8221;stretch_row&#8221; css=&#8221;.vc_custom_1568286549116{padding-top: 50px !important;}&#8221;][vc_row full_width=&#8221;stretch_row&#8221; css=&#8221;.vc_custom_1568125491590{margin-top: 0px !important;margin-bottom: 0px !important;padding-bottom: 65px !important;background-color: #ffffff !important;}&#8221;][vc_column css=&#8221;.vc_custom_1523598921112{margin-top: 0px !important;margin-bottom: 0px !important;padding-top: 10px !important;padding-bottom: 0px !important;}&#8221;][vc_row_inner][vc_column_inner width=&#8221;5\/6&#8243; offset=&#8221;vc_col-lg-offset-2 vc_col-lg-8 vc_col-md-offset-2 vc_col-md-8 vc_col-sm-offset-1 vc_col-xs-12&#8243;][vc_custom_heading text=&#8221;Propriedades UIP&#8221; font_container=&#8221;tag:h2|font_size:35px|text_align:center|line_height:42px&#8221; use_theme_fonts=&#8221;yes&#8221; css=&#8221;.vc_custom_1568125734425{margin-top: 10px !important;margin-bottom: 0px !important;padding-top: 0px !important;padding-bottom: 0px !important;}&#8221;][vc_single_image image=&#8221;10367&#8243; img_size=&#8221;full&#8221; alignment=&#8221;center&#8221; css=&#8221;.vc_custom_1568114525910{margin-top: 15px !important;margin-bottom: 0px !important;padding-top: 0px !important;padding-bottom: 0px [&hellip;]<\/p>\n","protected":false},"author":1,"featured_media":0,"parent":0,"menu_order":0,"comment_status":"closed","ping_status":"closed","template":"","meta":[],"acf":[],"yoast_head":"<!-- This site is optimized with the Yoast SEO plugin v17.8 - https:\/\/yoast.com\/wordpress\/plugins\/seo\/ -->\n<title>Hot\u00e9is e Resorts - UIP<\/title>\n<meta name=\"robots\" content=\"index, follow, max-snippet:-1, max-image-preview:large, max-video-preview:-1\" \/>\n<link rel=\"canonical\" href=\"https:\/\/uip.pt\/pt-pt\/hoteis-e-resorts\/\" \/>\n<meta property=\"og:locale\" content=\"pt_PT\" \/>\n<meta property=\"og:type\" content=\"article\" \/>\n<meta property=\"og:title\" content=\"Hot\u00e9is e Resorts - UIP\" \/>\n<meta property=\"og:description\" content=\"[vc_section full_width=&#8221;stretch_row&#8221; css=&#8221;.vc_custom_1568286549116{padding-top: 50px !important;}&#8221;][vc_row full_width=&#8221;stretch_row&#8221; css=&#8221;.vc_custom_1568125491590{margin-top: 0px !important;margin-bottom: 0px !important;padding-bottom: 65px !important;background-color: #ffffff !important;}&#8221;][vc_column css=&#8221;.vc_custom_1523598921112{margin-top: 0px !important;margin-bottom: 0px !important;padding-top: 10px !important;padding-bottom: 0px !important;}&#8221;][vc_row_inner][vc_column_inner width=&#8221;5\/6&#8243; offset=&#8221;vc_col-lg-offset-2 vc_col-lg-8 vc_col-md-offset-2 vc_col-md-8 vc_col-sm-offset-1 vc_col-xs-12&#8243;][vc_custom_heading text=&#8221;Propriedades UIP&#8221; font_container=&#8221;tag:h2|font_size:35px|text_align:center|line_height:42px&#8221; use_theme_fonts=&#8221;yes&#8221; css=&#8221;.vc_custom_1568125734425{margin-top: 10px !important;margin-bottom: 0px !important;padding-top: 0px !important;padding-bottom: 0px !important;}&#8221;][vc_single_image image=&#8221;10367&#8243; img_size=&#8221;full&#8221; alignment=&#8221;center&#8221; css=&#8221;.vc_custom_1568114525910{margin-top: 15px !important;margin-bottom: 0px !important;padding-top: 0px !important;padding-bottom: 0px [&hellip;]\" \/>\n<meta property=\"og:url\" content=\"https:\/\/uip.pt\/pt-pt\/hoteis-e-resorts\/\" \/>\n<meta property=\"og:site_name\" content=\"UIP\" \/>\n<meta property=\"article:modified_time\" content=\"2021-12-21T16:09:36+00:00\" \/>\n<meta property=\"og:image\" content=\"https:\/\/uip.pt\/wp-content\/uploads\/2020\/09\/UIP-job-offer.jpg\" \/>\n\t<meta property=\"og:image:width\" content=\"1920\" \/>\n\t<meta property=\"og:image:height\" content=\"1080\" \/>\n<meta name=\"twitter:card\" content=\"summary_large_image\" \/>\n<meta name=\"twitter:label1\" content=\"Tempo estimado de leitura\" \/>\n\t<meta name=\"twitter:data1\" content=\"8 minutos\" \/>\n<script type=\"application\/ld+json\" class=\"yoast-schema-graph\">{\"@context\":\"https:\/\/schema.org\",\"@graph\":[{\"@type\":\"WebSite\",\"@id\":\"https:\/\/uip.pt\/#website\",\"url\":\"https:\/\/uip.pt\/\",\"name\":\"UIP\",\"description\":\"\",\"potentialAction\":[{\"@type\":\"SearchAction\",\"target\":{\"@type\":\"EntryPoint\",\"urlTemplate\":\"https:\/\/uip.pt\/?s={search_term_string}\"},\"query-input\":\"required name=search_term_string\"}],\"inLanguage\":\"pt-PT\"},{\"@type\":\"WebPage\",\"@id\":\"https:\/\/uip.pt\/pt-pt\/hoteis-e-resorts\/#webpage\",\"url\":\"https:\/\/uip.pt\/pt-pt\/hoteis-e-resorts\/\",\"name\":\"Hot\\u00e9is e Resorts - UIP\",\"isPartOf\":{\"@id\":\"https:\/\/uip.pt\/#website\"},\"datePublished\":\"2019-06-12T14:00:24+00:00\",\"dateModified\":\"2021-12-21T16:09:36+00:00\",\"breadcrumb\":{\"@id\":\"https:\/\/uip.pt\/pt-pt\/hoteis-e-resorts\/#breadcrumb\"},\"inLanguage\":\"pt-PT\",\"potentialAction\":[{\"@type\":\"ReadAction\",\"target\":[\"https:\/\/uip.pt\/pt-pt\/hoteis-e-resorts\/\"]}]},{\"@type\":\"BreadcrumbList\",\"@id\":\"https:\/\/uip.pt\/pt-pt\/hoteis-e-resorts\/#breadcrumb\",\"itemListElement\":[{\"@type\":\"ListItem\",\"position\":1,\"name\":\"Home\",\"item\":\"https:\/\/uip.pt\/pt-pt\/\"},{\"@type\":\"ListItem\",\"position\":2,\"name\":\"Hot\\u00e9is e Resorts\"}]}]}<\/script>\n<!-- \/ Yoast SEO plugin. -->","yoast_head_json":{"title":"Hot\u00e9is e Resorts - UIP","robots":{"index":"index","follow":"follow","max-snippet":"max-snippet:-1","max-image-preview":"max-image-preview:large","max-video-preview":"max-video-preview:-1"},"canonical":"https:\/\/uip.pt\/pt-pt\/hoteis-e-resorts\/","og_locale":"pt_PT","og_type":"article","og_title":"Hot\u00e9is e Resorts - UIP","og_description":"[vc_section full_width=&#8221;stretch_row&#8221; css=&#8221;.vc_custom_1568286549116{padding-top: 50px !important;}&#8221;][vc_row full_width=&#8221;stretch_row&#8221; css=&#8221;.vc_custom_1568125491590{margin-top: 0px !important;margin-bottom: 0px !important;padding-bottom: 65px !important;background-color: #ffffff !important;}&#8221;][vc_column css=&#8221;.vc_custom_1523598921112{margin-top: 0px !important;margin-bottom: 0px !important;padding-top: 10px !important;padding-bottom: 0px !important;}&#8221;][vc_row_inner][vc_column_inner width=&#8221;5\/6&#8243; offset=&#8221;vc_col-lg-offset-2 vc_col-lg-8 vc_col-md-offset-2 vc_col-md-8 vc_col-sm-offset-1 vc_col-xs-12&#8243;][vc_custom_heading text=&#8221;Propriedades UIP&#8221; font_container=&#8221;tag:h2|font_size:35px|text_align:center|line_height:42px&#8221; use_theme_fonts=&#8221;yes&#8221; css=&#8221;.vc_custom_1568125734425{margin-top: 10px !important;margin-bottom: 0px !important;padding-top: 0px !important;padding-bottom: 0px !important;}&#8221;][vc_single_image image=&#8221;10367&#8243; img_size=&#8221;full&#8221; alignment=&#8221;center&#8221; css=&#8221;.vc_custom_1568114525910{margin-top: 15px !important;margin-bottom: 0px !important;padding-top: 0px !important;padding-bottom: 0px [&hellip;]","og_url":"https:\/\/uip.pt\/pt-pt\/hoteis-e-resorts\/","og_site_name":"UIP","article_modified_time":"2021-12-21T16:09:36+00:00","og_image":[{"width":1920,"height":1080,"url":"https:\/\/uip.pt\/wp-content\/uploads\/2020\/09\/UIP-job-offer.jpg","type":"image\/jpeg"}],"twitter_card":"summary_large_image","twitter_misc":{"Tempo estimado de leitura":"8 minutos"},"schema":{"@context":"https:\/\/schema.org","@graph":[{"@type":"WebSite","@id":"https:\/\/uip.pt\/#website","url":"https:\/\/uip.pt\/","name":"UIP","description":"","potentialAction":[{"@type":"SearchAction","target":{"@type":"EntryPoint","urlTemplate":"https:\/\/uip.pt\/?s={search_term_string}"},"query-input":"required name=search_term_string"}],"inLanguage":"pt-PT"},{"@type":"WebPage","@id":"https:\/\/uip.pt\/pt-pt\/hoteis-e-resorts\/#webpage","url":"https:\/\/uip.pt\/pt-pt\/hoteis-e-resorts\/","name":"Hot\u00e9is e Resorts - UIP","isPartOf":{"@id":"https:\/\/uip.pt\/#website"},"datePublished":"2019-06-12T14:00:24+00:00","dateModified":"2021-12-21T16:09:36+00:00","breadcrumb":{"@id":"https:\/\/uip.pt\/pt-pt\/hoteis-e-resorts\/#breadcrumb"},"inLanguage":"pt-PT","potentialAction":[{"@type":"ReadAction","target":["https:\/\/uip.pt\/pt-pt\/hoteis-e-resorts\/"]}]},{"@type":"BreadcrumbList","@id":"https:\/\/uip.pt\/pt-pt\/hoteis-e-resorts\/#breadcrumb","itemListElement":[{"@type":"ListItem","position":1,"name":"Home","item":"https:\/\/uip.pt\/pt-pt\/"},{"@type":"ListItem","position":2,"name":"Hot\u00e9is e Resorts"}]}]}},"_links":{"self":[{"href":"https:\/\/uip.pt\/pt-pt\/wp-json\/wp\/v2\/pages\/11783"}],"collection":[{"href":"https:\/\/uip.pt\/pt-pt\/wp-json\/wp\/v2\/pages"}],"about":[{"href":"https:\/\/uip.pt\/pt-pt\/wp-json\/wp\/v2\/types\/page"}],"author":[{"embeddable":true,"href":"https:\/\/uip.pt\/pt-pt\/wp-json\/wp\/v2\/users\/1"}],"replies":[{"embeddable":true,"href":"https:\/\/uip.pt\/pt-pt\/wp-json\/wp\/v2\/comments?post=11783"}],"version-history":[{"count":24,"href":"https:\/\/uip.pt\/pt-pt\/wp-json\/wp\/v2\/pages\/11783\/revisions"}],"predecessor-version":[{"id":19665,"href":"https:\/\/uip.pt\/pt-pt\/wp-json\/wp\/v2\/pages\/11783\/revisions\/19665"}],"wp:attachment":[{"href":"https:\/\/uip.pt\/pt-pt\/wp-json\/wp\/v2\/media?parent=11783"}],"curies":[{"name":"wp","href":"https:\/\/api.w.org\/{rel}","templated":true}]}}