{"id":11782,"date":"2019-06-12T09:42:58","date_gmt":"2019-06-12T09:42:58","guid":{"rendered":"https:\/\/uip.pt\/investments\/"},"modified":"2021-12-20T17:03:55","modified_gmt":"2021-12-20T17:03:55","slug":"investimentos","status":"publish","type":"page","link":"https:\/\/uip.pt\/pt-pt\/investimentos\/","title":{"rendered":"Investimentos"},"content":{"rendered":"<p>[vc_section css=&#8221;.vc_custom_1568298695245{padding-top: 65px !important;padding-bottom: 45px !important;}&#8221;][vc_row css=&#8221;.vc_custom_1568131559187{background-color: #ffffff !important;}&#8221;][vc_column css=&#8221;.vc_custom_1568115859213{margin-top: 0px !important;padding-top: 0px !important;}&#8221;][vc_row_inner][vc_column_inner offset=&#8221;vc_col-lg-offset-2 vc_col-lg-8 vc_col-md-offset-2 vc_col-md-8 vc_col-xs-12&#8243;][vc_custom_heading text=&#8221;As Nossas \u00c1reas de Investimento&#8221; font_container=&#8221;tag:h5|text_align:center|color:%23414042|line_height:26px&#8221; use_theme_fonts=&#8221;yes&#8221; css=&#8221;.vc_custom_1572272251506{margin-top: 10px !important;}&#8221;][vc_column_text css=&#8221;.vc_custom_1572272241920{margin-bottom: 15px !important;padding-top: 15px !important;}&#8221;]<\/p>\n<p class=\"p1\" style=\"text-align: center;\"><span class=\"s1\">A UIP avalia proativamente oportunidades de neg\u00f3cio nos setores imobili\u00e1rio, hoteleiro e de sa\u00fade e bem-estar \u00e0 escala mundial, criando alian\u00e7as estrat\u00e9gicas mediante os projetos em curso ou a desenvolver.<\/span><\/p>\n<p>[\/vc_column_text][vc_single_image image=&#8221;10367&#8243; img_size=&#8221;full&#8221; alignment=&#8221;center&#8221; css=&#8221;.vc_custom_1572272278686{margin-top: 0px !important;margin-bottom: 0px !important;padding-top: 0px !important;padding-bottom: 0px !important;}&#8221;][\/vc_column_inner][\/vc_row_inner][vc_row_inner css=&#8221;.vc_custom_1568044145787{padding-top: 55px !important;}&#8221;][vc_column_inner offset=&#8221;vc_col-lg-6 vc_col-md-6 vc_col-xs-12&#8243;][vc_custom_heading text=&#8221;Al-Bahar Investment Group&#8221; font_container=&#8221;tag:h2|text_align:left|color:%23414042|line_height:36px&#8221; use_theme_fonts=&#8221;yes&#8221; css=&#8221;.vc_custom_1568232298553{padding-right: 3% !important;}&#8221;][vc_empty_space height=&#8221;35px&#8221;][vc_column_text css=&#8221;.vc_custom_1640019110796{padding-right: 3% !important;}&#8221;]<\/p>\n<p class=\"p1\">A UIP \u00e9 membro do Al-Bahar Investment Group.<\/p>\n<p>&nbsp;<\/p>\n<p class=\"p1\"><span class=\"s1\">Como um nome l\u00edder no desenvolvimento de uma oferta mista integrada no turismo, resorts tur\u00edsticos e servi\u00e7os de lazer de luxo, o Al-Bahar Investment Group tem uma perspetiva verdadeiramente global, com presen\u00e7a internacional.<\/span><\/p>\n<p>&nbsp;<\/p>\n<p class=\"p1\"><span class=\"s1\">Tendo como mote \u201cViver \u00e0 la carte\u201d, o Al-Bahar Investment Group oferece uma escolha ilimitada de produtos de cinco estrelas em todo o mundo.<\/span><\/p>\n<p>[\/vc_column_text][\/vc_column_inner][vc_column_inner offset=&#8221;vc_col-lg-6 vc_col-md-6 vc_col-xs-12&#8243;][vc_single_image image=&#8221;12705&#8243; img_size=&#8221;full&#8221; alignment=&#8221;center&#8221;][\/vc_column_inner][\/vc_row_inner][\/vc_column][\/vc_row][\/vc_section][vc_section full_width=&#8221;stretch_row&#8221; css=&#8221;.vc_custom_1568303607040{padding-top: 80px !important;padding-bottom: 40px !important;background-color: #f9f9f9 !important;}&#8221;][vc_row][vc_column css=&#8221;.vc_custom_1568122847432{margin-top: 0px !important;padding-top: 0px !important;}&#8221; offset=&#8221;vc_col-lg-6 vc_col-md-6 vc_col-xs-12&#8243;][vc_custom_heading text=&#8221;YOTEL&#8221; font_container=&#8221;tag:h2|text_align:left|color:%23414042|line_height:36px&#8221; use_theme_fonts=&#8221;yes&#8221; css=&#8221;.vc_custom_1568232308175{padding-right: 3% !important;}&#8221;][vc_empty_space height=&#8221;35px&#8221;][vc_column_text css=&#8221;.vc_custom_1640019811670{padding-right: 3% !important;}&#8221;]<\/p>\n<p class=\"p1\"><span class=\"s1\">A UIP possui participa\u00e7\u00e3o na marca YOTEL e, na figura de Carlos Leal, diretor geral da United Investments Portugal, faz parte da administra\u00e7\u00e3o da cadeia hoteleira internacional. A UIP comp\u00f5e o grupo de acionistas que det\u00eam uma posi\u00e7\u00e3o maiorit\u00e1ria das marcas: Talal Jassim Al-Bahar Family Office, Starwood Capital Group, United Investments Portugal e Kuwait Real Estate Company (AQARAT). Al\u00e9m disso \u00e9 ainda s\u00f3cia maiorit\u00e1ria do YOTEL Nova Iorque e <em>shareholder<\/em> do primeiro <em>franchise<\/em> da marca: YOTEL Porto.<\/span><\/p>\n<p>&nbsp;<\/p>\n<p class=\"p1\"><span class=\"s1\">Inspirada pela luxuosa primeira classe da avia\u00e7\u00e3o e com um <em>design<\/em> descomprometido, a YOTEL junta elementos essenciais dos hot\u00e9is de luxo a uma escala mais pequena, em espa\u00e7os mais inteligentes, oferecendo um ambiente de comunidade, com \u00e1reas de <em>co-working<\/em>, encontros sociais e exerc\u00edcio.<\/span><\/p>\n<p>&nbsp;<\/p>\n<p class=\"p1\"><span class=\"s1\">A YOTEL foi criada pelo fundador do YO!, Simon Woodroffe OBE, que se inspirou na primeira classe dos avi\u00f5es, e traduziu a linguagem do luxo das companhias a\u00e9reas at\u00e9 uma pequena mas luxuosa cabine.<br \/>A marca prev\u00ea a expans\u00e3o do grupo de ano para ano, entre YOTEL city, YOTEL PAD e YOTEL Air.<\/span><\/p>\n<p>[\/vc_column_text][\/vc_column][vc_column offset=&#8221;vc_col-lg-6 vc_col-md-6 vc_col-xs-12&#8243;][vc_single_image image=&#8221;11502&#8243; img_size=&#8221;full&#8221; alignment=&#8221;center&#8221;][\/vc_column][\/vc_row][\/vc_section]<\/p>\n","protected":false},"excerpt":{"rendered":"<p>[vc_section css=&#8221;.vc_custom_1568298695245{padding-top: 65px !important;padding-bottom: 45px !important;}&#8221;][vc_row css=&#8221;.vc_custom_1568131559187{background-color: #ffffff !important;}&#8221;][vc_column css=&#8221;.vc_custom_1568115859213{margin-top: 0px !important;padding-top: 0px !important;}&#8221;][vc_row_inner][vc_column_inner offset=&#8221;vc_col-lg-offset-2 vc_col-lg-8 vc_col-md-offset-2 vc_col-md-8 vc_col-xs-12&#8243;][vc_custom_heading text=&#8221;As Nossas \u00c1reas de Investimento&#8221; font_container=&#8221;tag:h5|text_align:center|color:%23414042|line_height:26px&#8221; use_theme_fonts=&#8221;yes&#8221; css=&#8221;.vc_custom_1572272251506{margin-top: 10px !important;}&#8221;][vc_column_text css=&#8221;.vc_custom_1572272241920{margin-bottom: 15px !important;padding-top: 15px !important;}&#8221;] A UIP avalia proativamente oportunidades de neg\u00f3cio nos setores imobili\u00e1rio, hoteleiro e de sa\u00fade e bem-estar \u00e0 escala mundial, criando alian\u00e7as [&hellip;]<\/p>\n","protected":false},"author":1,"featured_media":0,"parent":0,"menu_order":0,"comment_status":"closed","ping_status":"closed","template":"","meta":[],"acf":[],"yoast_head":"<!-- This site is optimized with the Yoast SEO plugin v17.8 - https:\/\/yoast.com\/wordpress\/plugins\/seo\/ -->\n<title>Investimentos - UIP<\/title>\n<meta name=\"robots\" content=\"index, follow, max-snippet:-1, max-image-preview:large, max-video-preview:-1\" \/>\n<link rel=\"canonical\" href=\"https:\/\/uip.pt\/pt-pt\/investimentos\/\" \/>\n<meta property=\"og:locale\" content=\"pt_PT\" \/>\n<meta property=\"og:type\" content=\"article\" \/>\n<meta property=\"og:title\" content=\"Investimentos - UIP\" \/>\n<meta property=\"og:description\" content=\"[vc_section css=&#8221;.vc_custom_1568298695245{padding-top: 65px !important;padding-bottom: 45px !important;}&#8221;][vc_row css=&#8221;.vc_custom_1568131559187{background-color: #ffffff !important;}&#8221;][vc_column css=&#8221;.vc_custom_1568115859213{margin-top: 0px !important;padding-top: 0px !important;}&#8221;][vc_row_inner][vc_column_inner offset=&#8221;vc_col-lg-offset-2 vc_col-lg-8 vc_col-md-offset-2 vc_col-md-8 vc_col-xs-12&#8243;][vc_custom_heading text=&#8221;As Nossas \u00c1reas de Investimento&#8221; font_container=&#8221;tag:h5|text_align:center|color:%23414042|line_height:26px&#8221; use_theme_fonts=&#8221;yes&#8221; css=&#8221;.vc_custom_1572272251506{margin-top: 10px !important;}&#8221;][vc_column_text css=&#8221;.vc_custom_1572272241920{margin-bottom: 15px !important;padding-top: 15px !important;}&#8221;] A UIP avalia proativamente oportunidades de neg\u00f3cio nos setores imobili\u00e1rio, hoteleiro e de sa\u00fade e bem-estar \u00e0 escala mundial, criando alian\u00e7as [&hellip;]\" \/>\n<meta property=\"og:url\" content=\"https:\/\/uip.pt\/pt-pt\/investimentos\/\" \/>\n<meta property=\"og:site_name\" content=\"UIP\" \/>\n<meta property=\"article:modified_time\" content=\"2021-12-20T17:03:55+00:00\" \/>\n<meta property=\"og:image\" content=\"https:\/\/uip.pt\/wp-content\/uploads\/2020\/09\/UIP-job-offer.jpg\" \/>\n\t<meta property=\"og:image:width\" content=\"1920\" \/>\n\t<meta property=\"og:image:height\" content=\"1080\" \/>\n<meta name=\"twitter:card\" content=\"summary_large_image\" \/>\n<meta name=\"twitter:label1\" content=\"Tempo estimado de leitura\" \/>\n\t<meta name=\"twitter:data1\" content=\"3 minutos\" \/>\n<script type=\"application\/ld+json\" class=\"yoast-schema-graph\">{\"@context\":\"https:\/\/schema.org\",\"@graph\":[{\"@type\":\"WebSite\",\"@id\":\"https:\/\/uip.pt\/#website\",\"url\":\"https:\/\/uip.pt\/\",\"name\":\"UIP\",\"description\":\"\",\"potentialAction\":[{\"@type\":\"SearchAction\",\"target\":{\"@type\":\"EntryPoint\",\"urlTemplate\":\"https:\/\/uip.pt\/?s={search_term_string}\"},\"query-input\":\"required name=search_term_string\"}],\"inLanguage\":\"pt-PT\"},{\"@type\":\"WebPage\",\"@id\":\"https:\/\/uip.pt\/pt-pt\/investimentos\/#webpage\",\"url\":\"https:\/\/uip.pt\/pt-pt\/investimentos\/\",\"name\":\"Investimentos - UIP\",\"isPartOf\":{\"@id\":\"https:\/\/uip.pt\/#website\"},\"datePublished\":\"2019-06-12T09:42:58+00:00\",\"dateModified\":\"2021-12-20T17:03:55+00:00\",\"breadcrumb\":{\"@id\":\"https:\/\/uip.pt\/pt-pt\/investimentos\/#breadcrumb\"},\"inLanguage\":\"pt-PT\",\"potentialAction\":[{\"@type\":\"ReadAction\",\"target\":[\"https:\/\/uip.pt\/pt-pt\/investimentos\/\"]}]},{\"@type\":\"BreadcrumbList\",\"@id\":\"https:\/\/uip.pt\/pt-pt\/investimentos\/#breadcrumb\",\"itemListElement\":[{\"@type\":\"ListItem\",\"position\":1,\"name\":\"Home\",\"item\":\"https:\/\/uip.pt\/pt-pt\/\"},{\"@type\":\"ListItem\",\"position\":2,\"name\":\"Investimentos\"}]}]}<\/script>\n<!-- \/ Yoast SEO plugin. -->","yoast_head_json":{"title":"Investimentos - UIP","robots":{"index":"index","follow":"follow","max-snippet":"max-snippet:-1","max-image-preview":"max-image-preview:large","max-video-preview":"max-video-preview:-1"},"canonical":"https:\/\/uip.pt\/pt-pt\/investimentos\/","og_locale":"pt_PT","og_type":"article","og_title":"Investimentos - UIP","og_description":"[vc_section css=&#8221;.vc_custom_1568298695245{padding-top: 65px !important;padding-bottom: 45px !important;}&#8221;][vc_row css=&#8221;.vc_custom_1568131559187{background-color: #ffffff !important;}&#8221;][vc_column css=&#8221;.vc_custom_1568115859213{margin-top: 0px !important;padding-top: 0px !important;}&#8221;][vc_row_inner][vc_column_inner offset=&#8221;vc_col-lg-offset-2 vc_col-lg-8 vc_col-md-offset-2 vc_col-md-8 vc_col-xs-12&#8243;][vc_custom_heading text=&#8221;As Nossas \u00c1reas de Investimento&#8221; font_container=&#8221;tag:h5|text_align:center|color:%23414042|line_height:26px&#8221; use_theme_fonts=&#8221;yes&#8221; css=&#8221;.vc_custom_1572272251506{margin-top: 10px !important;}&#8221;][vc_column_text css=&#8221;.vc_custom_1572272241920{margin-bottom: 15px !important;padding-top: 15px !important;}&#8221;] A UIP avalia proativamente oportunidades de neg\u00f3cio nos setores imobili\u00e1rio, hoteleiro e de sa\u00fade e bem-estar \u00e0 escala mundial, criando alian\u00e7as [&hellip;]","og_url":"https:\/\/uip.pt\/pt-pt\/investimentos\/","og_site_name":"UIP","article_modified_time":"2021-12-20T17:03:55+00:00","og_image":[{"width":1920,"height":1080,"url":"https:\/\/uip.pt\/wp-content\/uploads\/2020\/09\/UIP-job-offer.jpg","type":"image\/jpeg"}],"twitter_card":"summary_large_image","twitter_misc":{"Tempo estimado de leitura":"3 minutos"},"schema":{"@context":"https:\/\/schema.org","@graph":[{"@type":"WebSite","@id":"https:\/\/uip.pt\/#website","url":"https:\/\/uip.pt\/","name":"UIP","description":"","potentialAction":[{"@type":"SearchAction","target":{"@type":"EntryPoint","urlTemplate":"https:\/\/uip.pt\/?s={search_term_string}"},"query-input":"required name=search_term_string"}],"inLanguage":"pt-PT"},{"@type":"WebPage","@id":"https:\/\/uip.pt\/pt-pt\/investimentos\/#webpage","url":"https:\/\/uip.pt\/pt-pt\/investimentos\/","name":"Investimentos - UIP","isPartOf":{"@id":"https:\/\/uip.pt\/#website"},"datePublished":"2019-06-12T09:42:58+00:00","dateModified":"2021-12-20T17:03:55+00:00","breadcrumb":{"@id":"https:\/\/uip.pt\/pt-pt\/investimentos\/#breadcrumb"},"inLanguage":"pt-PT","potentialAction":[{"@type":"ReadAction","target":["https:\/\/uip.pt\/pt-pt\/investimentos\/"]}]},{"@type":"BreadcrumbList","@id":"https:\/\/uip.pt\/pt-pt\/investimentos\/#breadcrumb","itemListElement":[{"@type":"ListItem","position":1,"name":"Home","item":"https:\/\/uip.pt\/pt-pt\/"},{"@type":"ListItem","position":2,"name":"Investimentos"}]}]}},"_links":{"self":[{"href":"https:\/\/uip.pt\/pt-pt\/wp-json\/wp\/v2\/pages\/11782"}],"collection":[{"href":"https:\/\/uip.pt\/pt-pt\/wp-json\/wp\/v2\/pages"}],"about":[{"href":"https:\/\/uip.pt\/pt-pt\/wp-json\/wp\/v2\/types\/page"}],"author":[{"embeddable":true,"href":"https:\/\/uip.pt\/pt-pt\/wp-json\/wp\/v2\/users\/1"}],"replies":[{"embeddable":true,"href":"https:\/\/uip.pt\/pt-pt\/wp-json\/wp\/v2\/comments?post=11782"}],"version-history":[{"count":24,"href":"https:\/\/uip.pt\/pt-pt\/wp-json\/wp\/v2\/pages\/11782\/revisions"}],"predecessor-version":[{"id":19575,"href":"https:\/\/uip.pt\/pt-pt\/wp-json\/wp\/v2\/pages\/11782\/revisions\/19575"}],"wp:attachment":[{"href":"https:\/\/uip.pt\/pt-pt\/wp-json\/wp\/v2\/media?parent=11782"}],"curies":[{"name":"wp","href":"https:\/\/api.w.org\/{rel}","templated":true}]}}